{"id":27331,"date":"2025-02-20T23:29:12","date_gmt":"2025-02-20T22:29:12","guid":{"rendered":"https:\/\/olemosaic.orbitalia.org\/producto\/mug-de-ceramica-panoramica-girona-beige\/"},"modified":"2025-07-25T19:51:20","modified_gmt":"2025-07-25T17:51:20","slug":"mug-en-ceramique-panoramique-gerone-beige","status":"publish","type":"product","link":"https:\/\/olemosaic.orbitalia.org\/fr\/produit\/mug-en-ceramique-panoramique-gerone-beige\/","title":{"rendered":"Mug en c\u00e9ramique. Panoramique. G\u00e9rone. Beige."},"content":{"rendered":"<p>Ce mug en c\u00e9ramique avec la vue panoramique de G\u00e9rone est un souvenir attrayant qui capture l&rsquo;essence vibrante de cette belle ville catalane. Avec un design dans les tons beige et rouge, ce mug pr\u00e9sente une illustration spectaculaire des b\u00e2timents color\u00e9s caract\u00e9ristiques de la vieille ville de G\u00e9rone, se refl\u00e9tant dans les eaux de la rivi\u00e8re Onyar. Sa forme d\u00e9licate, qui s&rsquo;adapte parfaitement \u00e0 la main, offre une exp\u00e9rience confortable pour savourer votre boisson pr\u00e9f\u00e9r\u00e9e. L&rsquo;int\u00e9rieur du mug, d&rsquo;un rouge \u00e9l\u00e9gant, souligne la chaleur du design ext\u00e9rieur.<\/p>\n<p>D\u00e9cor\u00e9 sur la partie sup\u00e9rieure avec le texte \u00ab\u00a0Girona\u00a0\u00bb, ce mug n&rsquo;est pas seulement un objet fonctionnel, mais aussi une pi\u00e8ce d\u00e9corative qui \u00e9voquera des souvenirs de cette charmante ville \u00e0 chaque utilisation. De plus, il comprend une petite cuill\u00e8re qui ajoute une touche pratique et amusante, id\u00e9ale pour remuer votre caf\u00e9 ou votre th\u00e9.<\/p>\n<p>En tant que distributeurs de souvenirs en gros, chez Ol\u00e9 Mosaic, nous proposons ce type de produits authentiques qui c\u00e9l\u00e8brent la culture locale. Ce mug en c\u00e9ramique est une excellente option pour les boutiques de cadeaux touristiques qui cherchent \u00e0 offrir \u00e0 leurs clients des souvenirs repr\u00e9sentatifs de G\u00e9rone. C&rsquo;est sans aucun doute un cadeau id\u00e9al pour ceux qui souhaitent emporter un morceau de la tradition et de la beaut\u00e9 de G\u00e9rone chez eux.<\/p>\n","protected":false},"excerpt":{"rendered":"<p>Mug en c\u00e9ramique avec une vue panoramique vibrante de G\u00e9rone dans les tons beige et rouge. Le design montre les b\u00e2timents color\u00e9s caract\u00e9ristiques de la vieille ville, refl\u00e9tant l&rsquo;essence culturelle de la ville. Le mug, qui comprend une cuill\u00e8re, est d\u00e9cor\u00e9 du nom \u00ab\u00a0Girona\u00a0\u00bb imprim\u00e9 sur le dessus. Id\u00e9al pour savourer votre boisson pr\u00e9f\u00e9r\u00e9e, il allie fonctionnalit\u00e9 et art dans un souvenir attrayant qui capture la beaut\u00e9 de G\u00e9rone.<\/p>\n","protected":false},"featured_media":7675,"template":"","meta":{"_acf_changed":false},"product_brand":[],"product_cat":[728],"product_tag":[585],"class_list":{"0":"post-27331","1":"product","2":"type-product","3":"status-publish","4":"has-post-thumbnail","6":"product_cat-mugs","7":"product_tag-ceramique","8":"pa_ciudad-girona","9":"pa_motivo-panoramas","10":"pa_pais-espana","12":"first","13":"instock","14":"shipping-taxable","15":"product-type-simple"},"acf":[],"_links":{"self":[{"href":"https:\/\/olemosaic.orbitalia.org\/fr\/wp-json\/wp\/v2\/product\/27331","targetHints":{"allow":["GET"]}}],"collection":[{"href":"https:\/\/olemosaic.orbitalia.org\/fr\/wp-json\/wp\/v2\/product"}],"about":[{"href":"https:\/\/olemosaic.orbitalia.org\/fr\/wp-json\/wp\/v2\/types\/product"}],"wp:featuredmedia":[{"embeddable":true,"href":"https:\/\/olemosaic.orbitalia.org\/fr\/wp-json\/wp\/v2\/media\/7675"}],"wp:attachment":[{"href":"https:\/\/olemosaic.orbitalia.org\/fr\/wp-json\/wp\/v2\/media?parent=27331"}],"wp:term":[{"taxonomy":"product_brand","embeddable":true,"href":"https:\/\/olemosaic.orbitalia.org\/fr\/wp-json\/wp\/v2\/product_brand?post=27331"},{"taxonomy":"product_cat","embeddable":true,"href":"https:\/\/olemosaic.orbitalia.org\/fr\/wp-json\/wp\/v2\/product_cat?post=27331"},{"taxonomy":"product_tag","embeddable":true,"href":"https:\/\/olemosaic.orbitalia.org\/fr\/wp-json\/wp\/v2\/product_tag?post=27331"}],"curies":[{"name":"wp","href":"https:\/\/api.w.org\/{rel}","templated":true}]}}