{"id":27312,"date":"2025-02-20T22:29:12","date_gmt":"2025-02-20T22:29:12","guid":{"rendered":"https:\/\/olemosaic.orbitalia.org\/producto\/taza-de-ceramica-gallos-blanco\/"},"modified":"2025-07-25T18:36:01","modified_gmt":"2025-07-25T16:36:01","slug":"mug-en-ceramique-coqs-blanc","status":"publish","type":"product","link":"https:\/\/olemosaic.orbitalia.org\/fr\/produit\/mug-en-ceramique-coqs-blanc\/","title":{"rendered":"Mug en c\u00e9ramique. Coqs. Blanc."},"content":{"rendered":"<p>Ce mug en c\u00e9ramique blanche, d\u00e9cor\u00e9 de coqs vibrants, est un v\u00e9ritable symbole du folklore portugais, con\u00e7u pour ceux qui souhaitent emporter un petit morceau de la culture lusitanienne. Avec un coq central orn\u00e9 d&rsquo;une explosion de couleurs intenses et de motifs distinctifs, tels que des c\u0153urs et des fleurs, ce mug capture la joie et le dynamisme de la tradition artisanale portugaise. Le design pr\u00e9sente un fond blanc qui fait ressortir les couleurs vives du coq, tandis que l&rsquo;int\u00e9rieur du mug est d&rsquo;un rouge \u00e9clatant qui ajoute une touche chaleureuse et accueillante, parfaite pour savourer vos boissons pr\u00e9f\u00e9r\u00e9es.<\/p>\n<p>L&rsquo;anse de ce mug a une forme stylis\u00e9e rappelant un oiseau, un d\u00e9tail esth\u00e9tique qui offre \u00e9galement une exp\u00e9rience ergonomique lors de la prise en main. Ce bel objet n&rsquo;est pas seulement fonctionnel, il sert aussi de souvenir repr\u00e9sentatif du Portugal, \u00e9voquant sa riche culture et la c\u00e9l\u00e8bre l\u00e9gende du Coq de Barcelos, symbole d&rsquo;int\u00e9grit\u00e9 et de justice. Chez Ol\u00e9 Mosaic, nous comprenons l&rsquo;importance de proposer des souvenirs qui racontent des histoires ; ce mug aux coqs est une excellente option pour les boutiques de cadeaux touristiques \u00e0 la recherche de produits authentiques et de qualit\u00e9, parfaits pour les touristes int\u00e9ress\u00e9s par la tradition et l&rsquo;art portugais. Gr\u00e2ce \u00e0 notre exp\u00e9rience en tant que grossistes de souvenirs, nous garantissons que chaque pi\u00e8ce refl\u00e8te l&rsquo;authenticit\u00e9 et la valeur culturelle qu&rsquo;elle m\u00e9rite.<\/p>\n","protected":false},"excerpt":{"rendered":"<p>Mug en c\u00e9ramique blanche d\u00e9cor\u00e9 de coqs vibrants dans le style du folklore portugais. Le design pr\u00e9sente un coq central, orn\u00e9 de couleurs intenses et de motifs distinctifs, comme des c\u0153urs et des fleurs, qui lui donnent une touche joyeuse. Le mug poss\u00e8de un int\u00e9rieur rouge brillant et une anse stylis\u00e9e en forme d&rsquo;oiseau, alliant esth\u00e9tique et fonctionnalit\u00e9 \u00e0 chaque gorg\u00e9e. Id\u00e9al pour savourer vos boissons pr\u00e9f\u00e9r\u00e9es tout en c\u00e9l\u00e9brant la culture portugaise.<\/p>\n","protected":false},"featured_media":8921,"template":"","meta":{"_acf_changed":false},"product_brand":[],"product_cat":[822],"product_tag":[530,585],"class_list":{"0":"post-27312","1":"product","2":"type-product","3":"status-publish","4":"has-post-thumbnail","6":"product_cat-mugs-fr","7":"product_tag-animaux","8":"product_tag-ceramique","9":"pa_motivo-coqs","11":"first","12":"instock","13":"shipping-taxable","14":"product-type-simple"},"acf":[],"_links":{"self":[{"href":"https:\/\/olemosaic.orbitalia.org\/fr\/wp-json\/wp\/v2\/product\/27312","targetHints":{"allow":["GET"]}}],"collection":[{"href":"https:\/\/olemosaic.orbitalia.org\/fr\/wp-json\/wp\/v2\/product"}],"about":[{"href":"https:\/\/olemosaic.orbitalia.org\/fr\/wp-json\/wp\/v2\/types\/product"}],"wp:featuredmedia":[{"embeddable":true,"href":"https:\/\/olemosaic.orbitalia.org\/fr\/wp-json\/wp\/v2\/media\/8921"}],"wp:attachment":[{"href":"https:\/\/olemosaic.orbitalia.org\/fr\/wp-json\/wp\/v2\/media?parent=27312"}],"wp:term":[{"taxonomy":"product_brand","embeddable":true,"href":"https:\/\/olemosaic.orbitalia.org\/fr\/wp-json\/wp\/v2\/product_brand?post=27312"},{"taxonomy":"product_cat","embeddable":true,"href":"https:\/\/olemosaic.orbitalia.org\/fr\/wp-json\/wp\/v2\/product_cat?post=27312"},{"taxonomy":"product_tag","embeddable":true,"href":"https:\/\/olemosaic.orbitalia.org\/fr\/wp-json\/wp\/v2\/product_tag?post=27312"}],"curies":[{"name":"wp","href":"https:\/\/api.w.org\/{rel}","templated":true}]}}