{"id":27271,"date":"2025-02-20T22:29:10","date_gmt":"2025-02-20T22:29:10","guid":{"rendered":"https:\/\/olemosaic.orbitalia.org\/producto\/libreta-de-80-hojas-salamandra-fuerteventura\/"},"modified":"2025-07-25T18:37:16","modified_gmt":"2025-07-25T16:37:16","slug":"carnet-80-feuilles-salamandre-fuerteventura","status":"publish","type":"product","link":"https:\/\/olemosaic.orbitalia.org\/fr\/produit\/carnet-80-feuilles-salamandre-fuerteventura\/","title":{"rendered":"Carnet de 80 feuilles. Salamandre. Fuerteventura."},"content":{"rendered":"<p>Ce carnet de 80 feuilles est un souvenir unique de Fuerteventura, con\u00e7u pour ceux qui appr\u00e9cient la beaut\u00e9 de la nature canarienne. Sur sa couverture, une illustration vibrante d&rsquo;une salamandre, symbole de l&rsquo;environnement naturel de l&rsquo;\u00eele, se d\u00e9tache avec des formes dynamiques dans des tons verts, rouges et bleus, entrelac\u00e9es de d\u00e9licates fleurs aux couleurs vives sur un fond noir intense. Ce design captivant en fait non seulement un objet esth\u00e9tique, mais aussi une pi\u00e8ce fonctionnelle id\u00e9ale pour noter des pens\u00e9es, des croquis ou des souvenirs de voyage.<\/p>\n<p>La fermeture \u00e9lastique rouge pratique offre s\u00e9curit\u00e9 et style, assurant que vos notes restent organis\u00e9es et prot\u00e9g\u00e9es. Chaque d\u00e9tail du carnet souligne son authenticit\u00e9 en tant que souvenir repr\u00e9sentatif de Fuerteventura, \u00e9voquant la riche biodiversit\u00e9 et la culture vibrante des \u00eeles Canaries. En choisissant ce carnet, les touristes n&rsquo;acqui\u00e8rent pas seulement un accessoire pratique, mais aussi un morceau du charme canarien qu&rsquo;ils pourront emporter partout avec eux. Chez Ol\u00e9 Mosaic, nous sommes sp\u00e9cialis\u00e9s dans la distribution de souvenirs en gros, et ce carnet salamandre est une excellente option pour les boutiques de cadeaux touristiques \u00e0 la recherche de produits authentiques avec une profonde signification culturelle. Avec son design attrayant et son utilit\u00e9, c&rsquo;est un choix parfait pour ceux qui recherchent des souvenirs de Fuerteventura qui capturent r\u00e9ellement l&rsquo;essence de l&rsquo;\u00eele.<\/p>\n","protected":false},"excerpt":{"rendered":"<p>Carnet de 80 feuilles avec une illustration color\u00e9e d&rsquo;une salamandre, inspir\u00e9e de l&rsquo;environnement naturel de Fuerteventura. Le design se distingue par ses formes vibrantes dans des tons verts, rouges et bleus, entour\u00e9es de fleurs \u00e9clatantes sur un fond noir. Ce carnet, id\u00e9al pour noter des pens\u00e9es ou des croquis, dispose d&rsquo;une fermeture \u00e9lastique rouge pratique qui s\u00e9curise son contenu. Parfait pour ceux qui souhaitent emporter avec eux un morceau du charme canarien.<\/p>\n","protected":false},"featured_media":12017,"template":"","meta":{"_acf_changed":false},"product_brand":[],"product_cat":[806],"product_tag":[530],"class_list":{"0":"post-27271","1":"product","2":"type-product","3":"status-publish","4":"has-post-thumbnail","6":"product_cat-carnets","7":"product_tag-animaux","8":"pa_ciudad-fuerteventura","9":"pa_motivo-salamandres","10":"pa_pais-espana","12":"first","13":"instock","14":"shipping-taxable","15":"product-type-simple"},"acf":[],"_links":{"self":[{"href":"https:\/\/olemosaic.orbitalia.org\/fr\/wp-json\/wp\/v2\/product\/27271","targetHints":{"allow":["GET"]}}],"collection":[{"href":"https:\/\/olemosaic.orbitalia.org\/fr\/wp-json\/wp\/v2\/product"}],"about":[{"href":"https:\/\/olemosaic.orbitalia.org\/fr\/wp-json\/wp\/v2\/types\/product"}],"wp:featuredmedia":[{"embeddable":true,"href":"https:\/\/olemosaic.orbitalia.org\/fr\/wp-json\/wp\/v2\/media\/12017"}],"wp:attachment":[{"href":"https:\/\/olemosaic.orbitalia.org\/fr\/wp-json\/wp\/v2\/media?parent=27271"}],"wp:term":[{"taxonomy":"product_brand","embeddable":true,"href":"https:\/\/olemosaic.orbitalia.org\/fr\/wp-json\/wp\/v2\/product_brand?post=27271"},{"taxonomy":"product_cat","embeddable":true,"href":"https:\/\/olemosaic.orbitalia.org\/fr\/wp-json\/wp\/v2\/product_cat?post=27271"},{"taxonomy":"product_tag","embeddable":true,"href":"https:\/\/olemosaic.orbitalia.org\/fr\/wp-json\/wp\/v2\/product_tag?post=27271"}],"curies":[{"name":"wp","href":"https:\/\/api.w.org\/{rel}","templated":true}]}}