{"id":27212,"date":"2025-02-20T22:29:06","date_gmt":"2025-02-20T22:29:06","guid":{"rendered":"https:\/\/olemosaic.orbitalia.org\/producto\/funda-de-telefono-para-xiaomi-13-tpu-mariposa-barcelona-blanco\/"},"modified":"2025-07-25T19:17:27","modified_gmt":"2025-07-25T17:17:27","slug":"coque-de-telephone-pour-xiaomi-13-tpu-papillon-barcelone-blanc","status":"publish","type":"product","link":"https:\/\/olemosaic.orbitalia.org\/fr\/produit\/coque-de-telephone-pour-xiaomi-13-tpu-papillon-barcelone-blanc\/","title":{"rendered":"Coque de t\u00e9l\u00e9phone pour Xiaomi 13 (TPU). Papillon. Barcelone. Blanc"},"content":{"rendered":"<p>Cette coque pour le Xiaomi 13 est un souvenir attrayant qui fusionne style et culture, id\u00e9al pour ceux qui souhaitent prot\u00e9ger leur appareil avec \u00e9l\u00e9gance et originalit\u00e9. Fabriqu\u00e9e en TPU de haute qualit\u00e9, la coque pr\u00e9sente un design vibrant de papillons qui \u00e9voque la beaut\u00e9 unique de Barcelone. Les papillons, avec leurs couleurs vives et leurs d\u00e9tails artistiques, semblent prendre vie sur un fond blanc qui souligne la diversit\u00e9 et la fra\u00eecheur de la faune de la ville.<\/p>\n<p>Le motif de mosa\u00efque qui orne la partie sup\u00e9rieure et les papillons rappelle les \u0153uvres embl\u00e9matiques d&rsquo;Antoni Gaud\u00ed, transformant cette coque en un hommage \u00e0 l&rsquo;architecture moderniste qui caract\u00e9rise Barcelone. Dans la partie inf\u00e9rieure, le mot \u00ab\u00a0Barcelone\u00a0\u00bb appara\u00eet dans une typographie \u00e9l\u00e9gante qui ajoute une touche contemporaine au design. Ce produit prot\u00e8ge non seulement le t\u00e9l\u00e9phone des chocs et des chutes, mais agit \u00e9galement comme un rappel d&rsquo;une ville vibrante et artistique.<\/p>\n<p>Parfaite pour les touristes \u00e0 la recherche de souvenirs ayant une r\u00e9elle valeur culturelle, cette coque est un excellent exemple de la fa\u00e7on dont la fonctionnalit\u00e9 peut \u00eatre combin\u00e9e avec l&rsquo;art. Chez Ol\u00e9 Mosaic, nous nous sp\u00e9cialisons dans la distribution de souvenirs en gros et cette coque papillon est une option id\u00e9ale pour les boutiques de cadeaux touristiques souhaitant offrir un souvenir exceptionnel et repr\u00e9sentatif de Barcelone. En tant que grossistes de produits de qualit\u00e9, nous garantissons l&rsquo;authenticit\u00e9 et l&rsquo;attrait de chacun de nos articles.<\/p>\n","protected":false},"excerpt":{"rendered":"<p>Coque pour Xiaomi 13 fabriqu\u00e9e en TPU, d\u00e9cor\u00e9e de papillons vibrants qui \u00e9voquent la beaut\u00e9 de Barcelone. Le design montre des papillons aux couleurs vives sur un fond blanc avec un motif de mosa\u00efque rappelant l&rsquo;\u0153uvre de Gaud\u00ed. Dans la partie inf\u00e9rieure, le mot \u00ab\u00a0Barcelone\u00a0\u00bb se distingue par une typographie \u00e9l\u00e9gante, offrant une touche moderne et unique. Id\u00e9al pour ceux qui cherchent \u00e0 prot\u00e9ger leur t\u00e9l\u00e9phone avec style et une touche culturelle.<\/p>\n","protected":false},"featured_media":12671,"template":"","meta":{"_acf_changed":false},"product_brand":[],"product_cat":[674],"product_tag":[530],"class_list":{"0":"post-27212","1":"product","2":"type-product","3":"status-publish","4":"has-post-thumbnail","6":"product_cat-etuis-pour-telephones-portables","7":"product_tag-animaux","8":"pa_ciudad-barcelona","9":"pa_motivo-papillons","10":"pa_pais-espana","12":"first","13":"instock","14":"shipping-taxable","15":"product-type-simple"},"acf":[],"_links":{"self":[{"href":"https:\/\/olemosaic.orbitalia.org\/fr\/wp-json\/wp\/v2\/product\/27212","targetHints":{"allow":["GET"]}}],"collection":[{"href":"https:\/\/olemosaic.orbitalia.org\/fr\/wp-json\/wp\/v2\/product"}],"about":[{"href":"https:\/\/olemosaic.orbitalia.org\/fr\/wp-json\/wp\/v2\/types\/product"}],"wp:featuredmedia":[{"embeddable":true,"href":"https:\/\/olemosaic.orbitalia.org\/fr\/wp-json\/wp\/v2\/media\/12671"}],"wp:attachment":[{"href":"https:\/\/olemosaic.orbitalia.org\/fr\/wp-json\/wp\/v2\/media?parent=27212"}],"wp:term":[{"taxonomy":"product_brand","embeddable":true,"href":"https:\/\/olemosaic.orbitalia.org\/fr\/wp-json\/wp\/v2\/product_brand?post=27212"},{"taxonomy":"product_cat","embeddable":true,"href":"https:\/\/olemosaic.orbitalia.org\/fr\/wp-json\/wp\/v2\/product_cat?post=27212"},{"taxonomy":"product_tag","embeddable":true,"href":"https:\/\/olemosaic.orbitalia.org\/fr\/wp-json\/wp\/v2\/product_tag?post=27212"}],"curies":[{"name":"wp","href":"https:\/\/api.w.org\/{rel}","templated":true}]}}