{"id":27197,"date":"2025-02-20T23:29:06","date_gmt":"2025-02-20T22:29:06","guid":{"rendered":"https:\/\/olemosaic.orbitalia.org\/producto\/funda-de-telefono-para-samsung-a54-tpu-panoramica-barcelona-azul-2\/"},"modified":"2025-07-25T19:28:32","modified_gmt":"2025-07-25T17:28:32","slug":"coque-de-telephone-pour-samsung-a54-tpu-panoramique-barcelone-bleu-2","status":"publish","type":"product","link":"https:\/\/olemosaic.orbitalia.org\/fr\/produit\/coque-de-telephone-pour-samsung-a54-tpu-panoramique-barcelone-bleu-2\/","title":{"rendered":"Coque de t\u00e9l\u00e9phone pour Samsung A54 (TPU). Panoramique. Sagrada Familia. Barcelone. Bleu"},"content":{"rendered":"<p>Cette coque pour le t\u00e9l\u00e9phone Samsung A54 est un souvenir vibrant et fonctionnel qui capture l&rsquo;essence de Barcelone. Fabriqu\u00e9e en TPU, elle combine r\u00e9sistance et flexibilit\u00e9, offrant une excellente protection contre les chocs et les rayures. Son design panoramique met en avant l&#8217;embl\u00e9matique Sagrada Familia, l&rsquo;un des chefs-d&rsquo;\u0153uvre d&rsquo;Antoni Gaud\u00ed, avec ses tours inimitables s&rsquo;\u00e9levant majestueusement sur un paysage ensoleill\u00e9 et color\u00e9.<\/p>\n<p>Les tons bleus pr\u00e9dominants \u00e9voquent le ciel m\u00e9diterran\u00e9en sous lequel s&rsquo;\u00e9tend la ville, tandis que des \u00e9l\u00e9ments d\u00e9coratifs tels que des palmiers et des oiseaux en plein vol ajoutent du dynamisme \u00e0 la sc\u00e8ne. L&rsquo;inscription \u00ab\u00a0Barcelona\u00a0\u00bb appara\u00eet dans des couleurs vives, apportant un style moderne et attrayant qui rehausse la beaut\u00e9 du design. Cette coque ne prot\u00e8ge pas seulement votre appareil, elle vous permet \u00e9galement d&#8217;emporter avec vous un morceau de la riche culture et de l&rsquo;ambiance vibrante de la cit\u00e9 comtale.<\/p>\n<p>Chez Ol\u00e9 Mosaic, nous nous sp\u00e9cialisons dans la distribution de souvenirs en gros, offrant des produits qui repr\u00e9sentent authentiquement la diversit\u00e9 de l&rsquo;Espagne. Cette coque est un choix id\u00e9al pour les boutiques de cadeaux touristiques recherchant des articles distinctifs et de qualit\u00e9. Un excellent souvenir pour les touristes qui souhaitent emporter un morceau de Barcelone partout o\u00f9 ils vont.<\/p>\n","protected":false},"excerpt":{"rendered":"<p>Coque pour Samsung A54 en TPU, d\u00e9cor\u00e9e d&rsquo;une vue panoramique vibrante de Barcelone. Son design met en avant l&#8217;embl\u00e9matique Sagrada Familia, entour\u00e9e d&rsquo;un paysage color\u00e9 et ensoleill\u00e9, avec des tons bleus pr\u00e9dominants \u00e9voquant le ciel m\u00e9diterran\u00e9en. Des \u00e9l\u00e9ments distinctifs tels que des palmiers et des oiseaux se combinent pour cr\u00e9er une sc\u00e8ne joyeuse et dynamique, tandis que le mot \u00ab\u00a0Barcelona\u00a0\u00bb dans des couleurs vives ajoute une touche moderne \u00e0 ce souvenir pratique.<\/p>\n","protected":false},"featured_media":12586,"template":"","meta":{"_acf_changed":false},"product_brand":[],"product_cat":[674],"product_tag":[],"class_list":{"0":"post-27197","1":"product","2":"type-product","3":"status-publish","4":"has-post-thumbnail","6":"product_cat-etuis-pour-telephones-portables","7":"pa_ciudad-barcelona","8":"pa_motivo-panoramas","9":"pa_pais-espana","11":"first","12":"instock","13":"shipping-taxable","14":"product-type-simple"},"acf":[],"_links":{"self":[{"href":"https:\/\/olemosaic.orbitalia.org\/fr\/wp-json\/wp\/v2\/product\/27197","targetHints":{"allow":["GET"]}}],"collection":[{"href":"https:\/\/olemosaic.orbitalia.org\/fr\/wp-json\/wp\/v2\/product"}],"about":[{"href":"https:\/\/olemosaic.orbitalia.org\/fr\/wp-json\/wp\/v2\/types\/product"}],"wp:featuredmedia":[{"embeddable":true,"href":"https:\/\/olemosaic.orbitalia.org\/fr\/wp-json\/wp\/v2\/media\/12586"}],"wp:attachment":[{"href":"https:\/\/olemosaic.orbitalia.org\/fr\/wp-json\/wp\/v2\/media?parent=27197"}],"wp:term":[{"taxonomy":"product_brand","embeddable":true,"href":"https:\/\/olemosaic.orbitalia.org\/fr\/wp-json\/wp\/v2\/product_brand?post=27197"},{"taxonomy":"product_cat","embeddable":true,"href":"https:\/\/olemosaic.orbitalia.org\/fr\/wp-json\/wp\/v2\/product_cat?post=27197"},{"taxonomy":"product_tag","embeddable":true,"href":"https:\/\/olemosaic.orbitalia.org\/fr\/wp-json\/wp\/v2\/product_tag?post=27197"}],"curies":[{"name":"wp","href":"https:\/\/api.w.org\/{rel}","templated":true}]}}