{"id":27188,"date":"2025-02-20T22:29:05","date_gmt":"2025-02-20T22:29:05","guid":{"rendered":"https:\/\/olemosaic.orbitalia.org\/producto\/funda-de-telefono-para-samsung-a54-tpu-panoramica-barcelona-azul\/"},"modified":"2025-07-25T19:44:09","modified_gmt":"2025-07-25T17:44:09","slug":"coque-de-telephone-pour-samsung-a54-tpu-panoramique-barcelone-bleu","status":"publish","type":"product","link":"https:\/\/olemosaic.orbitalia.org\/fr\/produit\/coque-de-telephone-pour-samsung-a54-tpu-panoramique-barcelone-bleu\/","title":{"rendered":"Coque de t\u00e9l\u00e9phone pour Samsung A54 (TPU). Panoramique. Barcelone. Bleu"},"content":{"rendered":"<p>Cette coque pour t\u00e9l\u00e9phone Samsung A54 est l&rsquo;accessoire id\u00e9al pour ceux qui veulent emporter un morceau de la vibrante Barcelone dans leur quotidien. Fabriqu\u00e9e en TPU de haute qualit\u00e9, elle offre une protection efficace contre les chocs et les chutes, tout en se distinguant par son design frais et moderne. La coque pr\u00e9sente une vue panoramique color\u00e9e de Barcelone, o\u00f9 les b\u00e2timents embl\u00e9matiques de la ville se dressent dans des tons bleus et des d\u00e9tails brillants \u00e9voquant la c\u00e9l\u00e8bre mosa\u00efque du Parc G\u00fcell. Le mot \u00ab\u00a0Barcelona\u00a0\u00bb est int\u00e9gr\u00e9 artistiquement dans la composition, ajoutant une touche distinctive qui souligne l&rsquo;essence culturelle de la capitale catalane.<\/p>\n<p>Le fond bleu doux compl\u00e8te merveilleusement les \u00e9l\u00e9ments architecturaux embl\u00e9matiques, tels que la Sagrada Familia et le Parc G\u00fcell, transformant cette coque en une repr\u00e9sentation visuelle unique du riche h\u00e9ritage artistique de la ville. Ce souvenir, au-del\u00e0 d&rsquo;\u00eatre un simple accessoire, est un rappel constant de la beaut\u00e9 et de la vie vibrante de Barcelone, ce qui en fait une excellente option pour les touristes \u00e0 la recherche de quelque chose d&rsquo;authentique et de repr\u00e9sentatif. Chez Ol\u00e9 Mosaic, nous nous sp\u00e9cialisons dans la distribution de souvenirs en gros, et cette coque est un choix irr\u00e9sistible pour les boutiques de cadeaux touristiques souhaitant proposer des produits uniques, fonctionnels et culturellement significatifs.<\/p>\n","protected":false},"excerpt":{"rendered":"<p>Coque pour t\u00e9l\u00e9phone Samsung A54 en TPU, avec une vue panoramique vibrante de Barcelone dans des tons bleus. Ce design met en avant les silhouettes embl\u00e9matiques de la ville, incluant des b\u00e2timents c\u00e9l\u00e8bres et des d\u00e9tails color\u00e9s \u00e9voquant les mosa\u00efques du Parc G\u00fcell. Le mot \u00ab\u00a0Barcelona\u00a0\u00bb appara\u00eet de mani\u00e8re artistique et color\u00e9e, compl\u00e9tant la sc\u00e8ne. Id\u00e9ale pour ceux qui souhaitent personnaliser leur appareil avec une touche culturelle et moderne de la capitale catalane.<\/p>\n","protected":false},"featured_media":12584,"template":"","meta":{"_acf_changed":false},"product_brand":[],"product_cat":[674],"product_tag":[],"class_list":{"0":"post-27188","1":"product","2":"type-product","3":"status-publish","4":"has-post-thumbnail","6":"product_cat-etuis-pour-telephones-portables","7":"pa_ciudad-barcelona","8":"pa_motivo-panoramas","9":"pa_pais-espana","11":"first","12":"instock","13":"shipping-taxable","14":"product-type-simple"},"acf":[],"_links":{"self":[{"href":"https:\/\/olemosaic.orbitalia.org\/fr\/wp-json\/wp\/v2\/product\/27188","targetHints":{"allow":["GET"]}}],"collection":[{"href":"https:\/\/olemosaic.orbitalia.org\/fr\/wp-json\/wp\/v2\/product"}],"about":[{"href":"https:\/\/olemosaic.orbitalia.org\/fr\/wp-json\/wp\/v2\/types\/product"}],"wp:featuredmedia":[{"embeddable":true,"href":"https:\/\/olemosaic.orbitalia.org\/fr\/wp-json\/wp\/v2\/media\/12584"}],"wp:attachment":[{"href":"https:\/\/olemosaic.orbitalia.org\/fr\/wp-json\/wp\/v2\/media?parent=27188"}],"wp:term":[{"taxonomy":"product_brand","embeddable":true,"href":"https:\/\/olemosaic.orbitalia.org\/fr\/wp-json\/wp\/v2\/product_brand?post=27188"},{"taxonomy":"product_cat","embeddable":true,"href":"https:\/\/olemosaic.orbitalia.org\/fr\/wp-json\/wp\/v2\/product_cat?post=27188"},{"taxonomy":"product_tag","embeddable":true,"href":"https:\/\/olemosaic.orbitalia.org\/fr\/wp-json\/wp\/v2\/product_tag?post=27188"}],"curies":[{"name":"wp","href":"https:\/\/api.w.org\/{rel}","templated":true}]}}