{"id":27185,"date":"2025-02-20T22:29:05","date_gmt":"2025-02-20T22:29:05","guid":{"rendered":"https:\/\/olemosaic.orbitalia.org\/producto\/funda-de-telefono-para-samsung-a34-tpu-forjas-azul\/"},"modified":"2025-07-25T20:21:08","modified_gmt":"2025-07-25T18:21:08","slug":"coque-de-telephone-pour-samsung-a34-tpu-forges-bleu","status":"publish","type":"product","link":"https:\/\/olemosaic.orbitalia.org\/fr\/produit\/coque-de-telephone-pour-samsung-a34-tpu-forges-bleu\/","title":{"rendered":"Coque de t\u00e9l\u00e9phone pour Samsung A34 (TPU). Forges. Bleu"},"content":{"rendered":"<p>Cette coque pour t\u00e9l\u00e9phone Samsung A34 est un article charmant et de haute qualit\u00e9 qui allie fonctionnalit\u00e9 et esth\u00e9tique. Fabriqu\u00e9e en TPU, elle offre une durabilit\u00e9 exceptionnelle et une protection fiable contre les chutes et les rayures. Son design \u00e9l\u00e9gant d&rsquo;un bleu profond \u00e9voque la riche tradition de l&rsquo;art espagnol, tandis que le motif complexe de forge en blanc rehausse son attrait visuel. Ce motif, hommage aux anciennes techniques artisanales, rend hommage \u00e0 l&rsquo;h\u00e9ritage culturel qui d\u00e9finit tant de r\u00e9gions d&rsquo;Espagne.<\/p>\n<p>La forme ajust\u00e9e de la coque garantit qu&rsquo;elle s&rsquo;adapte parfaitement au Samsung A34, permettant un acc\u00e8s facile \u00e0 tous les boutons et ports sans compromettre la protection. Sa finition douce offre non seulement un confort au toucher, mais ajoute \u00e9galement une touche artistique qui transforme un accessoire quotidien en une pi\u00e8ce d&rsquo;expression culturelle. Ce produit est un choix id\u00e9al pour les touristes \u00e0 la recherche de souvenirs authentiques repr\u00e9sentant l&rsquo;essence de l&rsquo;Espagne, fusionnant l&rsquo;art et la fonctionnalit\u00e9.<\/p>\n<p>Chez Ol\u00e9 Mosaic, nous sommes fiers de proposer des accessoires uniques en gros qui c\u00e9l\u00e8brent la richesse du patrimoine culturel, comme cette magnifique coque. C&rsquo;est un cadeau parfait et un souvenir repr\u00e9sentatif pour ceux qui souhaitent emporter un morceau d&rsquo;Espagne avec eux, en faisant un exemplaire remarquable au sein de leur collection de souvenirs.<\/p>\n","protected":false},"excerpt":{"rendered":"<p>Coque pour t\u00e9l\u00e9phone Samsung A34, fabriqu\u00e9e en TPU avec un design \u00e9l\u00e9gant en bleu. Cette coque pr\u00e9sente un motif complexe de forge en blanc, \u00e9voquant la richesse de l&rsquo;art traditionnel espagnol. Sa forme ajust\u00e9e offre une protection fiable, tandis que la finition douce rehausse son esth\u00e9tique visuelle. Id\u00e9ale pour ceux qui recherchent un accessoire fonctionnel apportant \u00e9galement une touche artistique et culturelle \u00e0 leur appareil.<\/p>\n","protected":false},"featured_media":12568,"template":"","meta":{"_acf_changed":false},"product_brand":[],"product_cat":[674],"product_tag":[],"class_list":{"0":"post-27185","1":"product","2":"type-product","3":"status-publish","4":"has-post-thumbnail","6":"product_cat-etuis-pour-telephones-portables","7":"pa_motivo-forges","9":"first","10":"instock","11":"shipping-taxable","12":"product-type-simple"},"acf":[],"_links":{"self":[{"href":"https:\/\/olemosaic.orbitalia.org\/fr\/wp-json\/wp\/v2\/product\/27185","targetHints":{"allow":["GET"]}}],"collection":[{"href":"https:\/\/olemosaic.orbitalia.org\/fr\/wp-json\/wp\/v2\/product"}],"about":[{"href":"https:\/\/olemosaic.orbitalia.org\/fr\/wp-json\/wp\/v2\/types\/product"}],"wp:featuredmedia":[{"embeddable":true,"href":"https:\/\/olemosaic.orbitalia.org\/fr\/wp-json\/wp\/v2\/media\/12568"}],"wp:attachment":[{"href":"https:\/\/olemosaic.orbitalia.org\/fr\/wp-json\/wp\/v2\/media?parent=27185"}],"wp:term":[{"taxonomy":"product_brand","embeddable":true,"href":"https:\/\/olemosaic.orbitalia.org\/fr\/wp-json\/wp\/v2\/product_brand?post=27185"},{"taxonomy":"product_cat","embeddable":true,"href":"https:\/\/olemosaic.orbitalia.org\/fr\/wp-json\/wp\/v2\/product_cat?post=27185"},{"taxonomy":"product_tag","embeddable":true,"href":"https:\/\/olemosaic.orbitalia.org\/fr\/wp-json\/wp\/v2\/product_tag?post=27185"}],"curies":[{"name":"wp","href":"https:\/\/api.w.org\/{rel}","templated":true}]}}