{"id":27174,"date":"2025-02-20T22:29:04","date_gmt":"2025-02-20T22:29:04","guid":{"rendered":"https:\/\/olemosaic.orbitalia.org\/producto\/funda-de-telefono-para-samsung-a34-tpu-motivos-marinos-azul\/"},"modified":"2025-07-25T19:55:37","modified_gmt":"2025-07-25T17:55:37","slug":"coque-de-telephone-pour-samsung-a34-tpu-motifs-marins-bleu","status":"publish","type":"product","link":"https:\/\/olemosaic.orbitalia.org\/fr\/produit\/coque-de-telephone-pour-samsung-a34-tpu-motifs-marins-bleu\/","title":{"rendered":"Coque de t\u00e9l\u00e9phone pour Samsung A34 (TPU). Motifs marins. Bleu"},"content":{"rendered":"<p>Cette coque pour le t\u00e9l\u00e9phone Samsung A34 est un accessoire indispensable pour ceux qui cherchent \u00e0 prot\u00e9ger leur appareil sans renoncer au style. Fabriqu\u00e9e en TPU de haute qualit\u00e9, elle allie durabilit\u00e9 et design vibrant \u00e9voquant la beaut\u00e9 du monde marin. Sa surface pr\u00e9sente une mosa\u00efque color\u00e9e dans des tons bleus repr\u00e9sentant une sc\u00e8ne sous-marine pleine de vie, avec des tortues, des dauphins et des hippocampes nageant joyeusement parmi les algues et les coquillages. Chaque \u00e9l\u00e9ment est soigneusement illustr\u00e9, capturant l&rsquo;essence de l&rsquo;oc\u00e9an et offrant une touche rafra\u00eechissante et joyeuse.<\/p>\n<p>L&rsquo;utilisation de la couleur bleue dans cette coque refl\u00e8te non seulement la tranquillit\u00e9 de la mer, mais en fait \u00e9galement un excellent souvenir pour les amoureux de l&rsquo;oc\u00e9an et de la nature. Ce souvenir est id\u00e9al pour les touristes souhaitant emporter un morceau de mer chez eux, se rappelant leur voyage \u00e0 chaque utilisation du t\u00e9l\u00e9phone. Chez Ol\u00e9 Mosaic, en tant que grossistes d&rsquo;accessoires, nous garantissons que chaque coque est fonctionnelle et, en m\u00eame temps, une repr\u00e9sentation unique des merveilles du monde aquatique. Cette coque aux motifs marins est une option attrayante pour les boutiques de cadeaux touristiques, car elle allie authenticit\u00e9 et style en un seul produit.<\/p>\n","protected":false},"excerpt":{"rendered":"<p>Coque pour le Samsung A34 fabriqu\u00e9e en TPU, avec des motifs marins vibrants dans des tons bleus. Le design pr\u00e9sente une mosa\u00efque color\u00e9e \u00e9voquant la vie sous-marine, avec des tortues, des dauphins et des hippocampes entour\u00e9s d&rsquo;algues et de coquillages. Parfaite pour ceux qui recherchent protection et style, cette coque allie durabilit\u00e9 et esth\u00e9tique joyeuse et rafra\u00eechissante, id\u00e9ale pour les amoureux de l&rsquo;oc\u00e9an.<\/p>\n","protected":false},"featured_media":12563,"template":"","meta":{"_acf_changed":false},"product_brand":[],"product_cat":[674],"product_tag":[530],"class_list":{"0":"post-27174","1":"product","2":"type-product","3":"status-publish","4":"has-post-thumbnail","6":"product_cat-etuis-pour-telephones-portables","7":"product_tag-animaux","8":"pa_motivo-animaux-marins","10":"first","11":"instock","12":"shipping-taxable","13":"product-type-simple"},"acf":[],"_links":{"self":[{"href":"https:\/\/olemosaic.orbitalia.org\/fr\/wp-json\/wp\/v2\/product\/27174","targetHints":{"allow":["GET"]}}],"collection":[{"href":"https:\/\/olemosaic.orbitalia.org\/fr\/wp-json\/wp\/v2\/product"}],"about":[{"href":"https:\/\/olemosaic.orbitalia.org\/fr\/wp-json\/wp\/v2\/types\/product"}],"wp:featuredmedia":[{"embeddable":true,"href":"https:\/\/olemosaic.orbitalia.org\/fr\/wp-json\/wp\/v2\/media\/12563"}],"wp:attachment":[{"href":"https:\/\/olemosaic.orbitalia.org\/fr\/wp-json\/wp\/v2\/media?parent=27174"}],"wp:term":[{"taxonomy":"product_brand","embeddable":true,"href":"https:\/\/olemosaic.orbitalia.org\/fr\/wp-json\/wp\/v2\/product_brand?post=27174"},{"taxonomy":"product_cat","embeddable":true,"href":"https:\/\/olemosaic.orbitalia.org\/fr\/wp-json\/wp\/v2\/product_cat?post=27174"},{"taxonomy":"product_tag","embeddable":true,"href":"https:\/\/olemosaic.orbitalia.org\/fr\/wp-json\/wp\/v2\/product_tag?post=27174"}],"curies":[{"name":"wp","href":"https:\/\/api.w.org\/{rel}","templated":true}]}}