{"id":27173,"date":"2025-02-20T22:29:04","date_gmt":"2025-02-20T22:29:04","guid":{"rendered":"https:\/\/olemosaic.orbitalia.org\/producto\/funda-de-telefono-para-samsung-a34-tpu-abstracto-verde\/"},"modified":"2025-07-25T18:57:42","modified_gmt":"2025-07-25T16:57:42","slug":"coque-de-telephone-pour-samsung-a34-tpu-abstrait-vert","status":"publish","type":"product","link":"https:\/\/olemosaic.orbitalia.org\/fr\/produit\/coque-de-telephone-pour-samsung-a34-tpu-abstrait-vert\/","title":{"rendered":"Coque de t\u00e9l\u00e9phone pour Samsung A34 (TPU). Abstrait. Vert"},"content":{"rendered":"<p>Cette coque pour le t\u00e9l\u00e9phone Samsung A34 est la combinaison parfaite de style et de fonctionnalit\u00e9, id\u00e9ale pour ceux qui recherchent un accessoire moderne et vibrant. Fabriqu\u00e9e en TPU flexible, cette coque assure une excellente protection contre les chocs et les rayures, gardant votre appareil en s\u00e9curit\u00e9 tout en profitant d&rsquo;un design artistique et color\u00e9. Le motif abstrait qui l&rsquo;orne pr\u00e9sente un m\u00e9lange \u00e9l\u00e9gant de tons verts, rouges, jaunes et bleus qui s&rsquo;\u00e9coulent dans un motif ondulant, \u00e9voquant une sensation de mouvement et de vitalit\u00e9. Chaque courbe et chaque nuance de couleur s&rsquo;entrelacent pour cr\u00e9er un effet visuel captivant qui \u00e9gayera votre quotidien et soulignera votre personnalit\u00e9.<\/p>\n<p>Cette coque n&rsquo;est pas seulement un excellent accessoire pour votre t\u00e9l\u00e9phone, elle repr\u00e9sente \u00e9galement une tendance artistique contemporaine qui capte l&rsquo;essence de la modernit\u00e9. En tant que souvenir de haute qualit\u00e9, c&rsquo;est un cadeau parfait pour ceux qui souhaitent int\u00e9grer une part d&rsquo;art dans leur vie quotidienne. Chez Ol\u00e9 Mosaic, notre engagement est de proposer des produits uniques destin\u00e9s aux boutiques de cadeaux touristiques. Cette coque de t\u00e9l\u00e9phone est un choix exceptionnel pour tout \u00e9tablissement \u00e0 la recherche d&rsquo;articles attrayants et de qualit\u00e9. Avec notre distribution en gros, nous garantissons l&rsquo;authenticit\u00e9 de chaque pi\u00e8ce, assurant que chaque client reparte avec un souvenir repr\u00e9sentatif alliant style et protection.<\/p>\n","protected":false},"excerpt":{"rendered":"<p>Coque pour le t\u00e9l\u00e9phone Samsung A34, fabriqu\u00e9e en TPU avec un design abstrait et plein de couleurs vibrantes. Elle se distingue par sa combinaison \u00e9l\u00e9gante de tons verts, rouges, jaunes et bleus s&rsquo;\u00e9coulant dans un motif ondul\u00e9, apportant une touche artistique et moderne \u00e0 votre appareil. Son mat\u00e9riau flexible garantit une excellente protection contre les chocs et les rayures, assurant que votre t\u00e9l\u00e9phone soit \u00e0 la mode et prot\u00e9g\u00e9 en m\u00eame temps. Id\u00e9ale pour ceux qui recherchent un style unique et color\u00e9.<\/p>\n","protected":false},"featured_media":12561,"template":"","meta":{"_acf_changed":false},"product_brand":[],"product_cat":[674],"product_tag":[],"class_list":{"0":"post-27173","1":"product","2":"type-product","3":"status-publish","4":"has-post-thumbnail","6":"product_cat-etuis-pour-telephones-portables","7":"pa_motivo-resume","9":"first","10":"instock","11":"shipping-taxable","12":"product-type-simple"},"acf":[],"_links":{"self":[{"href":"https:\/\/olemosaic.orbitalia.org\/fr\/wp-json\/wp\/v2\/product\/27173","targetHints":{"allow":["GET"]}}],"collection":[{"href":"https:\/\/olemosaic.orbitalia.org\/fr\/wp-json\/wp\/v2\/product"}],"about":[{"href":"https:\/\/olemosaic.orbitalia.org\/fr\/wp-json\/wp\/v2\/types\/product"}],"wp:featuredmedia":[{"embeddable":true,"href":"https:\/\/olemosaic.orbitalia.org\/fr\/wp-json\/wp\/v2\/media\/12561"}],"wp:attachment":[{"href":"https:\/\/olemosaic.orbitalia.org\/fr\/wp-json\/wp\/v2\/media?parent=27173"}],"wp:term":[{"taxonomy":"product_brand","embeddable":true,"href":"https:\/\/olemosaic.orbitalia.org\/fr\/wp-json\/wp\/v2\/product_brand?post=27173"},{"taxonomy":"product_cat","embeddable":true,"href":"https:\/\/olemosaic.orbitalia.org\/fr\/wp-json\/wp\/v2\/product_cat?post=27173"},{"taxonomy":"product_tag","embeddable":true,"href":"https:\/\/olemosaic.orbitalia.org\/fr\/wp-json\/wp\/v2\/product_tag?post=27173"}],"curies":[{"name":"wp","href":"https:\/\/api.w.org\/{rel}","templated":true}]}}