{"id":27148,"date":"2025-02-20T22:29:04","date_gmt":"2025-02-20T22:29:04","guid":{"rendered":"https:\/\/olemosaic.orbitalia.org\/producto\/funda-de-telefono-para-samsung-a23-tpu-sagrada-familia\/"},"modified":"2025-07-25T18:51:27","modified_gmt":"2025-07-25T16:51:27","slug":"coque-de-telephone-pour-samsung-a23-tpu-sagrada-familia","status":"publish","type":"product","link":"https:\/\/olemosaic.orbitalia.org\/fr\/produit\/coque-de-telephone-pour-samsung-a23-tpu-sagrada-familia\/","title":{"rendered":"Coque de t\u00e9l\u00e9phone pour Samsung A23 (TPU). Sagrada Familia"},"content":{"rendered":"<p>Cette coque pour Samsung A23 est un article indispensable pour les amoureux de Barcelone et de son embl\u00e9matique Sagrada Familia. Fabriqu\u00e9e en TPU de haute qualit\u00e9, elle offre une protection optimale contre les chocs et les rayures, garantissant que votre appareil reste en parfait \u00e9tat. Son design vibrant capture la majest\u00e9 des tours iconiques de la Sagrada Familia, avec ses formes architecturales uniques qui sont un hommage \u00e0 l&rsquo;\u0153uvre innovante de l&rsquo;architecte Antoni Gaud\u00ed. La palette de couleurs subtile, allant des rouges chauds aux bleus rafra\u00eechissants, \u00e9voque le style moderniste qui caract\u00e9rise ce joyau de l&rsquo;architecture catalane, transformant votre t\u00e9l\u00e9phone en une v\u00e9ritable \u0153uvre d&rsquo;art portable.<\/p>\n<p>Le mot \u00ab\u00a0Barcelona\u00a0\u00bb est \u00e9l\u00e9gamment imprim\u00e9, ajoutant une touche distinctive et faisant de cette coque un souvenir parfait de la ville pour ceux qui souhaitent emporter avec eux un morceau de sa riche culture et de sa beaut\u00e9 architecturale. Ce produit ne se distingue pas seulement par sa fonctionnalit\u00e9, mais agit \u00e9galement comme un souvenir authentique et repr\u00e9sentatif de Barcelone, id\u00e9al pour les touristes \u00e0 la recherche de souvenirs uniques. Chez Ol\u00e9 Mosaic, nous nous sp\u00e9cialisons dans la distribution en gros de produits authentiques et de qualit\u00e9, et cette coque est une excellente option pour les boutiques de cadeaux touristiques cherchant \u00e0 offrir des articles distinctifs charg\u00e9s de symbolisme culturel.<\/p>\n","protected":false},"excerpt":{"rendered":"<p>Coque pour t\u00e9l\u00e9phone Samsung A23 fabriqu\u00e9e en TPU, d\u00e9cor\u00e9e d&rsquo;une illustration vibrante de la Sagrada Familia de Barcelone. Ce design color\u00e9 montre les tours iconiques du monument, mettant en avant ses formes architecturales uniques et la riche palette de couleurs qui \u00e9voque le style moderniste d&rsquo;Antoni Gaud\u00ed. La coque ne prot\u00e8ge pas seulement votre appareil, elle ajoute \u00e9galement une touche artistique et distinctive. Le mot \u00ab\u00a0Barcelona\u00a0\u00bb est \u00e9l\u00e9gamment imprim\u00e9, en faisant un souvenir parfait de la ville.<\/p>\n","protected":false},"featured_media":12605,"template":"","meta":{"_acf_changed":false},"product_brand":[],"product_cat":[674],"product_tag":[],"class_list":{"0":"post-27148","1":"product","2":"type-product","3":"status-publish","4":"has-post-thumbnail","6":"product_cat-etuis-pour-telephones-portables","7":"pa_ciudad-barcelona","8":"pa_motivo-sagrada-familia","9":"pa_pais-espana","11":"first","12":"instock","13":"shipping-taxable","14":"product-type-simple"},"acf":[],"_links":{"self":[{"href":"https:\/\/olemosaic.orbitalia.org\/fr\/wp-json\/wp\/v2\/product\/27148","targetHints":{"allow":["GET"]}}],"collection":[{"href":"https:\/\/olemosaic.orbitalia.org\/fr\/wp-json\/wp\/v2\/product"}],"about":[{"href":"https:\/\/olemosaic.orbitalia.org\/fr\/wp-json\/wp\/v2\/types\/product"}],"wp:featuredmedia":[{"embeddable":true,"href":"https:\/\/olemosaic.orbitalia.org\/fr\/wp-json\/wp\/v2\/media\/12605"}],"wp:attachment":[{"href":"https:\/\/olemosaic.orbitalia.org\/fr\/wp-json\/wp\/v2\/media?parent=27148"}],"wp:term":[{"taxonomy":"product_brand","embeddable":true,"href":"https:\/\/olemosaic.orbitalia.org\/fr\/wp-json\/wp\/v2\/product_brand?post=27148"},{"taxonomy":"product_cat","embeddable":true,"href":"https:\/\/olemosaic.orbitalia.org\/fr\/wp-json\/wp\/v2\/product_cat?post=27148"},{"taxonomy":"product_tag","embeddable":true,"href":"https:\/\/olemosaic.orbitalia.org\/fr\/wp-json\/wp\/v2\/product_tag?post=27148"}],"curies":[{"name":"wp","href":"https:\/\/api.w.org\/{rel}","templated":true}]}}