{"id":27138,"date":"2025-02-20T22:29:03","date_gmt":"2025-02-20T22:29:03","guid":{"rendered":"https:\/\/olemosaic.orbitalia.org\/producto\/funda-de-telefono-para-samsung-a14-tpu-salamandra-barcelona-blanco\/"},"modified":"2025-07-25T19:10:59","modified_gmt":"2025-07-25T17:10:59","slug":"coque-de-telephone-pour-samsung-a14-tpu-salamandre-barcelone-blanc","status":"publish","type":"product","link":"https:\/\/olemosaic.orbitalia.org\/fr\/produit\/coque-de-telephone-pour-samsung-a14-tpu-salamandre-barcelone-blanc\/","title":{"rendered":"Coque de t\u00e9l\u00e9phone pour Samsung A14 (TPU). Salamandre. Barcelone. Blanc"},"content":{"rendered":"<p>Cette coque pour t\u00e9l\u00e9phone Samsung A14 est un accessoire vibrant qui capture l&rsquo;essence artistique de Barcelone, inspir\u00e9e par les mosa\u00efques embl\u00e9matiques de Gaud\u00ed. Confectionn\u00e9e en TPU de haute qualit\u00e9, elle offre une protection optimale \u00e0 votre appareil, tout en lui conf\u00e9rant un style unique et color\u00e9. Son fond blanc fait ressortir le design de salamandres et de fleurs qui ornent la surface, cr\u00e9ant un contraste visuel impressionnant. Les d\u00e9tails multicolores, aux tons intenses de bleu, rouge et vert, \u00e9voquent l&rsquo;utilisation caract\u00e9ristique de la couleur dans les \u0153uvres d&rsquo;art de la ville, transformant cette coque en un v\u00e9ritable hommage \u00e0 la cr\u00e9ativit\u00e9 du modernisme catalan.<\/p>\n<p>Le mot \u00ab\u00a0Barcelona\u00a0\u00bb, imprim\u00e9 dans des couleurs vives, ajoute une touche contemporaine et attrayante, transformant votre t\u00e9l\u00e9phone en un rappel quotidien de cette ville vibrante. Ce souvenir est parfait pour ceux qui souhaitent emporter un morceau de la culture barcelonaise avec eux et constitue une excellente option pour les boutiques de cadeaux touristiques \u00e0 la recherche d&rsquo;articles authentiques et repr\u00e9sentatifs de la r\u00e9gion. Chez Ol\u00e9 Mosaic, nous nous sp\u00e9cialisons dans la distribution de souvenirs de Barcelone en gros, offrant des produits qui sont non seulement fonctionnels, mais aussi charg\u00e9s d&rsquo;histoire et de tradition, id\u00e9aux pour les touristes \u00e0 la recherche de souvenirs uniques.<\/p>\n","protected":false},"excerpt":{"rendered":"<p>Coque de t\u00e9l\u00e9phone pour Samsung A14 en TPU, d\u00e9cor\u00e9e d&rsquo;un design vibrant de salamandres et de fleurs, inspir\u00e9 de la c\u00e9l\u00e8bre mosa\u00efque de Barcelone. Cet accessoire se distingue par son fond blanc et ses d\u00e9tails multicolores \u00e9voquant le style artistique de Gaud\u00ed. Le mot \u00ab\u00a0Barcelona\u00a0\u00bb est imprim\u00e9 en couleurs vives, ajoutant une touche moderne et attrayante. Id\u00e9al pour prot\u00e9ger votre appareil tout en c\u00e9l\u00e9brant l&rsquo;essence de l&rsquo;art et de la culture de cette ville embl\u00e9matique.<\/p>\n","protected":false},"featured_media":12535,"template":"","meta":{"_acf_changed":false},"product_brand":[],"product_cat":[674],"product_tag":[530],"class_list":{"0":"post-27138","1":"product","2":"type-product","3":"status-publish","4":"has-post-thumbnail","6":"product_cat-etuis-pour-telephones-portables","7":"product_tag-animaux","8":"pa_ciudad-barcelona","9":"pa_motivo-salamandres","10":"pa_pais-espana","12":"first","13":"instock","14":"shipping-taxable","15":"product-type-simple"},"acf":[],"_links":{"self":[{"href":"https:\/\/olemosaic.orbitalia.org\/fr\/wp-json\/wp\/v2\/product\/27138","targetHints":{"allow":["GET"]}}],"collection":[{"href":"https:\/\/olemosaic.orbitalia.org\/fr\/wp-json\/wp\/v2\/product"}],"about":[{"href":"https:\/\/olemosaic.orbitalia.org\/fr\/wp-json\/wp\/v2\/types\/product"}],"wp:featuredmedia":[{"embeddable":true,"href":"https:\/\/olemosaic.orbitalia.org\/fr\/wp-json\/wp\/v2\/media\/12535"}],"wp:attachment":[{"href":"https:\/\/olemosaic.orbitalia.org\/fr\/wp-json\/wp\/v2\/media?parent=27138"}],"wp:term":[{"taxonomy":"product_brand","embeddable":true,"href":"https:\/\/olemosaic.orbitalia.org\/fr\/wp-json\/wp\/v2\/product_brand?post=27138"},{"taxonomy":"product_cat","embeddable":true,"href":"https:\/\/olemosaic.orbitalia.org\/fr\/wp-json\/wp\/v2\/product_cat?post=27138"},{"taxonomy":"product_tag","embeddable":true,"href":"https:\/\/olemosaic.orbitalia.org\/fr\/wp-json\/wp\/v2\/product_tag?post=27138"}],"curies":[{"name":"wp","href":"https:\/\/api.w.org\/{rel}","templated":true}]}}