{"id":27127,"date":"2025-02-20T22:29:02","date_gmt":"2025-02-20T22:29:02","guid":{"rendered":"https:\/\/olemosaic.orbitalia.org\/producto\/funda-de-telefono-para-samsung-a13-tpu-mosaico-barcelona-blanco\/"},"modified":"2025-07-25T19:28:13","modified_gmt":"2025-07-25T17:28:13","slug":"coque-de-telephone-pour-samsung-a13-tpu-mosaique-barcelone-blanc","status":"publish","type":"product","link":"https:\/\/olemosaic.orbitalia.org\/fr\/produit\/coque-de-telephone-pour-samsung-a13-tpu-mosaique-barcelone-blanc\/","title":{"rendered":"Coque de t\u00e9l\u00e9phone pour Samsung A13 (TPU). Mosa\u00efque. Barcelone. Blanc"},"content":{"rendered":"<p>Cette coque pour le Samsung A13 est un accessoire indispensable qui allie fonctionnalit\u00e9 et style, inspir\u00e9 par les mosa\u00efques vibrantes de Barcelone. Fabriqu\u00e9e en mat\u00e9riau TPU de haute qualit\u00e9, elle offre une protection r\u00e9sistante contre les impacts et l&rsquo;usure, garantissant que votre appareil soit toujours en s\u00e9curit\u00e9. Le design pr\u00e9sente un magnifique motif de carreaux dans une palette de couleurs splendides, incluant des tons de bleu, rouge et orange, qui \u00e9voquent le riche h\u00e9ritage culturel de la cit\u00e9 comtale. Chaque carreau de la mosa\u00efque repr\u00e9sente une facette de l&rsquo;architecture barcelonaise, rappelant les \u0153uvres embl\u00e9matiques d&rsquo;Antoni Gaud\u00ed et son influence sur le design local.<\/p>\n<p>Sur la partie frontale, le mot \u00ab\u00a0Barcelone\u00a0\u00bb est \u00e9l\u00e9gamment int\u00e9gr\u00e9, ajoutant une touche personnalis\u00e9e et distinctive \u00e0 l&rsquo;accessoire. Cette coque ne sert pas seulement de barri\u00e8re protectrice, elle transforme \u00e9galement votre t\u00e9l\u00e9phone en une \u0153uvre d&rsquo;art portable, parfaite pour ceux qui souhaitent emporter un morceau de la culture catalane partout o\u00f9 ils vont. Id\u00e9ale comme souvenir et cadeau pour les touristes \u00e0 la recherche de souvenirs authentiques de Barcelone, cette coque repr\u00e9sente l&rsquo;essence de la ville. Chez Ol\u00e9 Mosaic, nous sommes fiers d&rsquo;\u00eatre un distributeur de souvenirs de qualit\u00e9 ; cette coque est une excellente option pour les boutiques de cadeaux touristiques \u00e0 la recherche de produits qui se connectent \u00e0 la tradition et \u00e0 l&rsquo;art locaux.<\/p>\n","protected":false},"excerpt":{"rendered":"<p>Coque de t\u00e9l\u00e9phone pour Samsung A13 en TPU avec un design de mosa\u00efque inspir\u00e9 des carreaux color\u00e9s de Barcelone. Cet accessoire allie fonctionnalit\u00e9 et style, pr\u00e9sentant un motif de mosa\u00efque vibrant dans des tons bleus, rouges et oranges, qui \u00e9voquent le riche h\u00e9ritage culturel de la ville. D\u00e9cor\u00e9e du mot \u00ab\u00a0Barcelone\u00a0\u00bb, cette coque ne prot\u00e8ge pas seulement votre t\u00e9l\u00e9phone, elle lui ajoute \u00e9galement une touche artistique et traditionnelle.<\/p>\n","protected":false},"featured_media":12520,"template":"","meta":{"_acf_changed":false},"product_brand":[],"product_cat":[674],"product_tag":[],"class_list":{"0":"post-27127","1":"product","2":"type-product","3":"status-publish","4":"has-post-thumbnail","6":"product_cat-etuis-pour-telephones-portables","7":"pa_ciudad-barcelona","8":"pa_motivo-mosaique","9":"pa_pais-espana","11":"first","12":"instock","13":"shipping-taxable","14":"product-type-simple"},"acf":[],"_links":{"self":[{"href":"https:\/\/olemosaic.orbitalia.org\/fr\/wp-json\/wp\/v2\/product\/27127","targetHints":{"allow":["GET"]}}],"collection":[{"href":"https:\/\/olemosaic.orbitalia.org\/fr\/wp-json\/wp\/v2\/product"}],"about":[{"href":"https:\/\/olemosaic.orbitalia.org\/fr\/wp-json\/wp\/v2\/types\/product"}],"wp:featuredmedia":[{"embeddable":true,"href":"https:\/\/olemosaic.orbitalia.org\/fr\/wp-json\/wp\/v2\/media\/12520"}],"wp:attachment":[{"href":"https:\/\/olemosaic.orbitalia.org\/fr\/wp-json\/wp\/v2\/media?parent=27127"}],"wp:term":[{"taxonomy":"product_brand","embeddable":true,"href":"https:\/\/olemosaic.orbitalia.org\/fr\/wp-json\/wp\/v2\/product_brand?post=27127"},{"taxonomy":"product_cat","embeddable":true,"href":"https:\/\/olemosaic.orbitalia.org\/fr\/wp-json\/wp\/v2\/product_cat?post=27127"},{"taxonomy":"product_tag","embeddable":true,"href":"https:\/\/olemosaic.orbitalia.org\/fr\/wp-json\/wp\/v2\/product_tag?post=27127"}],"curies":[{"name":"wp","href":"https:\/\/api.w.org\/{rel}","templated":true}]}}