{"id":27126,"date":"2025-02-20T22:29:02","date_gmt":"2025-02-20T22:29:02","guid":{"rendered":"https:\/\/olemosaic.orbitalia.org\/producto\/funda-de-telefono-para-samsung-a13-tpu-motivos-marinos-azul\/"},"modified":"2025-07-25T20:34:44","modified_gmt":"2025-07-25T18:34:44","slug":"coque-de-telephone-pour-samsung-a13-tpu-motifs-marins-bleu","status":"publish","type":"product","link":"https:\/\/olemosaic.orbitalia.org\/fr\/produit\/coque-de-telephone-pour-samsung-a13-tpu-motifs-marins-bleu\/","title":{"rendered":"Coque de t\u00e9l\u00e9phone pour Samsung A13 (TPU). Motifs marins. Bleu"},"content":{"rendered":"<p>Cette coque pour le t\u00e9l\u00e9phone Samsung A13 est un accessoire indispensable pour les amoureux de la nature et de la mer. Fabriqu\u00e9e en TPU de haute qualit\u00e9, elle offre une protection exceptionnelle pour votre appareil, tout en affichant un design marin vibrant qui captivera tout le monde. Sur son \u00e9l\u00e9gante surface se d\u00e9ploie un paysage sous-marin plein de couleurs, o\u00f9 dauphins, tortues et hippocampes sillonnent les eaux en harmonie, repr\u00e9sent\u00e9s dans des tons chauds de bleu, vert et orange. La partie inf\u00e9rieure de la coque simule un fond marin textur\u00e9 en mosa\u00efque, \u00e9voquant la riche diversit\u00e9 de la vie aquatique et ajoutant une touche de profondeur et de style \u00e0 votre appareil.<\/p>\n<p>Ce design n&rsquo;est pas seulement visuellement attrayant, il souligne \u00e9galement la connexion culturelle avec les traditions maritimes des r\u00e9gions c\u00f4ti\u00e8res, faisant de cette coque un souvenir parfait pour les touristes qui cherchent \u00e0 emporter un morceau de l&rsquo;oc\u00e9an. Sa qualit\u00e9 et son authenticit\u00e9 en font un cadeau id\u00e9al pour ceux qui souhaitent se souvenir de leur visite dans ces r\u00e9gions. Chez Ol\u00e9 Mosaic, en tant que distributeurs de souvenirs en gros, nous proposons des accessoires qui allient fonctionnalit\u00e9 et style, cette coque de t\u00e9l\u00e9phone \u00e9tant une excellente option pour les boutiques de cadeaux touristiques \u00e0 la recherche de produits originaux et de haute qualit\u00e9.<\/p>\n","protected":false},"excerpt":{"rendered":"<p>Coque de t\u00e9l\u00e9phone pour Samsung A13 fabriqu\u00e9e en TPU avec de joyeux motifs marins. Ce design color\u00e9 pr\u00e9sente un paysage sous-marin avec des dauphins, des tortues et des hippocampes, dans des tons bleus, verts et oranges, apportant une touche joyeuse et dynamique. La partie inf\u00e9rieure simule un fond marin avec des textures de mosa\u00efque, \u00e9voquant la riche vie aquatique. Id\u00e9al pour les amoureux de la mer et de la nature, il allie protection et style.<\/p>\n","protected":false},"featured_media":12523,"template":"","meta":{"_acf_changed":false},"product_brand":[],"product_cat":[674],"product_tag":[530],"class_list":{"0":"post-27126","1":"product","2":"type-product","3":"status-publish","4":"has-post-thumbnail","6":"product_cat-etuis-pour-telephones-portables","7":"product_tag-animaux","8":"pa_motivo-animaux-marins","10":"first","11":"instock","12":"shipping-taxable","13":"product-type-simple"},"acf":[],"_links":{"self":[{"href":"https:\/\/olemosaic.orbitalia.org\/fr\/wp-json\/wp\/v2\/product\/27126","targetHints":{"allow":["GET"]}}],"collection":[{"href":"https:\/\/olemosaic.orbitalia.org\/fr\/wp-json\/wp\/v2\/product"}],"about":[{"href":"https:\/\/olemosaic.orbitalia.org\/fr\/wp-json\/wp\/v2\/types\/product"}],"wp:featuredmedia":[{"embeddable":true,"href":"https:\/\/olemosaic.orbitalia.org\/fr\/wp-json\/wp\/v2\/media\/12523"}],"wp:attachment":[{"href":"https:\/\/olemosaic.orbitalia.org\/fr\/wp-json\/wp\/v2\/media?parent=27126"}],"wp:term":[{"taxonomy":"product_brand","embeddable":true,"href":"https:\/\/olemosaic.orbitalia.org\/fr\/wp-json\/wp\/v2\/product_brand?post=27126"},{"taxonomy":"product_cat","embeddable":true,"href":"https:\/\/olemosaic.orbitalia.org\/fr\/wp-json\/wp\/v2\/product_cat?post=27126"},{"taxonomy":"product_tag","embeddable":true,"href":"https:\/\/olemosaic.orbitalia.org\/fr\/wp-json\/wp\/v2\/product_tag?post=27126"}],"curies":[{"name":"wp","href":"https:\/\/api.w.org\/{rel}","templated":true}]}}