{"id":27114,"date":"2025-02-20T22:29:02","date_gmt":"2025-02-20T22:29:02","guid":{"rendered":"https:\/\/olemosaic.orbitalia.org\/producto\/funda-de-telefono-para-samsung-a12-tpu-motivos-marinos-azul\/"},"modified":"2025-07-25T19:50:56","modified_gmt":"2025-07-25T17:50:56","slug":"coque-de-telephone-pour-samsung-a12-tpu-motifs-marins-bleu","status":"publish","type":"product","link":"https:\/\/olemosaic.orbitalia.org\/fr\/produit\/coque-de-telephone-pour-samsung-a12-tpu-motifs-marins-bleu\/","title":{"rendered":"Coque de t\u00e9l\u00e9phone pour Samsung A12 (TPU). Motifs marins. Bleu"},"content":{"rendered":"<p>Cette coque pour le Samsung A12 est une pi\u00e8ce vibrante et unique qui fusionne fonctionnalit\u00e9 et art. Fabriqu\u00e9e avec du TPU de haute qualit\u00e9, elle offre une protection efficace pour votre appareil, le pr\u00e9servant des chocs et des rayures. Le design pr\u00e9sente d&rsquo;impressionnants motifs marins dans des tons bleus qui \u00e9voquent la beaut\u00e9 de l&rsquo;oc\u00e9an. Avec des illustrations de tortues, de poissons et d&rsquo;hippocampes, cette coque est plus qu&rsquo;un accessoire, c&rsquo;est un v\u00e9ritable hommage \u00e0 la vie sous-marine, le tout repr\u00e9sent\u00e9 dans un style de mosa\u00efque rappelant l&rsquo;art traditionnel.<\/p>\n<p>Chaque d\u00e9tail est m\u00e9ticuleusement con\u00e7u : les cr\u00e9atures marines color\u00e9es semblent prendre vie parmi les vagues d&rsquo;un bleu profond, cr\u00e9ant un effet visuel dynamique et joyeux qui ravira ceux qui aiment l&rsquo;oc\u00e9an et ses merveilles. La connexion culturelle avec les r\u00e9gions c\u00f4ti\u00e8res d&rsquo;Espagne, connues pour leur riche biodiversit\u00e9 marine, lui conf\u00e8re une valeur ajout\u00e9e en tant que souvenir repr\u00e9sentatif de la nature.<\/p>\n<p>Chez Ol\u00e9 Mosaic, nous comprenons l&rsquo;importance de proposer des souvenirs authentiques qui refl\u00e8tent la culture et l&rsquo;art de nos terres. Cette coque est une excellente option pour les boutiques de cadeaux touristiques \u00e0 la recherche de produits attrayants et pertinents. En tant que grossiste d&rsquo;accessoires, nous garantissons que chaque pi\u00e8ce est un reflet de qualit\u00e9 et de tradition, id\u00e9al pour ceux qui recherchent des souvenirs uniques d&rsquo;Espagne.<\/p>\n","protected":false},"excerpt":{"rendered":"<p>Coque de t\u00e9l\u00e9phone pour Samsung A12 fabriqu\u00e9e en TPU, avec des motifs marins vibrants dans des tons bleus. Le design pr\u00e9sente une repr\u00e9sentation color\u00e9e de la vie sous-marine, incluant des tortues, des poissons et des hippocampes, dans un style de mosa\u00efque \u00e9voquant l&rsquo;art traditionnel. Id\u00e9ale pour les amoureux de l&rsquo;oc\u00e9an, cette coque offre non seulement une protection, mais ajoute \u00e9galement une touche artistique et joyeuse \u00e0 votre appareil.<\/p>\n","protected":false},"featured_media":12491,"template":"","meta":{"_acf_changed":false},"product_brand":[],"product_cat":[674],"product_tag":[530],"class_list":{"0":"post-27114","1":"product","2":"type-product","3":"status-publish","4":"has-post-thumbnail","6":"product_cat-etuis-pour-telephones-portables","7":"product_tag-animaux","8":"pa_motivo-animaux-marins","10":"first","11":"instock","12":"shipping-taxable","13":"product-type-simple"},"acf":[],"_links":{"self":[{"href":"https:\/\/olemosaic.orbitalia.org\/fr\/wp-json\/wp\/v2\/product\/27114","targetHints":{"allow":["GET"]}}],"collection":[{"href":"https:\/\/olemosaic.orbitalia.org\/fr\/wp-json\/wp\/v2\/product"}],"about":[{"href":"https:\/\/olemosaic.orbitalia.org\/fr\/wp-json\/wp\/v2\/types\/product"}],"wp:featuredmedia":[{"embeddable":true,"href":"https:\/\/olemosaic.orbitalia.org\/fr\/wp-json\/wp\/v2\/media\/12491"}],"wp:attachment":[{"href":"https:\/\/olemosaic.orbitalia.org\/fr\/wp-json\/wp\/v2\/media?parent=27114"}],"wp:term":[{"taxonomy":"product_brand","embeddable":true,"href":"https:\/\/olemosaic.orbitalia.org\/fr\/wp-json\/wp\/v2\/product_brand?post=27114"},{"taxonomy":"product_cat","embeddable":true,"href":"https:\/\/olemosaic.orbitalia.org\/fr\/wp-json\/wp\/v2\/product_cat?post=27114"},{"taxonomy":"product_tag","embeddable":true,"href":"https:\/\/olemosaic.orbitalia.org\/fr\/wp-json\/wp\/v2\/product_tag?post=27114"}],"curies":[{"name":"wp","href":"https:\/\/api.w.org\/{rel}","templated":true}]}}