{"id":27113,"date":"2025-02-20T22:29:02","date_gmt":"2025-02-20T22:29:02","guid":{"rendered":"https:\/\/olemosaic.orbitalia.org\/producto\/funda-de-telefono-para-samsung-a12-tpu-abstracto-negro\/"},"modified":"2025-07-25T18:58:41","modified_gmt":"2025-07-25T16:58:41","slug":"coque-de-telephone-pour-samsung-a12-tpu-abstrait-noir","status":"publish","type":"product","link":"https:\/\/olemosaic.orbitalia.org\/fr\/produit\/coque-de-telephone-pour-samsung-a12-tpu-abstrait-noir\/","title":{"rendered":"Coque de t\u00e9l\u00e9phone pour Samsung A12 (TPU). Abstrait. Noir"},"content":{"rendered":"<p>Cette coque pour t\u00e9l\u00e9phone Samsung A12 est un accessoire indispensable qui fusionne parfaitement protection et style moderne. Fabriqu\u00e9e en TPU, elle offre une r\u00e9sistance exceptionnelle contre les impacts, garantissant la s\u00e9curit\u00e9 de votre appareil \u00e0 tout moment. Le design abstrait aux tons vibrants \u00e9voque l&rsquo;\u00e9l\u00e9gance des n\u00e9ons, illuminant la base noire avec des lignes ondulantes de couleur qui cr\u00e9ent un effet dynamique et contemporain. Ce design n&rsquo;est pas seulement visuellement attrayant, il offre \u00e9galement une sensation tactile agr\u00e9able, facilitant la manipulation de la coque et permettant un acc\u00e8s pratique \u00e0 tous les boutons et ports du t\u00e9l\u00e9phone.<\/p>\n<p>La connexion culturelle de cette coque s&rsquo;appr\u00e9cie dans son esth\u00e9tique moderne, qui refl\u00e8te la vie urbaine vibrante de nombreuses villes espagnoles, o\u00f9 la fusion entre art et technologie est palpable. En choisissant cette coque comme souvenir, vous n&rsquo;acqu\u00e9rez pas seulement un produit fonctionnel, mais aussi un rappel d&rsquo;une esth\u00e9tique contemporaine devenue essentielle dans la culture populaire. Chez Ol\u00e9 Mosaic, nous nous engageons \u00e0 offrir des produits authentiques et de qualit\u00e9, et cette coque est une excellente option pour les boutiques de cadeaux touristiques \u00e0 la recherche d&rsquo;articles uniques et contemporains. Avec notre s\u00e9lection de coques en gros, vous assurez \u00e0 vos clients une touche d&rsquo;\u00e9l\u00e9gance et d&rsquo;originalit\u00e9 sur leurs appareils mobiles, en faisant le choix id\u00e9al pour ceux qui recherchent des souvenirs modernes.<\/p>\n","protected":false},"excerpt":{"rendered":"<p>Coque pour t\u00e9l\u00e9phone Samsung A12 fabriqu\u00e9e en TPU, avec un design abstrait aux tons vibrants \u00e9voquant les n\u00e9ons. La base noire fait ressortir les lignes ondul\u00e9es de couleurs vives, cr\u00e9ant un effet dynamique et moderne. Cet accessoire prot\u00e8ge non seulement contre les impacts, mais apporte \u00e9galement une touche de style \u00e0 votre appareil, id\u00e9al pour ceux qui recherchent une fusion de fonctionnalit\u00e9 et d&rsquo;esth\u00e9tique contemporaine.<\/p>\n","protected":false},"featured_media":12502,"template":"","meta":{"_acf_changed":false},"product_brand":[],"product_cat":[674],"product_tag":[],"class_list":{"0":"post-27113","1":"product","2":"type-product","3":"status-publish","4":"has-post-thumbnail","6":"product_cat-etuis-pour-telephones-portables","7":"pa_motivo-resume","9":"first","10":"instock","11":"shipping-taxable","12":"product-type-simple"},"acf":[],"_links":{"self":[{"href":"https:\/\/olemosaic.orbitalia.org\/fr\/wp-json\/wp\/v2\/product\/27113","targetHints":{"allow":["GET"]}}],"collection":[{"href":"https:\/\/olemosaic.orbitalia.org\/fr\/wp-json\/wp\/v2\/product"}],"about":[{"href":"https:\/\/olemosaic.orbitalia.org\/fr\/wp-json\/wp\/v2\/types\/product"}],"wp:featuredmedia":[{"embeddable":true,"href":"https:\/\/olemosaic.orbitalia.org\/fr\/wp-json\/wp\/v2\/media\/12502"}],"wp:attachment":[{"href":"https:\/\/olemosaic.orbitalia.org\/fr\/wp-json\/wp\/v2\/media?parent=27113"}],"wp:term":[{"taxonomy":"product_brand","embeddable":true,"href":"https:\/\/olemosaic.orbitalia.org\/fr\/wp-json\/wp\/v2\/product_brand?post=27113"},{"taxonomy":"product_cat","embeddable":true,"href":"https:\/\/olemosaic.orbitalia.org\/fr\/wp-json\/wp\/v2\/product_cat?post=27113"},{"taxonomy":"product_tag","embeddable":true,"href":"https:\/\/olemosaic.orbitalia.org\/fr\/wp-json\/wp\/v2\/product_tag?post=27113"}],"curies":[{"name":"wp","href":"https:\/\/api.w.org\/{rel}","templated":true}]}}