{"id":27092,"date":"2025-02-20T22:29:01","date_gmt":"2025-02-20T22:29:01","guid":{"rendered":"https:\/\/olemosaic.orbitalia.org\/producto\/funda-de-telefono-para-iphone-15-promax-tpu-motivos-marinos-azul\/"},"modified":"2025-07-25T19:43:41","modified_gmt":"2025-07-25T17:43:41","slug":"coque-telephone-iphone-15-pro-max-tpu-motifs-marins-bleu","status":"publish","type":"product","link":"https:\/\/olemosaic.orbitalia.org\/fr\/produit\/coque-telephone-iphone-15-pro-max-tpu-motifs-marins-bleu\/","title":{"rendered":"Coque de t\u00e9l\u00e9phone pour iPhone 15 Pro Max (TPU). Motifs marins. Bleu"},"content":{"rendered":"<p>Cette coque pour iPhone 15 Pro Max est une excellente option pour ceux qui cherchent \u00e0 combiner style et protection. Fabriqu\u00e9e en TPU, elle se distingue par ses motifs marins vibrants qui \u00e9voquent la beaut\u00e9 de l&rsquo;oc\u00e9an. L&rsquo;illustration pr\u00e9sente une sc\u00e8ne sous-marine pleine de vie, avec des poissons color\u00e9s, des tortues et des hippocampes, con\u00e7us dans un style artistique rappelant les mosa\u00efques. Les tons bleus du fond cr\u00e9ent une atmosph\u00e8re sereine qui contraste merveilleusement avec les d\u00e9tails en rouge, jaune et vert, soulignant la richesse de la faune marine.<\/p>\n<p>Le design n&rsquo;est pas seulement visuellement attrayant, il refl\u00e8te \u00e9galement le lien culturel des zones c\u00f4ti\u00e8res d&rsquo;Espagne, o\u00f9 la mer est un \u00e9l\u00e9ment vital de la vie et de la tradition. Ce souvenir ne prot\u00e8ge pas seulement votre appareil, il agit \u00e9galement comme un rappel tangible des merveilles de l&rsquo;environnement marin. Id\u00e9ale pour les touristes \u00e0 la recherche de souvenirs authentiques, cette coque capture l&rsquo;essence des c\u00f4tes espagnoles et de leur biodiversit\u00e9.<\/p>\n<p>Chez Ol\u00e9 Mosaic, nous nous sp\u00e9cialisons dans la distribution en gros de produits repr\u00e9sentant la tradition et la beaut\u00e9 de la culture espagnole, et cette coque est un choix parfait pour les boutiques de cadeaux touristiques souhaitant proposer des articles uniques et color\u00e9s. Avec notre large gamme d&rsquo;accessoires, nous garantissons qualit\u00e9 et authenticit\u00e9 pour chaque produit.<\/p>\n","protected":false},"excerpt":{"rendered":"<p>Coque de t\u00e9l\u00e9phone pour iPhone 15 Pro Max, fabriqu\u00e9e en TPU, avec des motifs marins vibrants \u00e9voquant la beaut\u00e9 de l&rsquo;oc\u00e9an. Son design inclut des poissons, des tortues et des hippocampes color\u00e9s, repr\u00e9sent\u00e9s dans un style artistique rappelant les mosa\u00efques. Les tons bleus du fond contrastent avec les d\u00e9tails en rouge, jaune et vert, cr\u00e9ant une pi\u00e8ce attrayante et protectrice qui refl\u00e8te la richesse de la vie sous-marine.<\/p>\n","protected":false},"featured_media":12471,"template":"","meta":{"_acf_changed":false},"product_brand":[],"product_cat":[674],"product_tag":[530],"class_list":{"0":"post-27092","1":"product","2":"type-product","3":"status-publish","4":"has-post-thumbnail","6":"product_cat-etuis-pour-telephones-portables","7":"product_tag-animaux","8":"pa_motivo-animaux-marins","10":"first","11":"instock","12":"shipping-taxable","13":"product-type-simple"},"acf":[],"_links":{"self":[{"href":"https:\/\/olemosaic.orbitalia.org\/fr\/wp-json\/wp\/v2\/product\/27092","targetHints":{"allow":["GET"]}}],"collection":[{"href":"https:\/\/olemosaic.orbitalia.org\/fr\/wp-json\/wp\/v2\/product"}],"about":[{"href":"https:\/\/olemosaic.orbitalia.org\/fr\/wp-json\/wp\/v2\/types\/product"}],"wp:featuredmedia":[{"embeddable":true,"href":"https:\/\/olemosaic.orbitalia.org\/fr\/wp-json\/wp\/v2\/media\/12471"}],"wp:attachment":[{"href":"https:\/\/olemosaic.orbitalia.org\/fr\/wp-json\/wp\/v2\/media?parent=27092"}],"wp:term":[{"taxonomy":"product_brand","embeddable":true,"href":"https:\/\/olemosaic.orbitalia.org\/fr\/wp-json\/wp\/v2\/product_brand?post=27092"},{"taxonomy":"product_cat","embeddable":true,"href":"https:\/\/olemosaic.orbitalia.org\/fr\/wp-json\/wp\/v2\/product_cat?post=27092"},{"taxonomy":"product_tag","embeddable":true,"href":"https:\/\/olemosaic.orbitalia.org\/fr\/wp-json\/wp\/v2\/product_tag?post=27092"}],"curies":[{"name":"wp","href":"https:\/\/api.w.org\/{rel}","templated":true}]}}