{"id":27090,"date":"2025-02-20T22:29:00","date_gmt":"2025-02-20T22:29:00","guid":{"rendered":"https:\/\/olemosaic.orbitalia.org\/producto\/funda-de-telefono-para-iphone-15-promax-tpu-sagrada-familia-barcelona-azul\/"},"modified":"2025-07-25T18:49:34","modified_gmt":"2025-07-25T16:49:34","slug":"coque-telephone-iphone-15-pro-max-tpu-sagrada-familia-barcelone-bleu","status":"publish","type":"product","link":"https:\/\/olemosaic.orbitalia.org\/fr\/produit\/coque-telephone-iphone-15-pro-max-tpu-sagrada-familia-barcelone-bleu\/","title":{"rendered":"Coque de t\u00e9l\u00e9phone pour iPhone 15 Pro Max (TPU). Sagrada Fam\u00edlia. Barcelone. Bleu"},"content":{"rendered":"<p>Cette coque pour iPhone 15 Pro Max est un hommage vibrant \u00e0 l&rsquo;iconique Sagrada Fam\u00edlia de Barcelone, con\u00e7ue pour ceux qui souhaitent emporter avec eux un morceau de la riche culture catalane. Fabriqu\u00e9 en TPU, cet accessoire combine r\u00e9sistance et flexibilit\u00e9, offrant une protection efficace pour votre appareil sans renoncer au style. L&rsquo;illustration se distingue par ses tons vifs de bleu et d&rsquo;orange, qui soulignent les d\u00e9tails architecturaux sophistiqu\u00e9s de la c\u00e9l\u00e8bre basilique, notamment ses tours impressionnantes et ses mosa\u00efques color\u00e9es, \u00e9voquant le chef-d&rsquo;\u0153uvre d&rsquo;Antoni Gaud\u00ed. Ce design captivant inclut le mot \u00ab\u00a0Barcelona\u00a0\u00bb \u00e9l\u00e9gamment imprim\u00e9, ajoutant une touche distinctive et authentique.<\/p>\n<p>Cet accessoire ne prot\u00e8ge pas seulement votre t\u00e9l\u00e9phone, il est aussi un article repr\u00e9sentatif de l&rsquo;une des \u0153uvres les plus embl\u00e9matiques de l&rsquo;architecture mondiale. La Sagrada Fam\u00edlia, dont le design unique attire des millions de touristes chaque ann\u00e9e, symbolise la richesse culturelle de Barcelone, faisant de cette coque un souvenir parfait pour ceux qui recherchent un souvenir significatif de leur visite. Chez Ol\u00e9 Mosaic, nous sommes fiers de proposer des produits authentiques qui mettent en valeur la beaut\u00e9 de l&rsquo;Espagne, et cette coque est un excellent choix pour les boutiques de cadeaux touristiques souhaitant capturer l&rsquo;essence de Barcelone \u00e0 travers des souvenirs alliant art et fonctionnalit\u00e9.<\/p>\n","protected":false},"excerpt":{"rendered":"<p>Coque de t\u00e9l\u00e9phone pour iPhone 15 Pro Max fabriqu\u00e9e en TPU, d\u00e9cor\u00e9e d&rsquo;une illustration vibrante de la Sagrada Fam\u00edlia de Barcelone. Ce design color\u00e9 pr\u00e9sente les d\u00e9tails architecturaux embl\u00e9matiques de la c\u00e9l\u00e8bre basilique, avec des tons vifs de bleu et d&rsquo;orange sur un fond simulant une mosa\u00efque. Le mot \u00ab\u00a0Barcelona\u00a0\u00bb est \u00e9l\u00e9gamment imprim\u00e9, ce qui fait de cette coque un accessoire id\u00e9al pour ceux qui souhaitent porter un morceau d&rsquo;art et de culture catalane sur leur appareil.<\/p>\n","protected":false},"featured_media":12473,"template":"","meta":{"_acf_changed":false},"product_brand":[],"product_cat":[674],"product_tag":[],"class_list":{"0":"post-27090","1":"product","2":"type-product","3":"status-publish","4":"has-post-thumbnail","6":"product_cat-etuis-pour-telephones-portables","7":"pa_ciudad-barcelona","8":"pa_motivo-sagrada-familia","9":"pa_pais-espana","11":"first","12":"instock","13":"shipping-taxable","14":"product-type-simple"},"acf":[],"_links":{"self":[{"href":"https:\/\/olemosaic.orbitalia.org\/fr\/wp-json\/wp\/v2\/product\/27090","targetHints":{"allow":["GET"]}}],"collection":[{"href":"https:\/\/olemosaic.orbitalia.org\/fr\/wp-json\/wp\/v2\/product"}],"about":[{"href":"https:\/\/olemosaic.orbitalia.org\/fr\/wp-json\/wp\/v2\/types\/product"}],"wp:featuredmedia":[{"embeddable":true,"href":"https:\/\/olemosaic.orbitalia.org\/fr\/wp-json\/wp\/v2\/media\/12473"}],"wp:attachment":[{"href":"https:\/\/olemosaic.orbitalia.org\/fr\/wp-json\/wp\/v2\/media?parent=27090"}],"wp:term":[{"taxonomy":"product_brand","embeddable":true,"href":"https:\/\/olemosaic.orbitalia.org\/fr\/wp-json\/wp\/v2\/product_brand?post=27090"},{"taxonomy":"product_cat","embeddable":true,"href":"https:\/\/olemosaic.orbitalia.org\/fr\/wp-json\/wp\/v2\/product_cat?post=27090"},{"taxonomy":"product_tag","embeddable":true,"href":"https:\/\/olemosaic.orbitalia.org\/fr\/wp-json\/wp\/v2\/product_tag?post=27090"}],"curies":[{"name":"wp","href":"https:\/\/api.w.org\/{rel}","templated":true}]}}