{"id":27077,"date":"2025-02-20T23:29:00","date_gmt":"2025-02-20T22:29:00","guid":{"rendered":"https:\/\/olemosaic.orbitalia.org\/producto\/funda-de-telefono-para-iphone-15-pro-tpu-panoramica-barcelona-azul-2\/"},"modified":"2025-07-25T19:37:50","modified_gmt":"2025-07-25T17:37:50","slug":"coque-de-telephone-pour-iphone-15-pro-tpu-panoramique-sagrada-familia-barcelone-bleu","status":"publish","type":"product","link":"https:\/\/olemosaic.orbitalia.org\/fr\/produit\/coque-de-telephone-pour-iphone-15-pro-tpu-panoramique-sagrada-familia-barcelone-bleu\/","title":{"rendered":"Coque de t\u00e9l\u00e9phone pour iPhone 15 Pro (TPU). Panoramique. Sagrada Familia. Barcelone. Bleu"},"content":{"rendered":"<p>Cette coque pour iPhone 15 Pro est un souvenir \u00e9l\u00e9gant de Barcelone qui fusionne fonctionnalit\u00e9 et art. Fabriqu\u00e9e en TPU flexible et durable, elle offre une protection exceptionnelle \u00e0 votre appareil, le pr\u00e9servant des chocs et des rayures. Son design vibrant pr\u00e9sente un panorama de l&#8217;embl\u00e9matique Sagrada Familia, illumin\u00e9e dans des tons orang\u00e9s captivants qui contrastent parfaitement avec un ciel bleu \u00e9clatant. Ce d\u00e9cor est orn\u00e9 de palmiers tropicaux et de b\u00e2timents embl\u00e9matiques de la cit\u00e9 comtale, capturant l&rsquo;essence de l&rsquo;esprit joyeux et color\u00e9 de Barcelone.<\/p>\n<p>Le design contemporain de la coque transforme votre iPhone en une v\u00e9ritable pi\u00e8ce d&rsquo;art portable, id\u00e9ale pour les amateurs d&rsquo;architecture et de culture. La Sagrada Familia, l&rsquo;un des monuments les plus repr\u00e9sentatifs de la ville, ajoute non seulement une touche d&rsquo;\u00e9l\u00e9gance, mais symbolise \u00e9galement la riche histoire et la cr\u00e9ativit\u00e9 du modernisme catalan. Cet article n&rsquo;est pas seulement un accessoire pratique, mais aussi un souvenir m\u00e9morable de votre visite \u00e0 Barcelone.<\/p>\n<p>Ol\u00e9 Mosaic se sp\u00e9cialise dans la distribution de souvenirs en gros, et cette coque pour iPhone est une excellente option pour les boutiques de cadeaux touristiques cherchant \u00e0 proposer des articles refl\u00e9tant la culture et la sophistication de Barcelone. Ajoutez ce souvenir attrayant \u00e0 votre catalogue et offrez \u00e0 vos clients une fa\u00e7on unique d&#8217;emporter avec eux un morceau de cette ville merveilleuse.<\/p>\n","protected":false},"excerpt":{"rendered":"<p>Coque pour iPhone 15 Pro fabriqu\u00e9e en TPU, montrant un panorama vibrant de Barcelone. Le design met en avant l&#8217;embl\u00e9matique Sagrada Familia dans des tons orang\u00e9s et un ciel bleu \u00e9clatant, compl\u00e9t\u00e9 par des \u00e9l\u00e9ments embl\u00e9matiques de la ville, tels que des palmiers et des b\u00e2timents color\u00e9s. Avec une touche joyeuse et contemporaine, cette coque fusionne protection et style, transformant votre appareil en une expression du charme barcelonais. Id\u00e9al pour ceux qui recherchent un souvenir fonctionnel et artistique.<\/p>\n","protected":false},"featured_media":12454,"template":"","meta":{"_acf_changed":false},"product_brand":[],"product_cat":[674],"product_tag":[],"class_list":{"0":"post-27077","1":"product","2":"type-product","3":"status-publish","4":"has-post-thumbnail","6":"product_cat-etuis-pour-telephones-portables","7":"pa_ciudad-barcelona","8":"pa_motivo-panoramas","9":"pa_pais-espana","11":"first","12":"instock","13":"shipping-taxable","14":"product-type-simple"},"acf":[],"_links":{"self":[{"href":"https:\/\/olemosaic.orbitalia.org\/fr\/wp-json\/wp\/v2\/product\/27077","targetHints":{"allow":["GET"]}}],"collection":[{"href":"https:\/\/olemosaic.orbitalia.org\/fr\/wp-json\/wp\/v2\/product"}],"about":[{"href":"https:\/\/olemosaic.orbitalia.org\/fr\/wp-json\/wp\/v2\/types\/product"}],"wp:featuredmedia":[{"embeddable":true,"href":"https:\/\/olemosaic.orbitalia.org\/fr\/wp-json\/wp\/v2\/media\/12454"}],"wp:attachment":[{"href":"https:\/\/olemosaic.orbitalia.org\/fr\/wp-json\/wp\/v2\/media?parent=27077"}],"wp:term":[{"taxonomy":"product_brand","embeddable":true,"href":"https:\/\/olemosaic.orbitalia.org\/fr\/wp-json\/wp\/v2\/product_brand?post=27077"},{"taxonomy":"product_cat","embeddable":true,"href":"https:\/\/olemosaic.orbitalia.org\/fr\/wp-json\/wp\/v2\/product_cat?post=27077"},{"taxonomy":"product_tag","embeddable":true,"href":"https:\/\/olemosaic.orbitalia.org\/fr\/wp-json\/wp\/v2\/product_tag?post=27077"}],"curies":[{"name":"wp","href":"https:\/\/api.w.org\/{rel}","templated":true}]}}