{"id":27076,"date":"2025-02-20T22:29:00","date_gmt":"2025-02-20T22:29:00","guid":{"rendered":"https:\/\/olemosaic.orbitalia.org\/producto\/funda-de-telefono-para-iphone-15-pro-tpu-panoramica-barcelona-azul\/"},"modified":"2025-07-25T20:23:00","modified_gmt":"2025-07-25T18:23:00","slug":"coque-de-telephone-pour-iphone-15-pro-tpu-panoramique-barcelone-bleu","status":"publish","type":"product","link":"https:\/\/olemosaic.orbitalia.org\/fr\/produit\/coque-de-telephone-pour-iphone-15-pro-tpu-panoramique-barcelone-bleu\/","title":{"rendered":"Coque de t\u00e9l\u00e9phone pour iPhone 15 Pro (TPU). Panoramique. Barcelone. Bleu"},"content":{"rendered":"<p>Cette coque pour iPhone 15 Pro est un hommage \u00e9l\u00e9gant \u00e0 la vibrante Barcelone, id\u00e9ale pour ceux qui souhaitent emporter avec eux un morceau de son esprit. Fabriqu\u00e9e en TPU, un mat\u00e9riau flexible et r\u00e9sistant, cette coque prot\u00e8ge non seulement votre appareil des chutes et des rayures, mais se distingue \u00e9galement par son panorama captivant dans les tons bleus. Le design inclut des \u00e9l\u00e9ments embl\u00e9matiques de la ville, comme l&#8217;embl\u00e9matique Sagrada Familia, avec ses tours s&rsquo;\u00e9levant majestueusement, ainsi que d&rsquo;autres monuments repr\u00e9sentatifs qui ornent l&rsquo;horizon barcelonais.<\/p>\n<p>Chaque d\u00e9tail artistique a \u00e9t\u00e9 soigneusement \u00e9labor\u00e9, avec des touches color\u00e9es qui rehaussent l&rsquo;\u00e9nergie et la diversit\u00e9 culturelle de Barcelone. Le fond bleu stylis\u00e9 repr\u00e9sente le ciel m\u00e9diterran\u00e9en, cr\u00e9ant un contraste parfait avec les illustrations vibrantes de la ville. Ce souvenir n&rsquo;est pas seulement fonctionnel, il agit \u00e9galement comme un rappel expressif des merveilles catalanes, constituant une excellente option pour les touristes \u00e0 la recherche d&rsquo;un souvenir authentique et significatif.<\/p>\n<p>Chez Ol\u00e9 Mosaic, nous proposons une s\u00e9lection de souvenirs uniques et pertinents, et cette coque est un choix id\u00e9al pour les boutiques de cadeaux touristiques souhaitant offrir des produits de qualit\u00e9 c\u00e9l\u00e9brant la richesse culturelle de Barcelone. En tant que distributeurs d&rsquo;articles repr\u00e9sentatifs, nous garantissons que chaque pi\u00e8ce, comme cette coque, encapsule l&rsquo;authenticit\u00e9 et le caract\u00e8re de la ville.<\/p>\n","protected":false},"excerpt":{"rendered":"<p>Coque pour iPhone 15 Pro fabriqu\u00e9e en TPU, avec un panorama vibrant de Barcelone dans les tons bleus. Son design inclut des \u00e9l\u00e9ments embl\u00e9matiques de la ville, comme la Sagrada Familia et d&rsquo;autres monuments, sous un ciel bleu stylis\u00e9 et avec des d\u00e9tails artistique color\u00e9s. Cette coque prot\u00e8ge non seulement votre appareil, mais offre \u00e9galement une repr\u00e9sentation visuelle de l&rsquo;esprit et de la culture barcelonaise, rendant votre t\u00e9l\u00e9phone v\u00e9ritablement unique et expressif.<\/p>\n","protected":false},"featured_media":12452,"template":"","meta":{"_acf_changed":false},"product_brand":[],"product_cat":[674],"product_tag":[],"class_list":{"0":"post-27076","1":"product","2":"type-product","3":"status-publish","4":"has-post-thumbnail","6":"product_cat-etuis-pour-telephones-portables","7":"pa_ciudad-barcelona","8":"pa_motivo-panoramas","9":"pa_pais-espana","11":"first","12":"instock","13":"shipping-taxable","14":"product-type-simple"},"acf":[],"_links":{"self":[{"href":"https:\/\/olemosaic.orbitalia.org\/fr\/wp-json\/wp\/v2\/product\/27076","targetHints":{"allow":["GET"]}}],"collection":[{"href":"https:\/\/olemosaic.orbitalia.org\/fr\/wp-json\/wp\/v2\/product"}],"about":[{"href":"https:\/\/olemosaic.orbitalia.org\/fr\/wp-json\/wp\/v2\/types\/product"}],"wp:featuredmedia":[{"embeddable":true,"href":"https:\/\/olemosaic.orbitalia.org\/fr\/wp-json\/wp\/v2\/media\/12452"}],"wp:attachment":[{"href":"https:\/\/olemosaic.orbitalia.org\/fr\/wp-json\/wp\/v2\/media?parent=27076"}],"wp:term":[{"taxonomy":"product_brand","embeddable":true,"href":"https:\/\/olemosaic.orbitalia.org\/fr\/wp-json\/wp\/v2\/product_brand?post=27076"},{"taxonomy":"product_cat","embeddable":true,"href":"https:\/\/olemosaic.orbitalia.org\/fr\/wp-json\/wp\/v2\/product_cat?post=27076"},{"taxonomy":"product_tag","embeddable":true,"href":"https:\/\/olemosaic.orbitalia.org\/fr\/wp-json\/wp\/v2\/product_tag?post=27076"}],"curies":[{"name":"wp","href":"https:\/\/api.w.org\/{rel}","templated":true}]}}