{"id":27075,"date":"2025-02-20T22:29:00","date_gmt":"2025-02-20T22:29:00","guid":{"rendered":"https:\/\/olemosaic.orbitalia.org\/producto\/funda-de-telefono-para-iphone-15-pro-tpu-salamandra-mallorca-blanco\/"},"modified":"2025-07-25T20:02:56","modified_gmt":"2025-07-25T18:02:56","slug":"coque-de-telephone-pour-iphone-15-pro-tpu-salamandre-majorque-blanc","status":"publish","type":"product","link":"https:\/\/olemosaic.orbitalia.org\/fr\/produit\/coque-de-telephone-pour-iphone-15-pro-tpu-salamandre-majorque-blanc\/","title":{"rendered":"Coque de t\u00e9l\u00e9phone pour iPhone 15 Pro (TPU). Salamandre. Majorque. Blanc"},"content":{"rendered":"<p>Cette coque pour iPhone 15 Pro est un accessoire impressionnant qui capture l&rsquo;essence vibrante de Majorque. Fabriqu\u00e9e en TPU de haute qualit\u00e9, elle garantit une protection optimale de votre appareil tout en arborant un design artistique qui ne passera pas inaper\u00e7u. Sur sa surface blanche, une mosa\u00efque complexe \u00e9voque les styles fascinants typiques de l&rsquo;\u00eele, apportant une touche d&rsquo;authenticit\u00e9 multiculturelle. Les salamandres, symboles cl\u00e9s de la faune majorquine, sont soigneusement illustr\u00e9es dans un ensemble de couleurs \u00e9clatantes qui ajoutent \u00e9nergie et joie \u00e0 la coque. Chaque salamandre s&rsquo;entrelace avec des \u00e9l\u00e9ments floraux aux tons vifs, cr\u00e9ant un ensemble visuellement attrayant qui souligne la richesse naturelle de Majorque. De plus, le mot \u00ab Majorque \u00bb est pr\u00e9sent\u00e9 dans un style moderne et color\u00e9, s&rsquo;int\u00e9grant parfaitement au design et transformant cette coque en une expression de fonctionnalit\u00e9 et d&rsquo;art.<\/p>\n<p>Ce souvenir n&rsquo;est pas seulement un article pratique de tous les jours, mais il repr\u00e9sente aussi un morceau de l&rsquo;identit\u00e9 culturelle de Majorque, id\u00e9al pour ceux qui cherchent \u00e0 emporter avec eux un souvenir authentique de leur visite sur cette \u00eele magique. Chez Ol\u00e9 Mosaic, nous distribuons des souvenirs de haute qualit\u00e9, et cette coque est un excellent choix pour les boutiques de cadeaux touristiques souhaitant proposer des articles m\u00e9morables et significatifs. Avec notre vari\u00e9t\u00e9 de produits, nous garantissons l&rsquo;authenticit\u00e9 et la pertinence culturelle de chaque pi\u00e8ce, faisant de cette coque un choix id\u00e9al pour ceux qui recherchent quelque chose de sp\u00e9cial de Majorque.<\/p>\n","protected":false},"excerpt":{"rendered":"<p>Coque pour iPhone 15 Pro fabriqu\u00e9e en TPU, avec un design vibrant de salamandres repr\u00e9sentant la faune de Majorque. Le fond blanc se combine avec une mosa\u00efque complexe \u00e9voquant le style typique de l&rsquo;\u00eele, tandis que des \u00e9l\u00e9ments floraux aux couleurs \u00e9clatantes ajoutent une touche joyeuse. Le mot \u00ab Majorque \u00bb est imprim\u00e9 dans un style moderne et color\u00e9, transformant cette coque en un accessoire \u00e0 la fois fonctionnel et artistique.<\/p>\n","protected":false},"featured_media":12979,"template":"","meta":{"_acf_changed":false},"product_brand":[],"product_cat":[674],"product_tag":[530],"class_list":{"0":"post-27075","1":"product","2":"type-product","3":"status-publish","4":"has-post-thumbnail","6":"product_cat-etuis-pour-telephones-portables","7":"product_tag-animaux","8":"pa_ciudad-mallorca","9":"pa_motivo-salamandres","10":"pa_pais-espana","12":"first","13":"instock","14":"shipping-taxable","15":"product-type-simple"},"acf":[],"_links":{"self":[{"href":"https:\/\/olemosaic.orbitalia.org\/fr\/wp-json\/wp\/v2\/product\/27075","targetHints":{"allow":["GET"]}}],"collection":[{"href":"https:\/\/olemosaic.orbitalia.org\/fr\/wp-json\/wp\/v2\/product"}],"about":[{"href":"https:\/\/olemosaic.orbitalia.org\/fr\/wp-json\/wp\/v2\/types\/product"}],"wp:featuredmedia":[{"embeddable":true,"href":"https:\/\/olemosaic.orbitalia.org\/fr\/wp-json\/wp\/v2\/media\/12979"}],"wp:attachment":[{"href":"https:\/\/olemosaic.orbitalia.org\/fr\/wp-json\/wp\/v2\/media?parent=27075"}],"wp:term":[{"taxonomy":"product_brand","embeddable":true,"href":"https:\/\/olemosaic.orbitalia.org\/fr\/wp-json\/wp\/v2\/product_brand?post=27075"},{"taxonomy":"product_cat","embeddable":true,"href":"https:\/\/olemosaic.orbitalia.org\/fr\/wp-json\/wp\/v2\/product_cat?post=27075"},{"taxonomy":"product_tag","embeddable":true,"href":"https:\/\/olemosaic.orbitalia.org\/fr\/wp-json\/wp\/v2\/product_tag?post=27075"}],"curies":[{"name":"wp","href":"https:\/\/api.w.org\/{rel}","templated":true}]}}