{"id":27074,"date":"2025-02-20T22:29:00","date_gmt":"2025-02-20T22:29:00","guid":{"rendered":"https:\/\/olemosaic.orbitalia.org\/producto\/funda-de-telefono-para-iphone-15-pro-tpu-abstracto-negro\/"},"modified":"2025-07-25T20:38:48","modified_gmt":"2025-07-25T18:38:48","slug":"coque-de-telephone-pour-iphone-15-pro-tpu-abstrait-noir","status":"publish","type":"product","link":"https:\/\/olemosaic.orbitalia.org\/fr\/produit\/coque-de-telephone-pour-iphone-15-pro-tpu-abstrait-noir\/","title":{"rendered":"Coque de t\u00e9l\u00e9phone pour iPhone 15 Pro (TPU). Abstrait. Noir"},"content":{"rendered":"<p>Cette coque pour iPhone 15 Pro est le choix parfait pour ceux qui recherchent une combinaison unique de style et de protection. Fabriqu\u00e9e en TPU, elle offre une r\u00e9sistance exceptionnelle contre les chocs et les chutes, assurant l&rsquo;int\u00e9grit\u00e9 de votre appareil. Son \u00e9l\u00e9gant fond noir est orn\u00e9 de lignes ondul\u00e9es de couleurs vibrantes qui cr\u00e9ent un effet dynamique et moderne, \u00e9voquant l&rsquo;essence contemporaine de la technologie actuelle. Le design abstrait met non seulement en valeur l&rsquo;esth\u00e9tique visuelle, mais offre \u00e9galement une expression de cr\u00e9ativit\u00e9 et d&rsquo;originalit\u00e9, id\u00e9ale pour ceux qui souhaitent se d\u00e9marquer au quotidien.<\/p>\n<p>La technologie d&rsquo;impression utilis\u00e9e garantit une haute qualit\u00e9 visuelle, faisant ressortir chaque d\u00e9tail de ce design captivant avec clart\u00e9 et vivacit\u00e9. Avec cette coque, vous ne prot\u00e9gerez pas seulement votre t\u00e9l\u00e9phone, mais vous ajouterez \u00e9galement une touche de sophistication \u00e0 votre style personnel. Parfaite comme souvenir pour les touristes souhaitant emporter un souvenir fonctionnel de leur visite dans des villes pleines d&rsquo;art et de cr\u00e9ativit\u00e9, cette coque est une excellente id\u00e9e de cadeau. Chez Ol\u00e9 Mosaic, nous nous sp\u00e9cialisons dans la distribution de souvenirs en gros, et cette coque pour iPhone est un t\u00e9moignage de notre engagement envers la qualit\u00e9 et l&rsquo;authenticit\u00e9 de chaque produit que nous proposons.<\/p>\n","protected":false},"excerpt":{"rendered":"<p>Coque de t\u00e9l\u00e9phone pour iPhone 15 Pro en TPU avec design abstrait. Son \u00e9l\u00e9gant fond noir est rehauss\u00e9 par des lignes ondul\u00e9es de couleurs vibrantes qui \u00e9voquent un effet dynamique et moderne. La technologie d&rsquo;impression garantit une haute qualit\u00e9 visuelle, faisant de cette coque une option attrayante et fonctionnelle. Parfaite pour ceux qui cherchent \u00e0 prot\u00e9ger leur appareil sans sacrifier le style, cette coque est une expression de cr\u00e9ativit\u00e9 et d&rsquo;originalit\u00e9.<\/p>\n","protected":false},"featured_media":12462,"template":"","meta":{"_acf_changed":false},"product_brand":[],"product_cat":[674],"product_tag":[],"class_list":{"0":"post-27074","1":"product","2":"type-product","3":"status-publish","4":"has-post-thumbnail","6":"product_cat-etuis-pour-telephones-portables","7":"pa_motivo-resume","9":"first","10":"instock","11":"shipping-taxable","12":"product-type-simple"},"acf":[],"_links":{"self":[{"href":"https:\/\/olemosaic.orbitalia.org\/fr\/wp-json\/wp\/v2\/product\/27074","targetHints":{"allow":["GET"]}}],"collection":[{"href":"https:\/\/olemosaic.orbitalia.org\/fr\/wp-json\/wp\/v2\/product"}],"about":[{"href":"https:\/\/olemosaic.orbitalia.org\/fr\/wp-json\/wp\/v2\/types\/product"}],"wp:featuredmedia":[{"embeddable":true,"href":"https:\/\/olemosaic.orbitalia.org\/fr\/wp-json\/wp\/v2\/media\/12462"}],"wp:attachment":[{"href":"https:\/\/olemosaic.orbitalia.org\/fr\/wp-json\/wp\/v2\/media?parent=27074"}],"wp:term":[{"taxonomy":"product_brand","embeddable":true,"href":"https:\/\/olemosaic.orbitalia.org\/fr\/wp-json\/wp\/v2\/product_brand?post=27074"},{"taxonomy":"product_cat","embeddable":true,"href":"https:\/\/olemosaic.orbitalia.org\/fr\/wp-json\/wp\/v2\/product_cat?post=27074"},{"taxonomy":"product_tag","embeddable":true,"href":"https:\/\/olemosaic.orbitalia.org\/fr\/wp-json\/wp\/v2\/product_tag?post=27074"}],"curies":[{"name":"wp","href":"https:\/\/api.w.org\/{rel}","templated":true}]}}