{"id":27062,"date":"2025-02-20T22:28:59","date_gmt":"2025-02-20T22:28:59","guid":{"rendered":"https:\/\/olemosaic.orbitalia.org\/producto\/funda-de-telefono-para-iphone-15-tpu-forjas-azul\/"},"modified":"2025-07-25T20:31:26","modified_gmt":"2025-07-25T18:31:26","slug":"coque-de-telephone-pour-iphone-15-tpu-forges-bleu","status":"publish","type":"product","link":"https:\/\/olemosaic.orbitalia.org\/fr\/produit\/coque-de-telephone-pour-iphone-15-tpu-forges-bleu\/","title":{"rendered":"Coque de t\u00e9l\u00e9phone pour iPhone 15 (TPU). Forges. Bleu"},"content":{"rendered":"<p>Cette coque pour iPhone 15 est un accessoire indispensable pour ceux qui souhaitent combiner protection et style avec une touche d&rsquo;h\u00e9ritage culturel. Fabriqu\u00e9e en TPU, elle garantit non seulement la durabilit\u00e9 et la r\u00e9sistance n\u00e9cessaires pour prot\u00e9ger votre appareil, mais pr\u00e9sente \u00e9galement un design \u00e9l\u00e9gant inspir\u00e9 des forges espagnoles traditionnelles. Son fond bleu fonc\u00e9 est orn\u00e9 de motifs blancs complexes qui \u00e9voquent l&rsquo;ornementation classique de l&rsquo;architecture espagnole, cr\u00e9ant un contraste visuel captivant et sophistiqu\u00e9.<\/p>\n<p>Les motifs d\u00e9coratifs, de style vintage, refl\u00e8tent la riche tradition artistique qui caract\u00e9rise de nombreuses villes d&rsquo;Espagne. Ce d\u00e9tail n&#8217;embellit pas seulement la coque, il la transforme en un v\u00e9ritable hommage \u00e0 la ma\u00eetrise des artisans et \u00e0 leur h\u00e9ritage culturel. La combinaison de fonctionnalit\u00e9 et d&rsquo;esth\u00e9tique en fait un choix id\u00e9al pour ceux qui recherchent un souvenir authentique repr\u00e9sentant l&rsquo;essence de l&rsquo;Espagne.<\/p>\n<p>Chez Ol\u00e9 Mosaic, en tant que distributeurs de souvenirs en gros, nous proposons des produits qui se distinguent par leur qualit\u00e9 et leur connexion culturelle. Ce souvenir est un choix exceptionnel pour les boutiques de cadeaux touristiques souhaitant offrir \u00e0 leurs clients un accessoire distinctif et pertinent li\u00e9 \u00e0 la riche histoire et \u00e0 l&rsquo;art espagnol.<\/p>\n","protected":false},"excerpt":{"rendered":"<p>Coque pour iPhone 15 fabriqu\u00e9e en TPU, avec un design \u00e9l\u00e9gant inspir\u00e9 des forges traditionnelles. Elle pr\u00e9sente un fond bleu fonc\u00e9 orn\u00e9 de motifs blancs complexes, \u00e9voquant l&rsquo;ornementation de l&rsquo;architecture classique. Cet accessoire combine durabilit\u00e9 et style, prot\u00e9geant votre appareil tout en lui apportant une touche distinctive qui rappelle le riche h\u00e9ritage artistique de l&rsquo;Espagne. Id\u00e9al pour ceux qui recherchent une fusion de fonctionnalit\u00e9 et d&rsquo;esth\u00e9tique.<\/p>\n","protected":false},"featured_media":12436,"template":"","meta":{"_acf_changed":false},"product_brand":[],"product_cat":[674],"product_tag":[],"class_list":{"0":"post-27062","1":"product","2":"type-product","3":"status-publish","4":"has-post-thumbnail","6":"product_cat-etuis-pour-telephones-portables","7":"pa_motivo-forges","9":"first","10":"instock","11":"shipping-taxable","12":"product-type-simple"},"acf":[],"_links":{"self":[{"href":"https:\/\/olemosaic.orbitalia.org\/fr\/wp-json\/wp\/v2\/product\/27062","targetHints":{"allow":["GET"]}}],"collection":[{"href":"https:\/\/olemosaic.orbitalia.org\/fr\/wp-json\/wp\/v2\/product"}],"about":[{"href":"https:\/\/olemosaic.orbitalia.org\/fr\/wp-json\/wp\/v2\/types\/product"}],"wp:featuredmedia":[{"embeddable":true,"href":"https:\/\/olemosaic.orbitalia.org\/fr\/wp-json\/wp\/v2\/media\/12436"}],"wp:attachment":[{"href":"https:\/\/olemosaic.orbitalia.org\/fr\/wp-json\/wp\/v2\/media?parent=27062"}],"wp:term":[{"taxonomy":"product_brand","embeddable":true,"href":"https:\/\/olemosaic.orbitalia.org\/fr\/wp-json\/wp\/v2\/product_brand?post=27062"},{"taxonomy":"product_cat","embeddable":true,"href":"https:\/\/olemosaic.orbitalia.org\/fr\/wp-json\/wp\/v2\/product_cat?post=27062"},{"taxonomy":"product_tag","embeddable":true,"href":"https:\/\/olemosaic.orbitalia.org\/fr\/wp-json\/wp\/v2\/product_tag?post=27062"}],"curies":[{"name":"wp","href":"https:\/\/api.w.org\/{rel}","templated":true}]}}