{"id":27014,"date":"2025-02-20T22:28:57","date_gmt":"2025-02-20T22:28:57","guid":{"rendered":"https:\/\/olemosaic.orbitalia.org\/producto\/funda-de-telefono-para-iphone-14-promax-tpu-mariposa-mallorca-blanco\/"},"modified":"2025-07-25T20:02:00","modified_gmt":"2025-07-25T18:02:00","slug":"coque-de-telephone-pour-iphone-14-pro-max-tpu-papillon-majorque-blanc","status":"publish","type":"product","link":"https:\/\/olemosaic.orbitalia.org\/fr\/produit\/coque-de-telephone-pour-iphone-14-pro-max-tpu-papillon-majorque-blanc\/","title":{"rendered":"Coque de t\u00e9l\u00e9phone pour iPhone 14 Pro Max (TPU). Papillon. Majorque. Blanc"},"content":{"rendered":"<p>Cette coque pour iPhone 14 Pro Max est un accessoire indispensable pour ceux qui cherchent \u00e0 allier style et fonctionnalit\u00e9, inspir\u00e9e par la beaut\u00e9 naturelle exub\u00e9rante de Majorque. Fabriqu\u00e9e en TPU r\u00e9sistant, cette coque pr\u00e9sente un design vibrant qui \u00e9voque l&rsquo;art de la mosa\u00efque m\u00e9diterran\u00e9enne, avec un fond blanc parsem\u00e9 de fragments dans des tons rouges et bleus qui captent l&rsquo;essence du paysage majorquin. Les papillons aux couleurs \u00e9clatantes, avec leurs ailes illustr\u00e9es en d\u00e9tail, semblent voler sur la surface, ajoutant une touche de joie et de dynamisme au design. Le texte \u00ab\u00a0Mallorca\u00a0\u00bb est \u00e9l\u00e9gamment imprim\u00e9 dans un style fluide qui rehausse la modernit\u00e9 de l&rsquo;accessoire, en parfaite harmonie avec la faune locale.<\/p>\n<p>Ce souvenir n&rsquo;est pas seulement une excellente option pour prot\u00e9ger votre appareil, mais il repr\u00e9sente \u00e9galement un morceau de la riche culture de Majorque, c\u00e9l\u00e8bre pour sa biodiversit\u00e9 et ses paysages vibrants. L&rsquo;importance du papillon dans l&rsquo;\u00e9cosyst\u00e8me local symbolise la transformation et la libert\u00e9, faisant de chaque utilisation de cette coque un rappel de la beaut\u00e9 naturelle de l&rsquo;\u00eele. Chez Ol\u00e9 Mosaic, en tant que grossistes d&rsquo;accessoires de souvenirs, nous garantissons que chaque pi\u00e8ce de notre collection, y compris cette coque, est authentique et de qualit\u00e9, id\u00e9ale pour les boutiques de cadeaux touristiques qui cherchent \u00e0 offrir \u00e0 leurs clients des souvenirs significatifs de leurs voyages.<\/p>\n","protected":false},"excerpt":{"rendered":"<p>Coque pour iPhone 14 Pro Max fabriqu\u00e9e en TPU, avec un design vibrant de papillons inspir\u00e9 de la beaut\u00e9 de Majorque. La coque pr\u00e9sente un fond blanc parsem\u00e9 de fragments de mosa\u00efque dans des tons rouges et bleus, sur lesquels se d\u00e9tachent des papillons aux couleurs \u00e9clatantes, \u00e9voquant la faune locale. Le texte \u00ab\u00a0Mallorca\u00a0\u00bb est imprim\u00e9 dans un style fluide, ajoutant une touche moderne et attrayante \u00e0 cet accessoire fonctionnel. Id\u00e9al pour ceux qui cherchent \u00e0 prot\u00e9ger leur appareil avec style.<\/p>\n","protected":false},"featured_media":12969,"template":"","meta":{"_acf_changed":false},"product_brand":[],"product_cat":[674],"product_tag":[530],"class_list":{"0":"post-27014","1":"product","2":"type-product","3":"status-publish","4":"has-post-thumbnail","6":"product_cat-etuis-pour-telephones-portables","7":"product_tag-animaux","8":"pa_ciudad-mallorca","9":"pa_motivo-papillons","10":"pa_pais-espana","12":"first","13":"instock","14":"shipping-taxable","15":"product-type-simple"},"acf":[],"_links":{"self":[{"href":"https:\/\/olemosaic.orbitalia.org\/fr\/wp-json\/wp\/v2\/product\/27014","targetHints":{"allow":["GET"]}}],"collection":[{"href":"https:\/\/olemosaic.orbitalia.org\/fr\/wp-json\/wp\/v2\/product"}],"about":[{"href":"https:\/\/olemosaic.orbitalia.org\/fr\/wp-json\/wp\/v2\/types\/product"}],"wp:featuredmedia":[{"embeddable":true,"href":"https:\/\/olemosaic.orbitalia.org\/fr\/wp-json\/wp\/v2\/media\/12969"}],"wp:attachment":[{"href":"https:\/\/olemosaic.orbitalia.org\/fr\/wp-json\/wp\/v2\/media?parent=27014"}],"wp:term":[{"taxonomy":"product_brand","embeddable":true,"href":"https:\/\/olemosaic.orbitalia.org\/fr\/wp-json\/wp\/v2\/product_brand?post=27014"},{"taxonomy":"product_cat","embeddable":true,"href":"https:\/\/olemosaic.orbitalia.org\/fr\/wp-json\/wp\/v2\/product_cat?post=27014"},{"taxonomy":"product_tag","embeddable":true,"href":"https:\/\/olemosaic.orbitalia.org\/fr\/wp-json\/wp\/v2\/product_tag?post=27014"}],"curies":[{"name":"wp","href":"https:\/\/api.w.org\/{rel}","templated":true}]}}