{"id":27010,"date":"2025-02-20T22:28:57","date_gmt":"2025-02-20T22:28:57","guid":{"rendered":"https:\/\/olemosaic.orbitalia.org\/producto\/funda-de-telefono-para-iphone-14-pro-tpu-salamandra-negro\/"},"modified":"2025-07-25T19:23:20","modified_gmt":"2025-07-25T17:23:20","slug":"coque-de-telephone-pour-iphone-14-pro-tpu-salamandre-noir","status":"publish","type":"product","link":"https:\/\/olemosaic.orbitalia.org\/fr\/produit\/coque-de-telephone-pour-iphone-14-pro-tpu-salamandre-noir\/","title":{"rendered":"Coque de t\u00e9l\u00e9phone pour iPhone 14 Pro (TPU). Salamandre. Noir"},"content":{"rendered":"<p>Cette coque pour iPhone 14 Pro est un bijou d&rsquo;art folklorique, d\u00e9cor\u00e9e de salamandres vibrantes et de fleurs sur un \u00e9l\u00e9gant fond noir. Fabriqu\u00e9e en TPU, cet accessoire offre non seulement r\u00e9sistance et durabilit\u00e9, mais se distingue \u00e9galement par son design artistique qui \u00e9voque les couleurs de la nature et de la culture traditionnelle. Les salamandres, repr\u00e9sent\u00e9es dans des tons bleus, verts et rouges, captent l&rsquo;attention par leurs formes fluides, tandis que les fleurs d\u00e9licates apportent une touche joyeuse et fra\u00eeche, cr\u00e9ant une harmonie visuelle qui transforme la protection de votre appareil en une expression culturelle.<\/p>\n<p>Ce souvenir n&rsquo;est pas seulement un objet fonctionnel, mais un rappel de la richesse et de la diversit\u00e9 du folklore espagnol. Les salamandres, symboles de renaissance et de transformation, relient le porteur aux traditions ancestrales et au respect de la nature, des caract\u00e9ristiques profond\u00e9ment ancr\u00e9es dans plusieurs r\u00e9gions d&rsquo;Espagne. En choisissant cette coque, les touristes ont l&rsquo;opportunit\u00e9 d&#8217;emporter avec eux une pi\u00e8ce d&rsquo;art authentique qui repr\u00e9sentera leurs souvenirs de voyage de mani\u00e8re vibrante.<\/p>\n<p>Chez Ol\u00e9 Mosaic, nous nous sp\u00e9cialisons dans la distribution de souvenirs en gros, offrant des produits qui se distinguent par leur qualit\u00e9 et leur pertinence culturelle, id\u00e9aux pour les boutiques de cadeaux touristiques \u00e0 la recherche d&rsquo;articles authentiques et attrayants. Cette coque de t\u00e9l\u00e9phone est une excellente option pour ceux qui souhaitent un souvenir fonctionnel et esth\u00e9tiquement agr\u00e9able, qui souligne la beaut\u00e9 du folklore espagnol tout en prot\u00e9geant leur appareil.<\/p>\n","protected":false},"excerpt":{"rendered":"<p>Coque de t\u00e9l\u00e9phone pour iPhone 14 Pro en TPU, orn\u00e9e de salamandres color\u00e9es et de fleurs sur un fond noir. Ce design vibrant \u00e9voque l&rsquo;art folklorique, mettant en valeur les salamandres dans des tons bleu, vert et rouge, entour\u00e9es de fleurs d\u00e9licates qui apportent une touche joyeuse. Le mat\u00e9riau TPU offre r\u00e9sistance et durabilit\u00e9, garantissant la protection de l&rsquo;appareil et ajoutant un \u00e9l\u00e9ment artistique et culturel \u00e0 votre style.<\/p>\n","protected":false},"featured_media":13024,"template":"","meta":{"_acf_changed":false},"product_brand":[],"product_cat":[674],"product_tag":[530],"class_list":{"0":"post-27010","1":"product","2":"type-product","3":"status-publish","4":"has-post-thumbnail","6":"product_cat-etuis-pour-telephones-portables","7":"product_tag-animaux","8":"pa_motivo-salamandres","10":"first","11":"instock","12":"shipping-taxable","13":"product-type-simple"},"acf":[],"_links":{"self":[{"href":"https:\/\/olemosaic.orbitalia.org\/fr\/wp-json\/wp\/v2\/product\/27010","targetHints":{"allow":["GET"]}}],"collection":[{"href":"https:\/\/olemosaic.orbitalia.org\/fr\/wp-json\/wp\/v2\/product"}],"about":[{"href":"https:\/\/olemosaic.orbitalia.org\/fr\/wp-json\/wp\/v2\/types\/product"}],"wp:featuredmedia":[{"embeddable":true,"href":"https:\/\/olemosaic.orbitalia.org\/fr\/wp-json\/wp\/v2\/media\/13024"}],"wp:attachment":[{"href":"https:\/\/olemosaic.orbitalia.org\/fr\/wp-json\/wp\/v2\/media?parent=27010"}],"wp:term":[{"taxonomy":"product_brand","embeddable":true,"href":"https:\/\/olemosaic.orbitalia.org\/fr\/wp-json\/wp\/v2\/product_brand?post=27010"},{"taxonomy":"product_cat","embeddable":true,"href":"https:\/\/olemosaic.orbitalia.org\/fr\/wp-json\/wp\/v2\/product_cat?post=27010"},{"taxonomy":"product_tag","embeddable":true,"href":"https:\/\/olemosaic.orbitalia.org\/fr\/wp-json\/wp\/v2\/product_tag?post=27010"}],"curies":[{"name":"wp","href":"https:\/\/api.w.org\/{rel}","templated":true}]}}