{"id":26991,"date":"2025-02-20T22:28:55","date_gmt":"2025-02-20T22:28:55","guid":{"rendered":"https:\/\/olemosaic.orbitalia.org\/producto\/funda-de-telefono-para-iphone-13-promax-tpu-motivos-marinos-azul\/"},"modified":"2025-07-25T20:01:11","modified_gmt":"2025-07-25T18:01:11","slug":"coque-de-telephone-pour-iphone-13-promax-tpu-motifs-marins-bleu","status":"publish","type":"product","link":"https:\/\/olemosaic.orbitalia.org\/fr\/produit\/coque-de-telephone-pour-iphone-13-promax-tpu-motifs-marins-bleu\/","title":{"rendered":"Coque de t\u00e9l\u00e9phone pour iPhone 13 Pro Max (TPU). Motifs marins. Bleu"},"content":{"rendered":"<p>Cette coque pour iPhone 13 Pro Max est un accessoire attrayant qui fusionne fonctionnalit\u00e9 et art, con\u00e7u sp\u00e9cialement pour les amoureux de la mer et de la nature. Fabriqu\u00e9e en TPU, elle offre une protection robuste et durable pour votre appareil, garantissant son int\u00e9grit\u00e9 face aux chocs et aux chutes. Le design vibrant aux motifs marins pr\u00e9sente une illustration color\u00e9e qui d\u00e9peint une sc\u00e8ne sous-marine pleine de vie, avec des dauphins et des tortues nageant gracieusement parmi les coraux et les algues.<\/p>\n<p>Le fond bleu profond rehausse la richesse des d\u00e9tails, tandis que les tonalit\u00e9s chaudes et froides se combinent harmonieusement pour cr\u00e9er une sensation de fra\u00eecheur et de tranquillit\u00e9, \u00e9voquant la beaut\u00e9 de l&rsquo;oc\u00e9an. Ce design, en plus d&rsquo;\u00eatre visuellement attrayant, capture l&rsquo;essence de la diversit\u00e9 marine, devenant un souvenir parfait pour ceux qui visitent les c\u00f4tes espagnoles et recherchent des souvenirs refl\u00e9tant leur amour pour la mer.<\/p>\n<p>En tant que distributeur de souvenirs en gros, Ol\u00e9 Mosaic propose ce produit unique, id\u00e9al pour les boutiques de cadeaux touristiques souhaitant offrir \u00e0 leurs clients des pi\u00e8ces authentiques et repr\u00e9sentatives de la culture maritime. Cette coque de t\u00e9l\u00e9phone n&rsquo;est pas seulement un accessoire pratique, mais aussi un t\u00e9moignage de la splendeur naturelle que l&rsquo;on trouve dans les eaux qui baignent nos c\u00f4tes, ce qui en fait un excellent souvenir qui ram\u00e8ne un morceau de l&rsquo;oc\u00e9an \u00e0 la maison.<\/p>\n","protected":false},"excerpt":{"rendered":"<p>Coque pour iPhone 13 Pro Max fabriqu\u00e9e en TPU, avec un design vibrant de motifs marins. La coque pr\u00e9sente une illustration color\u00e9e montrant une sc\u00e8ne sous-marine pleine de vie, o\u00f9 l&rsquo;on peut voir des dauphins et des tortues nager parmi les coraux et les algues. Avec un fond bleu profond, cette pi\u00e8ce se distingue par son style artistique, combinant des tonalit\u00e9s chaudes et froides, id\u00e9ale pour les amoureux de la mer et de la nature.<\/p>\n","protected":false},"featured_media":12338,"template":"","meta":{"_acf_changed":false},"product_brand":[],"product_cat":[674],"product_tag":[530],"class_list":{"0":"post-26991","1":"product","2":"type-product","3":"status-publish","4":"has-post-thumbnail","6":"product_cat-etuis-pour-telephones-portables","7":"product_tag-animaux","8":"pa_motivo-animaux-marins","10":"first","11":"instock","12":"shipping-taxable","13":"product-type-simple"},"acf":[],"_links":{"self":[{"href":"https:\/\/olemosaic.orbitalia.org\/fr\/wp-json\/wp\/v2\/product\/26991","targetHints":{"allow":["GET"]}}],"collection":[{"href":"https:\/\/olemosaic.orbitalia.org\/fr\/wp-json\/wp\/v2\/product"}],"about":[{"href":"https:\/\/olemosaic.orbitalia.org\/fr\/wp-json\/wp\/v2\/types\/product"}],"wp:featuredmedia":[{"embeddable":true,"href":"https:\/\/olemosaic.orbitalia.org\/fr\/wp-json\/wp\/v2\/media\/12338"}],"wp:attachment":[{"href":"https:\/\/olemosaic.orbitalia.org\/fr\/wp-json\/wp\/v2\/media?parent=26991"}],"wp:term":[{"taxonomy":"product_brand","embeddable":true,"href":"https:\/\/olemosaic.orbitalia.org\/fr\/wp-json\/wp\/v2\/product_brand?post=26991"},{"taxonomy":"product_cat","embeddable":true,"href":"https:\/\/olemosaic.orbitalia.org\/fr\/wp-json\/wp\/v2\/product_cat?post=26991"},{"taxonomy":"product_tag","embeddable":true,"href":"https:\/\/olemosaic.orbitalia.org\/fr\/wp-json\/wp\/v2\/product_tag?post=26991"}],"curies":[{"name":"wp","href":"https:\/\/api.w.org\/{rel}","templated":true}]}}