{"id":26953,"date":"2025-02-20T22:28:54","date_gmt":"2025-02-20T22:28:54","guid":{"rendered":"https:\/\/olemosaic.orbitalia.org\/producto\/funda-de-telefono-para-iphone-13-pro-tpu-salamandra-negro\/"},"modified":"2025-07-25T19:14:06","modified_gmt":"2025-07-25T17:14:06","slug":"coque-de-telephone-pour-iphone-13-pro-tpu-salamandre-noir","status":"publish","type":"product","link":"https:\/\/olemosaic.orbitalia.org\/fr\/produit\/coque-de-telephone-pour-iphone-13-pro-tpu-salamandre-noir\/","title":{"rendered":"Coque de t\u00e9l\u00e9phone pour iPhone 13 Pro (TPU). Salamandre. Noir"},"content":{"rendered":"<p>Cette coque pour iPhone 13 Pro est l&rsquo;union parfaite entre art et fonctionnalit\u00e9, \u00e9labor\u00e9e avec du TPU de haute qualit\u00e9 pour garantir une protection efficace contre les chocs et les rayures. Son design vibrant pr\u00e9sente une s\u00e9rie de salamandres color\u00e9es sur un fond noir, cr\u00e9ant un contraste captivant qui ne laissera personne indiff\u00e9rent. Les salamandres, repr\u00e9sent\u00e9es dans diverses couleurs et tailles, sont accompagn\u00e9es de d\u00e9licates fleurs rouges et bleues, qui ajoutent une note de joie et de vitalit\u00e9 \u00e0 l&rsquo;accessoire.<\/p>\n<p>Ce motif n&rsquo;est pas seulement esth\u00e9tiquement attrayant, il rend \u00e9galement hommage au riche folklore espagnol et \u00e0 la biodiversit\u00e9 de sa faune. Les salamandres sont des symboles de transformation et de r\u00e9silience dans de nombreuses cultures, ce qui en fait un souvenir culturel significatif. Id\u00e9ale pour les touristes \u00e0 la recherche de souvenirs authentiques et repr\u00e9sentatifs, cette coque ne prot\u00e8ge pas seulement l&rsquo;appareil, mais apporte \u00e9galement une touche artistique qui refl\u00e8te la culture espagnole.<\/p>\n<p>Chez Ol\u00e9 Mosaic, en tant que distributeurs de produits uniques en gros, nous proposons cette coque pour iPhone 13 Pro comme une excellente option pour les boutiques de cadeaux touristiques. Ce souvenir est un choix judicieux pour ceux qui souhaitent ramener un peu de l&rsquo;essence espagnole chez eux, combinant style et protection en un seul produit. Avec cette coque, les acheteurs peuvent appr\u00e9cier l&rsquo;originalit\u00e9 et la cr\u00e9ativit\u00e9 de l&rsquo;artisanat local, en faisant un souvenir inoubliable.<\/p>\n","protected":false},"excerpt":{"rendered":"<p>Coque pour iPhone 13 Pro fabriqu\u00e9e en TPU, orn\u00e9e de salamandres color\u00e9es sur un fond noir. Ce design vibrant pr\u00e9sente des salamandres de diff\u00e9rentes couleurs et tailles, aux c\u00f4t\u00e9s de fleurs rouges et bleues, cr\u00e9ant un contraste attrayant. La coque ne prot\u00e8ge pas seulement l&rsquo;appareil, mais apporte \u00e9galement une touche artistique et culturelle, inspir\u00e9e du riche folklore espagnol et de sa biodiversit\u00e9. Id\u00e9ale pour ceux qui recherchent une fusion de fonctionnalit\u00e9 et d&rsquo;esth\u00e9tique.<\/p>\n","protected":false},"featured_media":13018,"template":"","meta":{"_acf_changed":false},"product_brand":[],"product_cat":[674],"product_tag":[530],"class_list":{"0":"post-26953","1":"product","2":"type-product","3":"status-publish","4":"has-post-thumbnail","6":"product_cat-etuis-pour-telephones-portables","7":"product_tag-animaux","8":"pa_motivo-salamandres","10":"first","11":"instock","12":"shipping-taxable","13":"product-type-simple"},"acf":[],"_links":{"self":[{"href":"https:\/\/olemosaic.orbitalia.org\/fr\/wp-json\/wp\/v2\/product\/26953","targetHints":{"allow":["GET"]}}],"collection":[{"href":"https:\/\/olemosaic.orbitalia.org\/fr\/wp-json\/wp\/v2\/product"}],"about":[{"href":"https:\/\/olemosaic.orbitalia.org\/fr\/wp-json\/wp\/v2\/types\/product"}],"wp:featuredmedia":[{"embeddable":true,"href":"https:\/\/olemosaic.orbitalia.org\/fr\/wp-json\/wp\/v2\/media\/13018"}],"wp:attachment":[{"href":"https:\/\/olemosaic.orbitalia.org\/fr\/wp-json\/wp\/v2\/media?parent=26953"}],"wp:term":[{"taxonomy":"product_brand","embeddable":true,"href":"https:\/\/olemosaic.orbitalia.org\/fr\/wp-json\/wp\/v2\/product_brand?post=26953"},{"taxonomy":"product_cat","embeddable":true,"href":"https:\/\/olemosaic.orbitalia.org\/fr\/wp-json\/wp\/v2\/product_cat?post=26953"},{"taxonomy":"product_tag","embeddable":true,"href":"https:\/\/olemosaic.orbitalia.org\/fr\/wp-json\/wp\/v2\/product_tag?post=26953"}],"curies":[{"name":"wp","href":"https:\/\/api.w.org\/{rel}","templated":true}]}}