{"id":26943,"date":"2025-02-20T22:28:52","date_gmt":"2025-02-20T22:28:52","guid":{"rendered":"https:\/\/olemosaic.orbitalia.org\/producto\/funda-de-telefono-para-iphone-13-pro-tpu-motivos-marinos-azul\/"},"modified":"2025-07-25T18:53:44","modified_gmt":"2025-07-25T16:53:44","slug":"coque-de-telephone-pour-iphone-13-pro-tpu-motifs-marins-bleu","status":"publish","type":"product","link":"https:\/\/olemosaic.orbitalia.org\/fr\/produit\/coque-de-telephone-pour-iphone-13-pro-tpu-motifs-marins-bleu\/","title":{"rendered":"Coque de t\u00e9l\u00e9phone pour iPhone 13 Pro (TPU). Motifs marins. Bleu"},"content":{"rendered":"<p>Cette coque pour iPhone 13 Pro est l&rsquo;accessoire parfait pour les amoureux de l&rsquo;oc\u00e9an et de la vie marine. Fabriqu\u00e9e en TPU de haute qualit\u00e9, elle combine une protection robuste avec un design vibrant qui \u00e9voque la beaut\u00e9 du monde sous-marin. Sa surface pr\u00e9sente un fond bleu profond, o\u00f9 nagent des poissons color\u00e9s, des tortues et des hippocampes, chacun soigneusement illustr\u00e9, cr\u00e9ant une sensation de mouvement qui transporte celui qui la porte vers les mers de la M\u00e9diterran\u00e9e.<\/p>\n<p>Dans la partie inf\u00e9rieure, une mosa\u00efque de tons orang\u00e9s simule un environnement marin regorgeant de vie, compl\u00e9tant parfaitement les motifs marins de la partie sup\u00e9rieure. Ce design apporte non seulement une touche de fra\u00eecheur et de style, mais refl\u00e8te \u00e9galement la riche biodiversit\u00e9 et le lien de l&rsquo;Espagne avec la mer. En tant que souvenir, cette coque capture l&rsquo;essence du littoral espagnol, devenant un souvenir unique de la beaut\u00e9 naturelle qui entoure les c\u00f4tes du pays.<\/p>\n<p>Chez Ol\u00e9 Mosaic, nous sommes des distributeurs en gros d&rsquo;accessoires qui mettent en valeur le patrimoine culturel et naturel de l&rsquo;Espagne. Cette coque est une excellente option pour les boutiques de cadeaux touristiques \u00e0 la recherche de produits authentiques et de qualit\u00e9. Avec son design attrayant et sa fonctionnalit\u00e9, cette coque prot\u00e8ge non seulement les appareils, mais c\u00e9l\u00e8bre \u00e9galement la vie marine impressionnante, devenant un incontournable pour ceux qui recherchent des souvenirs alliant art et utilit\u00e9.<\/p>\n","protected":false},"excerpt":{"rendered":"<p>Coque pour iPhone 13 Pro fabriqu\u00e9e en TPU, d\u00e9cor\u00e9e de motifs marins vibrants. Son design comprend des poissons color\u00e9s, des tortues et des hippocampes, qui nagent sur un fond bleu profond, \u00e9voquant la beaut\u00e9 de l&rsquo;oc\u00e9an. La partie inf\u00e9rieure pr\u00e9sente une mosa\u00efque de tons orang\u00e9s, simulant un fond marin plein de vie. Cette coque allie protection et style, parfaite pour les amoureux de la mer et de la nature.<\/p>\n","protected":false},"featured_media":12318,"template":"","meta":{"_acf_changed":false},"product_brand":[],"product_cat":[674],"product_tag":[530],"class_list":{"0":"post-26943","1":"product","2":"type-product","3":"status-publish","4":"has-post-thumbnail","6":"product_cat-etuis-pour-telephones-portables","7":"product_tag-animaux","8":"pa_motivo-animaux-marins","10":"first","11":"instock","12":"shipping-taxable","13":"product-type-simple"},"acf":[],"_links":{"self":[{"href":"https:\/\/olemosaic.orbitalia.org\/fr\/wp-json\/wp\/v2\/product\/26943","targetHints":{"allow":["GET"]}}],"collection":[{"href":"https:\/\/olemosaic.orbitalia.org\/fr\/wp-json\/wp\/v2\/product"}],"about":[{"href":"https:\/\/olemosaic.orbitalia.org\/fr\/wp-json\/wp\/v2\/types\/product"}],"wp:featuredmedia":[{"embeddable":true,"href":"https:\/\/olemosaic.orbitalia.org\/fr\/wp-json\/wp\/v2\/media\/12318"}],"wp:attachment":[{"href":"https:\/\/olemosaic.orbitalia.org\/fr\/wp-json\/wp\/v2\/media?parent=26943"}],"wp:term":[{"taxonomy":"product_brand","embeddable":true,"href":"https:\/\/olemosaic.orbitalia.org\/fr\/wp-json\/wp\/v2\/product_brand?post=26943"},{"taxonomy":"product_cat","embeddable":true,"href":"https:\/\/olemosaic.orbitalia.org\/fr\/wp-json\/wp\/v2\/product_cat?post=26943"},{"taxonomy":"product_tag","embeddable":true,"href":"https:\/\/olemosaic.orbitalia.org\/fr\/wp-json\/wp\/v2\/product_tag?post=26943"}],"curies":[{"name":"wp","href":"https:\/\/api.w.org\/{rel}","templated":true}]}}