{"id":26940,"date":"2025-02-20T22:28:52","date_gmt":"2025-02-20T22:28:52","guid":{"rendered":"https:\/\/olemosaic.orbitalia.org\/producto\/funda-de-telefono-para-iphone-13-tpu-salamandra-negro\/"},"modified":"2025-07-25T19:11:50","modified_gmt":"2025-07-25T17:11:50","slug":"coque-de-telephone-pour-iphone-13-tpu-salamandre-noir","status":"publish","type":"product","link":"https:\/\/olemosaic.orbitalia.org\/fr\/produit\/coque-de-telephone-pour-iphone-13-tpu-salamandre-noir\/","title":{"rendered":"Coque de t\u00e9l\u00e9phone pour iPhone 13 (TPU). Salamandre. Noir"},"content":{"rendered":"<p>Cette coque pour iPhone 13 est une pi\u00e8ce unique qui allie protection et style, id\u00e9ale pour ceux qui souhaitent exprimer leur personnalit\u00e9 avec une touche culturelle. Fabriqu\u00e9e en TPU, cet accessoire offre une excellente durabilit\u00e9, prot\u00e9geant votre appareil des chutes et des rayures. Son design attrayant pr\u00e9sente des dessins complexes de salamandres dans des tons vibrants de rouge, vert et bleu, qui semblent danser sur un fond noir, cr\u00e9ant un contraste visuel saisissant. Les salamandres sont orn\u00e9es de fleurs d\u00e9licates de diverses couleurs, qui apportent une touche de fra\u00eecheur et d&rsquo;originalit\u00e9 au design.<\/p>\n<p>Ce design n&rsquo;est pas seulement visuellement captivant, il refl\u00e8te \u00e9galement la richesse de l&rsquo;art et du folklore espagnol, symbole d&rsquo;une biodiversit\u00e9 vibrante r\u00e9interpr\u00e9t\u00e9e artistiquement au fil des ans. Les salamandres ont traditionnellement \u00e9t\u00e9 associ\u00e9es \u00e0 la transformation et au renouveau dans diverses cultures, ce qui ajoute une signification profonde \u00e0 ce souvenir. Id\u00e9ale pour les touristes \u00e0 la recherche d&rsquo;un souvenir authentique, cette coque est une excellente option pour les boutiques de cadeaux. Chez Ol\u00e9 Mosaic, en tant que distributeurs de coques en gros, nous garantissons que ce produit culturellement pertinent prot\u00e9gera non seulement l&rsquo;iPhone, mais sera \u00e9galement un beau souvenir capturant l&rsquo;essence de l&rsquo;Espagne.<\/p>\n","protected":false},"excerpt":{"rendered":"<p>Coque pour iPhone 13 en TPU, avec un design attrayant de salamandres color\u00e9es sur fond noir. Cet accessoire se distingue par ses dessins complexes de salamandres aux tons vibrants de rouge, vert et bleu, orn\u00e9s de motifs floraux aux couleurs chaudes et froides, \u00e9voquant l&rsquo;art espagnol. Id\u00e9al pour ceux qui cherchent \u00e0 prot\u00e9ger leur appareil avec un style unique et original, mettant en valeur la culture et le folklore.<\/p>\n","protected":false},"featured_media":13004,"template":"","meta":{"_acf_changed":false},"product_brand":[],"product_cat":[674],"product_tag":[530],"class_list":{"0":"post-26940","1":"product","2":"type-product","3":"status-publish","4":"has-post-thumbnail","6":"product_cat-etuis-pour-telephones-portables","7":"product_tag-animaux","8":"pa_motivo-salamandres","10":"first","11":"instock","12":"shipping-taxable","13":"product-type-simple"},"acf":[],"_links":{"self":[{"href":"https:\/\/olemosaic.orbitalia.org\/fr\/wp-json\/wp\/v2\/product\/26940","targetHints":{"allow":["GET"]}}],"collection":[{"href":"https:\/\/olemosaic.orbitalia.org\/fr\/wp-json\/wp\/v2\/product"}],"about":[{"href":"https:\/\/olemosaic.orbitalia.org\/fr\/wp-json\/wp\/v2\/types\/product"}],"wp:featuredmedia":[{"embeddable":true,"href":"https:\/\/olemosaic.orbitalia.org\/fr\/wp-json\/wp\/v2\/media\/13004"}],"wp:attachment":[{"href":"https:\/\/olemosaic.orbitalia.org\/fr\/wp-json\/wp\/v2\/media?parent=26940"}],"wp:term":[{"taxonomy":"product_brand","embeddable":true,"href":"https:\/\/olemosaic.orbitalia.org\/fr\/wp-json\/wp\/v2\/product_brand?post=26940"},{"taxonomy":"product_cat","embeddable":true,"href":"https:\/\/olemosaic.orbitalia.org\/fr\/wp-json\/wp\/v2\/product_cat?post=26940"},{"taxonomy":"product_tag","embeddable":true,"href":"https:\/\/olemosaic.orbitalia.org\/fr\/wp-json\/wp\/v2\/product_tag?post=26940"}],"curies":[{"name":"wp","href":"https:\/\/api.w.org\/{rel}","templated":true}]}}