{"id":26925,"date":"2025-02-20T22:28:51","date_gmt":"2025-02-20T22:28:51","guid":{"rendered":"https:\/\/olemosaic.orbitalia.org\/producto\/funda-de-telefono-para-iphone-12-tpu-motivos-marinos-azul\/"},"modified":"2025-07-25T22:38:13","modified_gmt":"2025-07-25T20:38:13","slug":"coque-de-telephone-pour-iphone-12-tpu-motifs-marins-bleu","status":"publish","type":"product","link":"https:\/\/olemosaic.orbitalia.org\/fr\/produit\/coque-de-telephone-pour-iphone-12-tpu-motifs-marins-bleu\/","title":{"rendered":"Coque de t\u00e9l\u00e9phone pour iPhone 12 (TPU). Motifs marins. Bleu"},"content":{"rendered":"<p>Cette coque pour iPhone 12, fabriqu\u00e9e en TPU, est une repr\u00e9sentation vibrante de la beaut\u00e9 et de la diversit\u00e9 marine de Majorque. Avec son design color\u00e9, elle se distingue par une illustration pleine de vie pr\u00e9sentant des poissons, des tortues et des hippocampes nageant dans un fond bleu qui \u00e9voque les eaux cristallines de l&rsquo;\u00eele. Les d\u00e9tails aux tons chauds, simulant le fond sablonneux, apportent un contraste parfait qui rehausse la richesse de la faune sous-marine, offrant un style artistique et estival qui capture l&rsquo;essence m\u00e9diterran\u00e9enne.<\/p>\n<p>Cet accessoire n&rsquo;offre pas seulement une protection sup\u00e9rieure pour votre appareil, mais il devient \u00e9galement un excellent souvenir, id\u00e9al pour ceux qui souhaitent emporter avec eux un morceau de la mer de Majorque. La connexion culturelle de cette pi\u00e8ce r\u00e9side dans sa capacit\u00e9 \u00e0 refl\u00e9ter la vie marine, un \u00e9l\u00e9ment central de l&rsquo;identit\u00e9 de l&rsquo;\u00eele, c\u00e9l\u00e8bre pour ses c\u00f4tes et sa biodiversit\u00e9.<\/p>\n<p>Chez Ol\u00e9 Mosaic, nous nous sp\u00e9cialisons dans la distribution de souvenirs en gros, et cette coque de t\u00e9l\u00e9phone est une option id\u00e9ale pour les boutiques de cadeaux touristiques cherchant \u00e0 proposer des produits de qualit\u00e9 et significatifs. Son design authentique et la repr\u00e9sentation de la c\u00f4te majorquine font de cette coque un cadeau parfait et un souvenir m\u00e9morable de vacances dans le paradis m\u00e9diterran\u00e9en. Si vous recherchez un grossiste de coques de t\u00e9l\u00e9phone alliant esth\u00e9tique et fonctionnalit\u00e9, notre coque pour iPhone 12 est le choix parfait.<\/p>\n","protected":false},"excerpt":{"rendered":"<p>Coque pour iPhone 12 fabriqu\u00e9e en TPU, avec des motifs marins vibrants \u00e9voquant la beaut\u00e9 de la c\u00f4te majorquine. Elle pr\u00e9sente une illustration color\u00e9e de poissons, tortues et hippocampes sur un fond bleu, compl\u00e9t\u00e9e par des d\u00e9tails aux tons chauds simulant le sable. Cette coque ne prot\u00e8ge pas seulement votre appareil, elle ajoute \u00e9galement une touche artistique et estivale, id\u00e9ale pour les amoureux de la mer et de la nature.<\/p>\n","protected":false},"featured_media":12911,"template":"","meta":{"_acf_changed":false},"product_brand":[],"product_cat":[674],"product_tag":[530],"class_list":{"0":"post-26925","1":"product","2":"type-product","3":"status-publish","4":"has-post-thumbnail","6":"product_cat-etuis-pour-telephones-portables","7":"product_tag-animaux","8":"pa_ciudad-mallorca","9":"pa_motivo-animaux-marins","10":"pa_pais-espana","12":"first","13":"instock","14":"shipping-taxable","15":"product-type-simple"},"acf":[],"_links":{"self":[{"href":"https:\/\/olemosaic.orbitalia.org\/fr\/wp-json\/wp\/v2\/product\/26925","targetHints":{"allow":["GET"]}}],"collection":[{"href":"https:\/\/olemosaic.orbitalia.org\/fr\/wp-json\/wp\/v2\/product"}],"about":[{"href":"https:\/\/olemosaic.orbitalia.org\/fr\/wp-json\/wp\/v2\/types\/product"}],"wp:featuredmedia":[{"embeddable":true,"href":"https:\/\/olemosaic.orbitalia.org\/fr\/wp-json\/wp\/v2\/media\/12911"}],"wp:attachment":[{"href":"https:\/\/olemosaic.orbitalia.org\/fr\/wp-json\/wp\/v2\/media?parent=26925"}],"wp:term":[{"taxonomy":"product_brand","embeddable":true,"href":"https:\/\/olemosaic.orbitalia.org\/fr\/wp-json\/wp\/v2\/product_brand?post=26925"},{"taxonomy":"product_cat","embeddable":true,"href":"https:\/\/olemosaic.orbitalia.org\/fr\/wp-json\/wp\/v2\/product_cat?post=26925"},{"taxonomy":"product_tag","embeddable":true,"href":"https:\/\/olemosaic.orbitalia.org\/fr\/wp-json\/wp\/v2\/product_tag?post=26925"}],"curies":[{"name":"wp","href":"https:\/\/api.w.org\/{rel}","templated":true}]}}