{"id":26902,"date":"2025-02-20T22:28:50","date_gmt":"2025-02-20T22:28:50","guid":{"rendered":"https:\/\/olemosaic.orbitalia.org\/producto\/funda-de-telefono-para-iphone-12-promax-tpu-motivos-marinos-azul\/"},"modified":"2025-07-25T20:00:38","modified_gmt":"2025-07-25T18:00:38","slug":"coque-de-telephone-pour-iphone-12-promax-tpu-motifs-marins-bleu","status":"publish","type":"product","link":"https:\/\/olemosaic.orbitalia.org\/fr\/produit\/coque-de-telephone-pour-iphone-12-promax-tpu-motifs-marins-bleu\/","title":{"rendered":"Coque de t\u00e9l\u00e9phone pour iPhone 12 Pro Max (TPU). Motifs marins. Bleu"},"content":{"rendered":"<p>Cette coque pour iPhone 12 Pro Max est une pi\u00e8ce unique qui refl\u00e8te la beaut\u00e9 marine de Majorque, con\u00e7ue pour ceux qui souhaitent emporter un morceau de cette \u00eele merveilleuse. Fabriqu\u00e9e en TPU, un mat\u00e9riau flexible et durable, elle offre une excellente protection contre les chocs et les rayures, assurant la s\u00e9curit\u00e9 de votre appareil tout en soulignant votre style personnel. La coque pr\u00e9sente des motifs marins color\u00e9s, avec des illustrations vibrantes de poissons, de tortues et d&rsquo;hippocampes, le tout sur un fond bleu qui \u00e9voque la tranquillit\u00e9 de la M\u00e9diterran\u00e9e. Dans la partie inf\u00e9rieure, une mosa\u00efque rendant hommage aux traditions artisanales de Majorque ajoute une touche distinctive et culturelle \u00e0 la pi\u00e8ce, tandis que le texte \u00ab\u00a0Mallorca\u00a0\u00bb compl\u00e8te le design avec \u00e9l\u00e9gance. Ce souvenir n&rsquo;est pas seulement un accessoire pratique pour votre t\u00e9l\u00e9phone, mais aussi un rappel repr\u00e9sentatif de la riche culture m\u00e9diterran\u00e9enne. En tant que distributeurs de produits authentiques, chez Ol\u00e9 Mosaic, nous proposons cette coque marine comme une excellente option pour les boutiques de cadeaux touristiques, id\u00e9ale pour les touristes \u00e0 la recherche de souvenirs capturant l&rsquo;essence de leur voyage. Avec cette coque, chaque fois que vous sortirez votre t\u00e9l\u00e9phone, vous vous souviendrez de la magnifique vie sous-marine de Majorque.<\/p>\n","protected":false},"excerpt":{"rendered":"<p>Coque pour iPhone 12 Pro Max fabriqu\u00e9e en TPU, d\u00e9cor\u00e9e de motifs marins color\u00e9s inspir\u00e9s par la beaut\u00e9 de Majorque. Le design pr\u00e9sente une illustration vibrante de poissons, de tortues et d&rsquo;hippocampes sur un fond bleu, \u00e9voquant la richesse de la vie sous-marine. La partie inf\u00e9rieure se distingue par une mosa\u00efque rappelant les traditions artisanales de l&rsquo;\u00eele, et le texte \u00ab\u00a0Mallorca\u00a0\u00bb apporte une touche distinctive et attrayante.<\/p>\n","protected":false},"featured_media":12923,"template":"","meta":{"_acf_changed":false},"product_brand":[],"product_cat":[674],"product_tag":[530],"class_list":{"0":"post-26902","1":"product","2":"type-product","3":"status-publish","4":"has-post-thumbnail","6":"product_cat-etuis-pour-telephones-portables","7":"product_tag-animaux","8":"pa_ciudad-mallorca","9":"pa_motivo-animaux-marins","10":"pa_pais-espana","12":"first","13":"instock","14":"shipping-taxable","15":"product-type-simple"},"acf":[],"_links":{"self":[{"href":"https:\/\/olemosaic.orbitalia.org\/fr\/wp-json\/wp\/v2\/product\/26902","targetHints":{"allow":["GET"]}}],"collection":[{"href":"https:\/\/olemosaic.orbitalia.org\/fr\/wp-json\/wp\/v2\/product"}],"about":[{"href":"https:\/\/olemosaic.orbitalia.org\/fr\/wp-json\/wp\/v2\/types\/product"}],"wp:featuredmedia":[{"embeddable":true,"href":"https:\/\/olemosaic.orbitalia.org\/fr\/wp-json\/wp\/v2\/media\/12923"}],"wp:attachment":[{"href":"https:\/\/olemosaic.orbitalia.org\/fr\/wp-json\/wp\/v2\/media?parent=26902"}],"wp:term":[{"taxonomy":"product_brand","embeddable":true,"href":"https:\/\/olemosaic.orbitalia.org\/fr\/wp-json\/wp\/v2\/product_brand?post=26902"},{"taxonomy":"product_cat","embeddable":true,"href":"https:\/\/olemosaic.orbitalia.org\/fr\/wp-json\/wp\/v2\/product_cat?post=26902"},{"taxonomy":"product_tag","embeddable":true,"href":"https:\/\/olemosaic.orbitalia.org\/fr\/wp-json\/wp\/v2\/product_tag?post=26902"}],"curies":[{"name":"wp","href":"https:\/\/api.w.org\/{rel}","templated":true}]}}