{"id":26900,"date":"2025-02-20T23:28:50","date_gmt":"2025-02-20T22:28:50","guid":{"rendered":"https:\/\/olemosaic.orbitalia.org\/producto\/funda-de-telefono-para-iphone-12-promax-tpu-abstracto-azul-2\/"},"modified":"2025-07-25T19:58:50","modified_gmt":"2025-07-25T17:58:50","slug":"coque-de-telephone-pour-iphone-12-promax-tpu-abstrait-bleu-2","status":"publish","type":"product","link":"https:\/\/olemosaic.orbitalia.org\/fr\/produit\/coque-de-telephone-pour-iphone-12-promax-tpu-abstrait-bleu-2\/","title":{"rendered":"Coque de t\u00e9l\u00e9phone pour iPhone 12 Pro Max (TPU). Abstrait. Majorque. Bleu"},"content":{"rendered":"<p>Cette coque pour iPhone 12 Pro Max est une \u0153uvre d&rsquo;art alliant fonctionnalit\u00e9 et style en un seul accessoire. Fabriqu\u00e9e en TPU de haute qualit\u00e9, elle pr\u00e9sente un design abstrait vibrant \u00e9voquant l&rsquo;art moderne, avec une palette de couleurs incluant des tons intenses de bleu, rose et jaune. Le mot \u00ab\u00a0Mallorca\u00a0\u00bb se distingue par son style contemporain, soulignant le lien avec cette magnifique \u00eele espagnole, c\u00e9l\u00e8bre pour sa beaut\u00e9 naturelle et ses paysages impressionnants.<\/p>\n<p>Le design fluide de la coque, avec ses formes sinueuses et color\u00e9es, offre non seulement un aspect visuel attrayant, mais assure \u00e9galement une protection efficace contre les chocs et les chutes. Sa surface douce et flexible permet une prise en main confortable, garantissant que votre appareil reste en s\u00e9curit\u00e9 et en parfait \u00e9tat tout en arborant un accessoire qui refl\u00e8te l&rsquo;\u00e9nergie et l&rsquo;esprit de la M\u00e9diterran\u00e9e. En choisissant cette coque, vous n&rsquo;acqu\u00e9rez pas seulement un produit de qualit\u00e9, mais aussi un symbole de la riche culture et du mode de vie de Majorque.<\/p>\n<p>Chez Ol\u00e9 Mosaic, nous sommes sp\u00e9cialis\u00e9s dans la distribution de souvenirs en gros, et cette coque de t\u00e9l\u00e9phone est une excellente option pour les boutiques de cadeaux touristiques \u00e0 la recherche d&rsquo;articles authentiques et repr\u00e9sentatifs. Id\u00e9ale pour ceux qui souhaitent emporter un morceau de Majorque avec eux, cette coque est un souvenir pratique et d\u00e9coratif, un rappel constant des exp\u00e9riences vibrantes v\u00e9cues sur cette \u00eele magnifique.<\/p>\n","protected":false},"excerpt":{"rendered":"<p>Coque pour iPhone 12 Pro Max en TPU avec un design abstrait et vibrant dans des tons bleus, roses et jaunes, \u00e9voquant l&rsquo;art moderne. La coque arbore le mot \u00ab\u00a0Mallorca\u00a0\u00bb dans un style contemporain, soulignant le lien avec cette belle \u00eele espagnole. Sa surface douce et flexible prot\u00e8ge efficacement contre les chocs et les chutes, tandis que le design color\u00e9 garantit que votre t\u00e9l\u00e9phone soit le reflet fid\u00e8le de l&rsquo;\u00e9nergie et de la beaut\u00e9 m\u00e9diterran\u00e9ennes.<\/p>\n","protected":false},"featured_media":12924,"template":"","meta":{"_acf_changed":false},"product_brand":[],"product_cat":[674],"product_tag":[],"class_list":{"0":"post-26900","1":"product","2":"type-product","3":"status-publish","4":"has-post-thumbnail","6":"product_cat-etuis-pour-telephones-portables","7":"pa_ciudad-mallorca","8":"pa_motivo-resume","9":"pa_pais-espana","11":"first","12":"instock","13":"shipping-taxable","14":"product-type-simple"},"acf":[],"_links":{"self":[{"href":"https:\/\/olemosaic.orbitalia.org\/fr\/wp-json\/wp\/v2\/product\/26900","targetHints":{"allow":["GET"]}}],"collection":[{"href":"https:\/\/olemosaic.orbitalia.org\/fr\/wp-json\/wp\/v2\/product"}],"about":[{"href":"https:\/\/olemosaic.orbitalia.org\/fr\/wp-json\/wp\/v2\/types\/product"}],"wp:featuredmedia":[{"embeddable":true,"href":"https:\/\/olemosaic.orbitalia.org\/fr\/wp-json\/wp\/v2\/media\/12924"}],"wp:attachment":[{"href":"https:\/\/olemosaic.orbitalia.org\/fr\/wp-json\/wp\/v2\/media?parent=26900"}],"wp:term":[{"taxonomy":"product_brand","embeddable":true,"href":"https:\/\/olemosaic.orbitalia.org\/fr\/wp-json\/wp\/v2\/product_brand?post=26900"},{"taxonomy":"product_cat","embeddable":true,"href":"https:\/\/olemosaic.orbitalia.org\/fr\/wp-json\/wp\/v2\/product_cat?post=26900"},{"taxonomy":"product_tag","embeddable":true,"href":"https:\/\/olemosaic.orbitalia.org\/fr\/wp-json\/wp\/v2\/product_tag?post=26900"}],"curies":[{"name":"wp","href":"https:\/\/api.w.org\/{rel}","templated":true}]}}