{"id":26871,"date":"2025-02-20T22:28:49","date_gmt":"2025-02-20T22:28:49","guid":{"rendered":"https:\/\/olemosaic.orbitalia.org\/producto\/funda-de-telefono-para-iphone-12-pro-tpu-panoramica-barcelona-azul\/"},"modified":"2025-07-25T19:11:20","modified_gmt":"2025-07-25T17:11:20","slug":"coque-de-telephone-pour-iphone-12-pro-tpu-panoramique-barcelone-bleu","status":"publish","type":"product","link":"https:\/\/olemosaic.orbitalia.org\/fr\/produit\/coque-de-telephone-pour-iphone-12-pro-tpu-panoramique-barcelone-bleu\/","title":{"rendered":"Coque de t\u00e9l\u00e9phone pour iPhone 12 Pro (TPU). Panoramique. Barcelone. Bleu"},"content":{"rendered":"<p>Cette coque pour iPhone 12 Pro est un souvenir exceptionnel de Barcelone, id\u00e9al pour ceux qui souhaitent emporter avec eux un petit morceau de cette ville vibrante. Fabriqu\u00e9e en TPU, elle offre une protection efficace et l\u00e9g\u00e8re pour votre appareil, tout en pr\u00e9sentant un design panoramique qui capture l&rsquo;essence de l&rsquo;un des monuments les plus embl\u00e9matiques de la ville : la majestueuse Sagrada Familia. L&rsquo;illustration est un r\u00e9gal visuel, o\u00f9 les tons vifs et chauds de bleu, jaune et orange \u00e9voquent l&rsquo;ambiance m\u00e9diterran\u00e9enne, cr\u00e9ant une atmosph\u00e8re joyeuse et accueillante.<\/p>\n<p>Dans la partie inf\u00e9rieure de la coque, le mot \u00ab\u00a0Barcelona\u00a0\u00bb se distingue par un design frappant, ajoutant une touche distinctive qui renforce sa connexion culturelle. En plus d&rsquo;\u00eatre un accessoire fonctionnel, cette coque repr\u00e9sente un souvenir authentique qui c\u00e9l\u00e8bre le riche h\u00e9ritage architectural et le dynamisme de la ville. Barcelone, c\u00e9l\u00e8bre pour son art, son architecture et sa culture, prend vie dans cette pi\u00e8ce, ce qui en fait le cadeau parfait pour les touristes \u00e0 la recherche de souvenirs repr\u00e9sentatifs.<\/p>\n<p>Chez Ol\u00e9 Mosaic, nous sommes fiers d&rsquo;\u00eatre des distributeurs de souvenirs en gros, offrant des produits qui encapsulent l&rsquo;essence de chaque lieu. Cette coque ne prot\u00e8ge pas seulement les appareils, elle sert \u00e9galement de magnifique rappel de la beaut\u00e9 de Barcelone, rehaussant toute collection de souvenirs.<\/p>\n","protected":false},"excerpt":{"rendered":"<p>Coque pour iPhone 12 Pro en TPU, avec une vue panoramique vibrante de Barcelone. Le design color\u00e9 montre une illustration de la majestueuse Sagrada Familia, ainsi que des \u00e9l\u00e9ments embl\u00e9matiques de la ville, le tout dans une palette de bleus, jaunes et oranges qui \u00e9voque l&rsquo;ambiance m\u00e9diterran\u00e9enne. Le mot \u00ab\u00a0Barcelona\u00a0\u00bb se d\u00e9tache en bas, ajoutant une touche distinctive. Id\u00e9al pour prot\u00e9ger votre appareil tout en c\u00e9l\u00e9brant la beaut\u00e9 de cette ville embl\u00e9matique.<\/p>\n","protected":false},"featured_media":12247,"template":"","meta":{"_acf_changed":false},"product_brand":[],"product_cat":[674],"product_tag":[],"class_list":{"0":"post-26871","1":"product","2":"type-product","3":"status-publish","4":"has-post-thumbnail","6":"product_cat-etuis-pour-telephones-portables","7":"pa_ciudad-barcelona","8":"pa_motivo-panoramas","9":"pa_pais-espana","11":"first","12":"instock","13":"shipping-taxable","14":"product-type-simple"},"acf":[],"_links":{"self":[{"href":"https:\/\/olemosaic.orbitalia.org\/fr\/wp-json\/wp\/v2\/product\/26871","targetHints":{"allow":["GET"]}}],"collection":[{"href":"https:\/\/olemosaic.orbitalia.org\/fr\/wp-json\/wp\/v2\/product"}],"about":[{"href":"https:\/\/olemosaic.orbitalia.org\/fr\/wp-json\/wp\/v2\/types\/product"}],"wp:featuredmedia":[{"embeddable":true,"href":"https:\/\/olemosaic.orbitalia.org\/fr\/wp-json\/wp\/v2\/media\/12247"}],"wp:attachment":[{"href":"https:\/\/olemosaic.orbitalia.org\/fr\/wp-json\/wp\/v2\/media?parent=26871"}],"wp:term":[{"taxonomy":"product_brand","embeddable":true,"href":"https:\/\/olemosaic.orbitalia.org\/fr\/wp-json\/wp\/v2\/product_brand?post=26871"},{"taxonomy":"product_cat","embeddable":true,"href":"https:\/\/olemosaic.orbitalia.org\/fr\/wp-json\/wp\/v2\/product_cat?post=26871"},{"taxonomy":"product_tag","embeddable":true,"href":"https:\/\/olemosaic.orbitalia.org\/fr\/wp-json\/wp\/v2\/product_tag?post=26871"}],"curies":[{"name":"wp","href":"https:\/\/api.w.org\/{rel}","templated":true}]}}