{"id":26862,"date":"2025-02-20T23:28:47","date_gmt":"2025-02-20T22:28:47","guid":{"rendered":"https:\/\/olemosaic.orbitalia.org\/producto\/funda-de-telefono-para-iphone-11-tpu-panoramica-barcelona-azul-2\/"},"modified":"2025-07-25T19:20:57","modified_gmt":"2025-07-25T17:20:57","slug":"coque-de-telephone-pour-iphone-11-tpu-panoramique-barcelone-bleu-2","status":"publish","type":"product","link":"https:\/\/olemosaic.orbitalia.org\/fr\/produit\/coque-de-telephone-pour-iphone-11-tpu-panoramique-barcelone-bleu-2\/","title":{"rendered":"Coque de t\u00e9l\u00e9phone pour iPhone 11 (TPU). Panoramique. Sagrada Familia. Barcelone. Bleu"},"content":{"rendered":"<p>Cette coque pour iPhone 11, fabriqu\u00e9e en TPU, est l&rsquo;accessoire parfait pour ceux qui veulent emporter un morceau de Barcelone toujours avec eux. Avec une vue panoramique attrayante dans des tons bleus, cette coque ne prot\u00e8ge pas seulement votre appareil, elle le transforme \u00e9galement en une \u0153uvre d&rsquo;art portable. Le design inclut des d\u00e9tails vibrants qui \u00e9voquent la c\u00e9l\u00e8bre architecture de la ville, mettant en avant des \u00e9l\u00e9ments iconiques comme la majestueuse Sagrada Familia, avec ses tours imposantes. De plus, les motifs floraux apportent une touche fra\u00eeche et joyeuse, cr\u00e9ant une combinaison visuelle qui capture l&rsquo;essence de la vie barcelonaise.<\/p>\n<p>L&rsquo;influence de la mosa\u00efque de Gaud\u00ed est palpable dans cette \u0153uvre, rappelant les carreaux color\u00e9s et distinctifs qui ornent nombre de ses monuments. Ce souvenir repr\u00e9sente non seulement un rappel de la cit\u00e9 comtale, mais aussi un hommage \u00e0 sa riche culture et \u00e0 son art. En choisissant cette coque comme souvenir de Barcelone, vous n&rsquo;acqu\u00e9rez pas seulement un produit fonctionnel, mais aussi un morceau d&rsquo;histoire et de cr\u00e9ativit\u00e9 entre vos mains.<\/p>\n<p>Chez Ol\u00e9 Mosaic, nous nous sp\u00e9cialisons dans la distribution de souvenirs authentiques et cr\u00e9atifs, et cette coque de t\u00e9l\u00e9phone est une excellente option pour les boutiques de cadeaux touristiques qui recherchent des produits connectant les visiteurs \u00e0 la culture vibrante de Barcelone. En tant que grossistes de coques de t\u00e9l\u00e9phone, nous garantissons qualit\u00e9 et originalit\u00e9 dans chaque article.<\/p>\n","protected":false},"excerpt":{"rendered":"<p>Coque de t\u00e9l\u00e9phone pour iPhone 11 fabriqu\u00e9e en TPU, avec une vue panoramique attrayante de Barcelone dans des tons bleus. Le design inclut des d\u00e9tails vibrants de la c\u00e9l\u00e8bre architecture de la ville, mettant en avant des \u00e9l\u00e9ments iconiques comme la Sagrada Familia, ainsi que des motifs floraux, le tout dans un style artistique \u00e9voquant la mosa\u00efque de Gaud\u00ed. Parfaite pour prot\u00e9ger votre appareil tout en affichant votre amour pour cette ville pleine de vie et de culture.<\/p>\n","protected":false},"featured_media":12143,"template":"","meta":{"_acf_changed":false},"product_brand":[],"product_cat":[674],"product_tag":[],"class_list":{"0":"post-26862","1":"product","2":"type-product","3":"status-publish","4":"has-post-thumbnail","6":"product_cat-etuis-pour-telephones-portables","7":"pa_ciudad-barcelona","8":"pa_motivo-panoramas","9":"pa_pais-espana","11":"first","12":"instock","13":"shipping-taxable","14":"product-type-simple"},"acf":[],"_links":{"self":[{"href":"https:\/\/olemosaic.orbitalia.org\/fr\/wp-json\/wp\/v2\/product\/26862","targetHints":{"allow":["GET"]}}],"collection":[{"href":"https:\/\/olemosaic.orbitalia.org\/fr\/wp-json\/wp\/v2\/product"}],"about":[{"href":"https:\/\/olemosaic.orbitalia.org\/fr\/wp-json\/wp\/v2\/types\/product"}],"wp:featuredmedia":[{"embeddable":true,"href":"https:\/\/olemosaic.orbitalia.org\/fr\/wp-json\/wp\/v2\/media\/12143"}],"wp:attachment":[{"href":"https:\/\/olemosaic.orbitalia.org\/fr\/wp-json\/wp\/v2\/media?parent=26862"}],"wp:term":[{"taxonomy":"product_brand","embeddable":true,"href":"https:\/\/olemosaic.orbitalia.org\/fr\/wp-json\/wp\/v2\/product_brand?post=26862"},{"taxonomy":"product_cat","embeddable":true,"href":"https:\/\/olemosaic.orbitalia.org\/fr\/wp-json\/wp\/v2\/product_cat?post=26862"},{"taxonomy":"product_tag","embeddable":true,"href":"https:\/\/olemosaic.orbitalia.org\/fr\/wp-json\/wp\/v2\/product_tag?post=26862"}],"curies":[{"name":"wp","href":"https:\/\/api.w.org\/{rel}","templated":true}]}}