{"id":26827,"date":"2025-02-20T22:28:47","date_gmt":"2025-02-20T22:28:47","guid":{"rendered":"https:\/\/olemosaic.orbitalia.org\/producto\/funda-de-telefono-para-iphone-11-promax-tpu-panoramica-barcelona-azul-2\/"},"modified":"2025-07-25T19:48:17","modified_gmt":"2025-07-25T17:48:17","slug":"coque-de-telephone-pour-iphone-11-pro-max-tpu-panoramique-barcelone-bleu-fr","status":"publish","type":"product","link":"https:\/\/olemosaic.orbitalia.org\/fr\/produit\/coque-de-telephone-pour-iphone-11-pro-max-tpu-panoramique-barcelone-bleu-fr\/","title":{"rendered":"Coque de t\u00e9l\u00e9phone pour iPhone 11 Pro Max (TPU). Panoramique. Barcelone. Bleu"},"content":{"rendered":"<p>Cette coque pour iPhone 11 Pro Max est un souvenir attrayant de Barcelone, con\u00e7ue pour prot\u00e9ger votre appareil tout en mettant en valeur l&rsquo;essence vibrante de cette ville embl\u00e9matique. Fabriqu\u00e9e avec un mat\u00e9riau TPU de haute qualit\u00e9, la coque pr\u00e9sente une vue panoramique color\u00e9e qui capture l&rsquo;essence unique de Barcelone, montrant des \u00e9l\u00e9ments embl\u00e9matiques tels que l&rsquo;impressionnante Sagrada Familia, des b\u00e2timents d&rsquo;architecture moderne et un fond bleu \u00e9voquant la c\u00e9l\u00e8bre mosa\u00efque de Gaud\u00ed. Les lettres \u00ab\u00a0Barcelona\u00a0\u00bb ressortent dans des tons vifs, apportant une touche artistique et urbaine qui rend hommage \u00e0 l&rsquo;esprit dynamique de la ville.<\/p>\n<p>Chaque d\u00e9tail de cette coque a \u00e9t\u00e9 soigneusement pens\u00e9, des motifs repr\u00e9sentant la riche histoire et culture de Barcelone au style contemporain qui la caract\u00e9rise. Ce souvenir est id\u00e9al pour les touristes \u00e0 la recherche d&rsquo;un souvenir authentique et repr\u00e9sentatif de leur visite, alliant fonctionnalit\u00e9 et esth\u00e9tique. Chez Ol\u00e9 Mosaic, nous nous sp\u00e9cialisons dans la distribution de souvenirs en gros, et cette coque ne sert pas seulement de protection pour smartphones, mais encapsule \u00e9galement le patrimoine culturel de Barcelone, ce qui en fait une excellente option pour les boutiques de cadeaux touristiques. En choisissant ce produit, on offre aux clients une pi\u00e8ce de la culture catalane qu&rsquo;ils peuvent emporter chez eux et appr\u00e9cier au quotidien.<\/p>\n","protected":false},"excerpt":{"rendered":"<p>Coque de t\u00e9l\u00e9phone pour iPhone 11 Pro Max, fabriqu\u00e9e en TPU avec une vue panoramique vibrante de Barcelone. Ce design color\u00e9 pr\u00e9sente des \u00e9l\u00e9ments iconiques de la ville, comme la Sagrada Familia et des b\u00e2timents modernes, sur un fond bleu \u00e9voquant la mosa\u00efque traditionnelle. Les lettres \u00ab\u00a0Barcelona\u00a0\u00bb, dans des tons vifs, ajoutent une touche artistique et urbaine, faisant de cette coque un \u00e9l\u00e9ment attrayant et fonctionnel qui prot\u00e8ge votre appareil tout en c\u00e9l\u00e9brant l&rsquo;essence de la ville.<\/p>\n","protected":false},"featured_media":12204,"template":"","meta":{"_acf_changed":false},"product_brand":[],"product_cat":[674],"product_tag":[],"class_list":{"0":"post-26827","1":"product","2":"type-product","3":"status-publish","4":"has-post-thumbnail","6":"product_cat-etuis-pour-telephones-portables","7":"pa_ciudad-barcelona","8":"pa_motivo-panoramas","9":"pa_pais-espana","11":"first","12":"instock","13":"shipping-taxable","14":"product-type-simple"},"acf":[],"_links":{"self":[{"href":"https:\/\/olemosaic.orbitalia.org\/fr\/wp-json\/wp\/v2\/product\/26827","targetHints":{"allow":["GET"]}}],"collection":[{"href":"https:\/\/olemosaic.orbitalia.org\/fr\/wp-json\/wp\/v2\/product"}],"about":[{"href":"https:\/\/olemosaic.orbitalia.org\/fr\/wp-json\/wp\/v2\/types\/product"}],"wp:featuredmedia":[{"embeddable":true,"href":"https:\/\/olemosaic.orbitalia.org\/fr\/wp-json\/wp\/v2\/media\/12204"}],"wp:attachment":[{"href":"https:\/\/olemosaic.orbitalia.org\/fr\/wp-json\/wp\/v2\/media?parent=26827"}],"wp:term":[{"taxonomy":"product_brand","embeddable":true,"href":"https:\/\/olemosaic.orbitalia.org\/fr\/wp-json\/wp\/v2\/product_brand?post=26827"},{"taxonomy":"product_cat","embeddable":true,"href":"https:\/\/olemosaic.orbitalia.org\/fr\/wp-json\/wp\/v2\/product_cat?post=26827"},{"taxonomy":"product_tag","embeddable":true,"href":"https:\/\/olemosaic.orbitalia.org\/fr\/wp-json\/wp\/v2\/product_tag?post=26827"}],"curies":[{"name":"wp","href":"https:\/\/api.w.org\/{rel}","templated":true}]}}