{"id":26826,"date":"2025-02-20T22:28:46","date_gmt":"2025-02-20T22:28:46","guid":{"rendered":"https:\/\/olemosaic.orbitalia.org\/producto\/funda-de-telefono-para-iphone-11-promax-tpu-abstracto-azul\/"},"modified":"2025-07-25T20:38:55","modified_gmt":"2025-07-25T18:38:55","slug":"coque-de-telephone-pour-iphone-11-pro-max-tpu-abstrait-bleu","status":"publish","type":"product","link":"https:\/\/olemosaic.orbitalia.org\/fr\/produit\/coque-de-telephone-pour-iphone-11-pro-max-tpu-abstrait-bleu\/","title":{"rendered":"Coque de t\u00e9l\u00e9phone pour iPhone 11 Pro Max (TPU). Abstrait. Bleu"},"content":{"rendered":"<p>Cette coque pour iPhone 11 Pro Max est la combinaison parfaite de style moderne et de protection durable. Fabriqu\u00e9e en TPU, elle offre une excellente r\u00e9sistance aux chocs et aux chutes, garantissant que votre appareil est toujours en s\u00e9curit\u00e9. Son design abstrait dans des tons bleus est compl\u00e9t\u00e9 par une palette de couleurs vibrantes comprenant des nuances de vert, de jaune et de rouge, cr\u00e9ant un effet visuel dynamique qui attirera tous les regards. Le motif en diamant, qui capte la lumi\u00e8re de mani\u00e8re \u00e9tonnante, ajoute une touche de sophistication et d&rsquo;\u00e9l\u00e9gance \u00e0 cet accessoire essentiel, transformant chaque appel en une exp\u00e9rience artistique.<\/p>\n<p>Cette coque ne prot\u00e8ge pas seulement votre iPhone, elle agit \u00e9galement comme un accessoire d&rsquo;expression personnelle dans un monde plein de technicit\u00e9. Son esth\u00e9tique contemporaine est id\u00e9ale pour ceux qui recherchent distinction et originalit\u00e9 dans leurs compl\u00e9ments. Avec l&rsquo;essor de la technologie et du design, cette coque devient un souvenir moderne et repr\u00e9sentatif de la culture actuelle, d\u00e9montrant que la fonctionnalit\u00e9 peut aller de pair avec l&rsquo;art visuel.<\/p>\n<p>Chez Ol\u00e9 Mosaic, distributeur d&rsquo;accessoires technologiques en gros, nous proposons des produits qui ne sont pas seulement pratiques, mais qui refl\u00e8tent \u00e9galement les tendances de design actuelles. Cette coque est une excellente option pour les boutiques de cadeaux touristiques cherchant \u00e0 offrir des souvenirs authentiques et uniques qui soulignent la richesse du design contemporain. Prot\u00e9gez votre iPhone avec style tout en emportant avec vous un morceau d&rsquo;art !<\/p>\n","protected":false},"excerpt":{"rendered":"<p>Coque pour iPhone 11 Pro Max, fabriqu\u00e9e en TPU, avec un design abstrait dans des tons bleus et une palette de couleurs vibrantes incluant le vert, le jaune et le rouge. Cet accessoire moderne pr\u00e9sente un motif en diamant qui capture la lumi\u00e8re, offrant un effet visuel dynamique. Id\u00e9ale pour ceux qui cherchent \u00e0 prot\u00e9ger leur appareil avec style, cette coque combine fonctionnalit\u00e9 et design unique, transformant chaque appel en une petite \u0153uvre d&rsquo;art.<\/p>\n","protected":false},"featured_media":12210,"template":"","meta":{"_acf_changed":false},"product_brand":[],"product_cat":[674],"product_tag":[],"class_list":{"0":"post-26826","1":"product","2":"type-product","3":"status-publish","4":"has-post-thumbnail","6":"product_cat-etuis-pour-telephones-portables","7":"pa_motivo-resume","9":"first","10":"instock","11":"shipping-taxable","12":"product-type-simple"},"acf":[],"_links":{"self":[{"href":"https:\/\/olemosaic.orbitalia.org\/fr\/wp-json\/wp\/v2\/product\/26826","targetHints":{"allow":["GET"]}}],"collection":[{"href":"https:\/\/olemosaic.orbitalia.org\/fr\/wp-json\/wp\/v2\/product"}],"about":[{"href":"https:\/\/olemosaic.orbitalia.org\/fr\/wp-json\/wp\/v2\/types\/product"}],"wp:featuredmedia":[{"embeddable":true,"href":"https:\/\/olemosaic.orbitalia.org\/fr\/wp-json\/wp\/v2\/media\/12210"}],"wp:attachment":[{"href":"https:\/\/olemosaic.orbitalia.org\/fr\/wp-json\/wp\/v2\/media?parent=26826"}],"wp:term":[{"taxonomy":"product_brand","embeddable":true,"href":"https:\/\/olemosaic.orbitalia.org\/fr\/wp-json\/wp\/v2\/product_brand?post=26826"},{"taxonomy":"product_cat","embeddable":true,"href":"https:\/\/olemosaic.orbitalia.org\/fr\/wp-json\/wp\/v2\/product_cat?post=26826"},{"taxonomy":"product_tag","embeddable":true,"href":"https:\/\/olemosaic.orbitalia.org\/fr\/wp-json\/wp\/v2\/product_tag?post=26826"}],"curies":[{"name":"wp","href":"https:\/\/api.w.org\/{rel}","templated":true}]}}