{"id":26822,"date":"2025-02-20T22:28:46","date_gmt":"2025-02-20T22:28:46","guid":{"rendered":"https:\/\/olemosaic.orbitalia.org\/producto\/funda-de-telefono-para-iphone-11-pro-tpu-sagrada-familia-barcelona-azul\/"},"modified":"2025-07-25T20:13:36","modified_gmt":"2025-07-25T18:13:36","slug":"coque-telephone-iphone-11-pro-tpu-sagrada-familia-barcelone-bleu","status":"publish","type":"product","link":"https:\/\/olemosaic.orbitalia.org\/fr\/produit\/coque-telephone-iphone-11-pro-tpu-sagrada-familia-barcelone-bleu\/","title":{"rendered":"Coque de t\u00e9l\u00e9phone pour iPhone 11 Pro (TPU). Sagrada Familia. Barcelone. Bleu"},"content":{"rendered":"<p>Cette coque pour iPhone 11 Pro est un v\u00e9ritable hommage \u00e0 l&#8217;embl\u00e9matique Sagrada Familia de Barcelone, un chef-d&rsquo;\u0153uvre de l&rsquo;architecture catalane. Fabriqu\u00e9e en TPU, cet accessoire prot\u00e8ge non seulement efficacement contre les chocs et les chutes, mais se distingue \u00e9galement par son design vibrant. L&rsquo;illustration color\u00e9e met en valeur les tours majestueuses de la Sagrada Familia, orn\u00e9es de d\u00e9tails architecturaux dans des tons chauds et un fond bleu simulant le ciel m\u00e9diterran\u00e9en, donnant vie \u00e0 l&rsquo;une des structures les plus reconnaissables d&rsquo;Espagne. De plus, les mosa\u00efques textur\u00e9es apportent un effet visuel dynamique qui \u00e9voque le style unique d&rsquo;Antoni Gaud\u00ed.<\/p>\n<p>Le mot \u00ab Barcelone \u00bb est \u00e9l\u00e9gamment imprim\u00e9, ajoutant une touche distinctive qui fait de cette coque un produit fonctionnel et attrayant. Cette pi\u00e8ce n&rsquo;est pas seulement un souvenir id\u00e9al pour les touristes \u00e0 la recherche de souvenirs repr\u00e9sentatifs de la riche culture catalane, mais elle capture \u00e9galement l&rsquo;essence de la ville vibrante de Barcelone. Chez Ol\u00e9 Mosaic, en tant que grossistes d&rsquo;accessoires authentiques, nous proposons aux boutiques de cadeaux touristiques cet article unique qui allie style et protection, en faisant un choix incontournable pour ceux qui souhaitent emporter avec eux un fragment de l&rsquo;histoire et de l&rsquo;art de Barcelone.<\/p>\n","protected":false},"excerpt":{"rendered":"<p>Coque pour iPhone 11 Pro, fabriqu\u00e9e en TPU, avec un design vibrant de la Sagrada Familia de Barcelone. Cette coque pr\u00e9sente une illustration color\u00e9e qui met en valeur les tours et les d\u00e9tails architecturaux sur un fond bleu avec une texture simulant des mosa\u00efques. Le mot \u00ab Barcelone \u00bb est \u00e9l\u00e9gamment imprim\u00e9, ajoutant une touche distinctive \u00e0 cet accessoire qui allie protection et style, id\u00e9al pour les amateurs d&rsquo;architecture catalane.<\/p>\n","protected":false},"featured_media":12165,"template":"","meta":{"_acf_changed":false},"product_brand":[],"product_cat":[674],"product_tag":[],"class_list":{"0":"post-26822","1":"product","2":"type-product","3":"status-publish","4":"has-post-thumbnail","6":"product_cat-etuis-pour-telephones-portables","7":"pa_ciudad-barcelona","8":"pa_motivo-sagrada-familia","9":"pa_pais-espana","11":"first","12":"instock","13":"shipping-taxable","14":"product-type-simple"},"acf":[],"_links":{"self":[{"href":"https:\/\/olemosaic.orbitalia.org\/fr\/wp-json\/wp\/v2\/product\/26822","targetHints":{"allow":["GET"]}}],"collection":[{"href":"https:\/\/olemosaic.orbitalia.org\/fr\/wp-json\/wp\/v2\/product"}],"about":[{"href":"https:\/\/olemosaic.orbitalia.org\/fr\/wp-json\/wp\/v2\/types\/product"}],"wp:featuredmedia":[{"embeddable":true,"href":"https:\/\/olemosaic.orbitalia.org\/fr\/wp-json\/wp\/v2\/media\/12165"}],"wp:attachment":[{"href":"https:\/\/olemosaic.orbitalia.org\/fr\/wp-json\/wp\/v2\/media?parent=26822"}],"wp:term":[{"taxonomy":"product_brand","embeddable":true,"href":"https:\/\/olemosaic.orbitalia.org\/fr\/wp-json\/wp\/v2\/product_brand?post=26822"},{"taxonomy":"product_cat","embeddable":true,"href":"https:\/\/olemosaic.orbitalia.org\/fr\/wp-json\/wp\/v2\/product_cat?post=26822"},{"taxonomy":"product_tag","embeddable":true,"href":"https:\/\/olemosaic.orbitalia.org\/fr\/wp-json\/wp\/v2\/product_tag?post=26822"}],"curies":[{"name":"wp","href":"https:\/\/api.w.org\/{rel}","templated":true}]}}