{"id":26812,"date":"2025-02-20T22:28:45","date_gmt":"2025-02-20T22:28:45","guid":{"rendered":"https:\/\/olemosaic.orbitalia.org\/producto\/funda-de-telefono-para-iphone-11-pro-tpu-abstracto-verde\/"},"modified":"2025-07-25T18:45:56","modified_gmt":"2025-07-25T16:45:56","slug":"coque-de-telephone-pour-iphone-11-pro-tpu-abstrait-vert","status":"publish","type":"product","link":"https:\/\/olemosaic.orbitalia.org\/fr\/produit\/coque-de-telephone-pour-iphone-11-pro-tpu-abstrait-vert\/","title":{"rendered":"Coque de t\u00e9l\u00e9phone pour iPhone 11 Pro (TPU). Abstrait. Vert"},"content":{"rendered":"<p>Cette coque pour iPhone 11 Pro est un accessoire exceptionnel, fabriqu\u00e9e en TPU qui allie durabilit\u00e9 et style. Son design abstrait dans des tons vibrants de vert, rouge, jaune et bleu se distingue par ses formes fluides, devenant une v\u00e9ritable \u0153uvre d&rsquo;art qui transforme le t\u00e9l\u00e9phone en une d\u00e9claration de personnalit\u00e9. La finition douce et flexible de la coque permet un ajustement parfait \u00e0 l&rsquo;appareil, garantissant une protection efficace contre les chutes et les rayures.<\/p>\n<p>La fusion de couleurs vives et de motifs dynamiques revitalise non seulement l&rsquo;apparence de l&rsquo;iPhone, mais \u00e9voque \u00e9galement une sensation contemporaine et artistique, id\u00e9ale pour ceux qui recherchent un style unique dans leurs accessoires. Ce produit est parfait comme souvenir de voyage, car il \u00e9voque la cr\u00e9ativit\u00e9 et la diversit\u00e9 culturelle. Il attirera aussi bien les touristes que les locaux qui appr\u00e9cient le m\u00e9lange de modernit\u00e9 et d&rsquo;art au quotidien.<\/p>\n<p>Chez Ol\u00e9 Mosaic, nous nous sp\u00e9cialisons dans la distribution de souvenirs en gros, et cette coque est une excellente option pour les boutiques de cadeaux touristiques qui proposent des produits avec une touche distinctive. En tant que grossistes d&rsquo;accessoires, nous garantissons l&rsquo;authenticit\u00e9 et la qualit\u00e9 de chacune de nos pi\u00e8ces, assurant que chaque client trouve quelque chose de vraiment sp\u00e9cial.<\/p>\n","protected":false},"excerpt":{"rendered":"<p>Coque de t\u00e9l\u00e9phone pour iPhone 11 Pro fabriqu\u00e9e en TPU, avec un design abstrait dans les tons verts, rouges, jaunes et bleus. Cet accessoire \u00e9l\u00e9gant pr\u00e9sente une finition douce et flexible qui s&rsquo;adapte parfaitement \u00e0 l&rsquo;appareil, offrant une protection contre les chutes et les rayures. La combinaison vibrante de couleurs et de formes fluides apporte une touche artistique et moderne, id\u00e9ale pour ceux qui recherchent un style unique et contemporain pour leur smartphone.<\/p>\n","protected":false},"featured_media":12161,"template":"","meta":{"_acf_changed":false},"product_brand":[],"product_cat":[674],"product_tag":[],"class_list":{"0":"post-26812","1":"product","2":"type-product","3":"status-publish","4":"has-post-thumbnail","6":"product_cat-etuis-pour-telephones-portables","7":"pa_motivo-resume","9":"first","10":"instock","11":"shipping-taxable","12":"product-type-simple"},"acf":[],"_links":{"self":[{"href":"https:\/\/olemosaic.orbitalia.org\/fr\/wp-json\/wp\/v2\/product\/26812","targetHints":{"allow":["GET"]}}],"collection":[{"href":"https:\/\/olemosaic.orbitalia.org\/fr\/wp-json\/wp\/v2\/product"}],"about":[{"href":"https:\/\/olemosaic.orbitalia.org\/fr\/wp-json\/wp\/v2\/types\/product"}],"wp:featuredmedia":[{"embeddable":true,"href":"https:\/\/olemosaic.orbitalia.org\/fr\/wp-json\/wp\/v2\/media\/12161"}],"wp:attachment":[{"href":"https:\/\/olemosaic.orbitalia.org\/fr\/wp-json\/wp\/v2\/media?parent=26812"}],"wp:term":[{"taxonomy":"product_brand","embeddable":true,"href":"https:\/\/olemosaic.orbitalia.org\/fr\/wp-json\/wp\/v2\/product_brand?post=26812"},{"taxonomy":"product_cat","embeddable":true,"href":"https:\/\/olemosaic.orbitalia.org\/fr\/wp-json\/wp\/v2\/product_cat?post=26812"},{"taxonomy":"product_tag","embeddable":true,"href":"https:\/\/olemosaic.orbitalia.org\/fr\/wp-json\/wp\/v2\/product_tag?post=26812"}],"curies":[{"name":"wp","href":"https:\/\/api.w.org\/{rel}","templated":true}]}}