{"id":26809,"date":"2025-02-20T22:28:45","date_gmt":"2025-02-20T22:28:45","guid":{"rendered":"https:\/\/olemosaic.orbitalia.org\/producto\/funda-de-telefono-para-iphone-11-tpu-panoramica-barcelona-blanco\/"},"modified":"2025-07-25T19:13:07","modified_gmt":"2025-07-25T17:13:07","slug":"coque-de-telephone-pour-iphone-11-tpu-panoramique-barcelone-blanc","status":"publish","type":"product","link":"https:\/\/olemosaic.orbitalia.org\/fr\/produit\/coque-de-telephone-pour-iphone-11-tpu-panoramique-barcelone-blanc\/","title":{"rendered":"Coque de t\u00e9l\u00e9phone pour iPhone 11 (TPU). Panoramique. Barcelone. Blanc"},"content":{"rendered":"<p>Cette coque pour iPhone 11, fabriqu\u00e9e en TPU, pr\u00e9sente une vue panoramique vibrante de Barcelone, capturant l&rsquo;essence de la cit\u00e9 comtale \u00e0 travers le c\u00e9l\u00e8bre style mosa\u00efque de Gaud\u00ed. Son design artistique montre une repr\u00e9sentation color\u00e9e d&rsquo;\u00e9l\u00e9ments iconiques, tels que la majest\u00e9 de la Sagrada Familia et la fantaisie architecturale du Park G\u00fcell, dans une symphonie de tons vibrants incluant le rouge, le jaune, le vert et le bleu. Sur un fond blanc, ces structures embl\u00e9matiques prennent vie, transformant chaque t\u00e9l\u00e9phone en une \u0153uvre d&rsquo;art portable.<\/p>\n<p>La finition de la coque, qui permet un ajustement parfait et une protection optimale, souligne non seulement sa fonctionnalit\u00e9, mais aussi son attrait visuel. Ce souvenir de Barcelone est une excellente option pour les touristes qui souhaitent emporter un morceau de la culture catalane avec eux. Repr\u00e9sentant la richesse et la cr\u00e9ativit\u00e9 de l&rsquo;art de Gaud\u00ed, cette coque devient un souvenir significatif qui refl\u00e8te l&rsquo;histoire et le patrimoine de la ville.<\/p>\n<p>Chez Ol\u00e9 Mosaic, nous nous sp\u00e9cialisons dans l&rsquo;offre de souvenirs authentiques et de qualit\u00e9. Cette coque, faisant partie de notre collection de produits, est id\u00e9ale pour les boutiques de cadeaux touristiques \u00e0 la recherche d&rsquo;articles distinctifs avec un fort impact visuel. De plus, en tant que distributeurs d&rsquo;accessoires comme cette coque, nous garantissons un produit exclusif qui capture l&rsquo;essence de Barcelone de mani\u00e8re exceptionnelle.<\/p>\n","protected":false},"excerpt":{"rendered":"<p>Coque pour iPhone 11 fabriqu\u00e9e en TPU, d\u00e9cor\u00e9e d&rsquo;une vue panoramique vibrante de Barcelone. Cette coque pr\u00e9sente un design qui \u00e9voque le c\u00e9l\u00e8bre style de mosa\u00efque de Gaud\u00ed, repr\u00e9sentant des \u00e9l\u00e9ments iconiques tels que la Sagrada Familia et le Parc G\u00fcell. Avec des couleurs \u00e9clatantes en rouge, jaune, vert et bleu, elle souligne l&rsquo;architecture unique de la ville sur un fond blanc, ajoutant une touche artistique et moderne \u00e0 votre appareil.<\/p>\n","protected":false},"featured_media":12138,"template":"","meta":{"_acf_changed":false},"product_brand":[],"product_cat":[674],"product_tag":[],"class_list":{"0":"post-26809","1":"product","2":"type-product","3":"status-publish","4":"has-post-thumbnail","6":"product_cat-etuis-pour-telephones-portables","7":"pa_ciudad-barcelona","8":"pa_motivo-panoramas","9":"pa_pais-espana","11":"first","12":"instock","13":"shipping-taxable","14":"product-type-simple"},"acf":[],"_links":{"self":[{"href":"https:\/\/olemosaic.orbitalia.org\/fr\/wp-json\/wp\/v2\/product\/26809","targetHints":{"allow":["GET"]}}],"collection":[{"href":"https:\/\/olemosaic.orbitalia.org\/fr\/wp-json\/wp\/v2\/product"}],"about":[{"href":"https:\/\/olemosaic.orbitalia.org\/fr\/wp-json\/wp\/v2\/types\/product"}],"wp:featuredmedia":[{"embeddable":true,"href":"https:\/\/olemosaic.orbitalia.org\/fr\/wp-json\/wp\/v2\/media\/12138"}],"wp:attachment":[{"href":"https:\/\/olemosaic.orbitalia.org\/fr\/wp-json\/wp\/v2\/media?parent=26809"}],"wp:term":[{"taxonomy":"product_brand","embeddable":true,"href":"https:\/\/olemosaic.orbitalia.org\/fr\/wp-json\/wp\/v2\/product_brand?post=26809"},{"taxonomy":"product_cat","embeddable":true,"href":"https:\/\/olemosaic.orbitalia.org\/fr\/wp-json\/wp\/v2\/product_cat?post=26809"},{"taxonomy":"product_tag","embeddable":true,"href":"https:\/\/olemosaic.orbitalia.org\/fr\/wp-json\/wp\/v2\/product_tag?post=26809"}],"curies":[{"name":"wp","href":"https:\/\/api.w.org\/{rel}","templated":true}]}}