{"id":26808,"date":"2025-02-20T22:28:45","date_gmt":"2025-02-20T22:28:45","guid":{"rendered":"https:\/\/olemosaic.orbitalia.org\/producto\/funda-de-telefono-para-iphone-11-tpu-gato-barcelona-negro\/"},"modified":"2025-07-25T20:15:50","modified_gmt":"2025-07-25T18:15:50","slug":"coque-de-telephone-pour-iphone-11-tpu-chat-barcelone-noir","status":"publish","type":"product","link":"https:\/\/olemosaic.orbitalia.org\/fr\/produit\/coque-de-telephone-pour-iphone-11-tpu-chat-barcelone-noir\/","title":{"rendered":"Coque de t\u00e9l\u00e9phone pour iPhone 11 (TPU). Chat. Barcelone. Noir"},"content":{"rendered":"<p>Cette coque pour iPhone 11 est une repr\u00e9sentation vibrante de l&rsquo;esprit catalan, \u00e9labor\u00e9e en TPU avec un design attrayant qui capte l&rsquo;attention. Elle pr\u00e9sente un fond noir qui rehausse la mosa\u00efque color\u00e9e d&rsquo;un chat, inspir\u00e9e de la c\u00e9l\u00e8bre architecture de Barcelone. Ce chat, aux formes g\u00e9om\u00e9triques dans des tons vifs comme le bleu, le jaune, le rouge et le vert, \u00e9voque la magie de l&rsquo;art moderniste de la ville, r\u00e9sonnant avec l&rsquo;\u0153uvre de g\u00e9nies comme Antoni Gaud\u00ed. De plus, des papillons aux tons chauds et joyeux flottent autour, apportant une touche de vie et de mouvement \u00e0 ce design captivant.<\/p>\n<p>Le mot \u00ab\u00a0Barcelone\u00a0\u00bb est \u00e9l\u00e9gamment imprim\u00e9, ajoutant une touche distinctive et renfor\u00e7ant le lien \u00e9motionnel avec cette ville embl\u00e9matique. Cette coque ne prot\u00e8ge pas seulement votre appareil des chocs et des chutes, mais elle le transforme \u00e9galement en un accessoire \u00e9l\u00e9gant et culturellement significatif, un excellent souvenir que les touristes voudront ramener chez eux. Chez Ol\u00e9 Mosaic, nous nous sp\u00e9cialisons dans la distribution de souvenirs de qualit\u00e9, et cette coque de chat est une option id\u00e9ale pour les boutiques de cadeaux touristiques souhaitant proposer des produits authentiques avec un fort lien culturel. Avec cette coque, les clients pourront emporter avec eux un morceau de l&rsquo;art et de la culture de Barcelone, devenant une pi\u00e8ce indispensable pour tout amoureux de la ville.<\/p>\n","protected":false},"excerpt":{"rendered":"<p>Coque pour iPhone 11 fabriqu\u00e9e en TPU avec un design vibrant d&rsquo;un chat inspir\u00e9 de la c\u00e9l\u00e8bre architecture de Barcelone. La coque, sur fond noir, fait ressortir la mosa\u00efque color\u00e9e du f\u00e9lin, orn\u00e9e de papillons aux tons chauds et joyeux. Le mot \u00ab\u00a0Barcelone\u00a0\u00bb est \u00e9l\u00e9gamment imprim\u00e9, ajoutant une touche distinctive. Cette coque ne prot\u00e8ge pas seulement votre appareil, mais c\u00e9l\u00e8bre \u00e9galement l&rsquo;art et l&rsquo;esprit de la ville.<\/p>\n","protected":false},"featured_media":12151,"template":"","meta":{"_acf_changed":false},"product_brand":[],"product_cat":[674],"product_tag":[530],"class_list":{"0":"post-26808","1":"product","2":"type-product","3":"status-publish","4":"has-post-thumbnail","6":"product_cat-etuis-pour-telephones-portables","7":"product_tag-animaux","8":"pa_ciudad-barcelona","9":"pa_motivo-chats","10":"pa_pais-espana","12":"first","13":"instock","14":"shipping-taxable","15":"product-type-simple"},"acf":[],"_links":{"self":[{"href":"https:\/\/olemosaic.orbitalia.org\/fr\/wp-json\/wp\/v2\/product\/26808","targetHints":{"allow":["GET"]}}],"collection":[{"href":"https:\/\/olemosaic.orbitalia.org\/fr\/wp-json\/wp\/v2\/product"}],"about":[{"href":"https:\/\/olemosaic.orbitalia.org\/fr\/wp-json\/wp\/v2\/types\/product"}],"wp:featuredmedia":[{"embeddable":true,"href":"https:\/\/olemosaic.orbitalia.org\/fr\/wp-json\/wp\/v2\/media\/12151"}],"wp:attachment":[{"href":"https:\/\/olemosaic.orbitalia.org\/fr\/wp-json\/wp\/v2\/media?parent=26808"}],"wp:term":[{"taxonomy":"product_brand","embeddable":true,"href":"https:\/\/olemosaic.orbitalia.org\/fr\/wp-json\/wp\/v2\/product_brand?post=26808"},{"taxonomy":"product_cat","embeddable":true,"href":"https:\/\/olemosaic.orbitalia.org\/fr\/wp-json\/wp\/v2\/product_cat?post=26808"},{"taxonomy":"product_tag","embeddable":true,"href":"https:\/\/olemosaic.orbitalia.org\/fr\/wp-json\/wp\/v2\/product_tag?post=26808"}],"curies":[{"name":"wp","href":"https:\/\/api.w.org\/{rel}","templated":true}]}}