{"id":26767,"date":"2025-02-20T23:28:43","date_gmt":"2025-02-20T22:28:43","guid":{"rendered":"https:\/\/olemosaic.orbitalia.org\/producto\/tortuga-figura-de-resina-de-8-cm-pintada-a-mano\/"},"modified":"2025-07-25T18:55:18","modified_gmt":"2025-07-25T16:55:18","slug":"tortue-figurine-en-resine-de-8-cm-peinte-a-la-main","status":"publish","type":"product","link":"https:\/\/olemosaic.orbitalia.org\/fr\/produit\/tortue-figurine-en-resine-de-8-cm-peinte-a-la-main\/","title":{"rendered":"Tortue. Figurines en mosa\u00efque de 8 cm."},"content":{"rendered":"<p>Cette figurine de tortue en r\u00e9sine de 8 cm est un exemple exquis de l&rsquo;artisanat espagnol, peinte \u00e0 la main et orn\u00e9e d&rsquo;un design vibrant en mosa\u00efque qui capte l&rsquo;essence de la color\u00e9e tradition artisanale du pays. La tortue pr\u00e9sente une combinaison captivante de tonalit\u00e9s jaunes, bleues, vertes et rouges, ce qui la rend non seulement visuellement attrayante, mais apporte \u00e9galement une touche de joie et de fra\u00eecheur \u00e0 n&rsquo;importe quel espace. Chaque d\u00e9tail de cette pi\u00e8ce a \u00e9t\u00e9 \u00e9labor\u00e9 avec soin, refl\u00e9tant la finition minutieuse caract\u00e9ristique de la c\u00e9ramique artisanale.<\/p>\n<p>Ce souvenir est id\u00e9al aussi bien comme \u00e9l\u00e9ment d\u00e9coratif pour la maison que comme souvenir des splendides coutumes et de l&rsquo;art populaire espagnol. La tortue, souvent symbole de long\u00e9vit\u00e9 et de sagesse, devient un souvenir culturel repr\u00e9sentant la riche histoire de l&rsquo;Espagne dans l&rsquo;\u00e9laboration de pi\u00e8ces artistiques. Chez Ol\u00e9 Mosaic, en tant que distributeurs de souvenirs en gros, cette figurine de tortue incarne non seulement l&rsquo;authenticit\u00e9 et le style, mais constitue \u00e9galement une excellente option pour les touristes cherchant \u00e0 emporter un petit morceau de la vibrante culture espagnole. Int\u00e9grez ce charmant produit dans votre boutique de cadeaux touristiques et offrez \u00e0 vos clients un article qui se distingue par son design unique et sa signification culturelle.<\/p>\n","protected":false},"excerpt":{"rendered":"<p>Figurine de tortue de 8 cm, design artisanal, peinte \u00e0 la main, avec un design vibrant en mosa\u00efque \u00e9voquant la color\u00e9e tradition artisanale espagnole. Cette charmante pi\u00e8ce pr\u00e9sente une combinaison de tonalit\u00e9s jaunes, bleues, vertes et rouges, qui conf\u00e8rent \u00e0 la tortue un aspect unique et attrayant. Id\u00e9ale comme souvenir ou \u00e9l\u00e9ment d\u00e9coratif, elle capture l&rsquo;essence de l&rsquo;art populaire avec sa finition minutieuse rappelant la c\u00e9ramique artisanale.<\/p>\n","protected":false},"featured_media":6228,"template":"","meta":{"_acf_changed":false},"product_brand":[],"product_cat":[540],"product_tag":[530],"class_list":{"0":"post-26767","1":"product","2":"type-product","3":"status-publish","4":"has-post-thumbnail","6":"product_cat-chiffres","7":"product_tag-animaux","8":"pa_motivo-tortues","10":"first","11":"instock","12":"shipping-taxable","13":"product-type-simple"},"acf":[],"_links":{"self":[{"href":"https:\/\/olemosaic.orbitalia.org\/fr\/wp-json\/wp\/v2\/product\/26767","targetHints":{"allow":["GET"]}}],"collection":[{"href":"https:\/\/olemosaic.orbitalia.org\/fr\/wp-json\/wp\/v2\/product"}],"about":[{"href":"https:\/\/olemosaic.orbitalia.org\/fr\/wp-json\/wp\/v2\/types\/product"}],"wp:featuredmedia":[{"embeddable":true,"href":"https:\/\/olemosaic.orbitalia.org\/fr\/wp-json\/wp\/v2\/media\/6228"}],"wp:attachment":[{"href":"https:\/\/olemosaic.orbitalia.org\/fr\/wp-json\/wp\/v2\/media?parent=26767"}],"wp:term":[{"taxonomy":"product_brand","embeddable":true,"href":"https:\/\/olemosaic.orbitalia.org\/fr\/wp-json\/wp\/v2\/product_brand?post=26767"},{"taxonomy":"product_cat","embeddable":true,"href":"https:\/\/olemosaic.orbitalia.org\/fr\/wp-json\/wp\/v2\/product_cat?post=26767"},{"taxonomy":"product_tag","embeddable":true,"href":"https:\/\/olemosaic.orbitalia.org\/fr\/wp-json\/wp\/v2\/product_tag?post=26767"}],"curies":[{"name":"wp","href":"https:\/\/api.w.org\/{rel}","templated":true}]}}