{"id":26761,"date":"2025-02-20T23:28:42","date_gmt":"2025-02-20T22:28:42","guid":{"rendered":"https:\/\/olemosaic.orbitalia.org\/producto\/elefante-figura-de-resina-de-15-cm-pintada-a-mano\/"},"modified":"2025-07-25T20:09:45","modified_gmt":"2025-07-25T18:09:45","slug":"elephant-figurine-resine-15-cm-peinte-main","status":"publish","type":"product","link":"https:\/\/olemosaic.orbitalia.org\/fr\/produit\/elephant-figurine-resine-15-cm-peinte-main\/","title":{"rendered":"\u00c9l\u00e9phant. Figurine mosa\u00efque de 15 cm."},"content":{"rendered":"<p>Cette figurine en r\u00e9sine en forme d&rsquo;\u00e9l\u00e9phant est un joyau de l&rsquo;artisanat espagnol, id\u00e9ale pour ceux qui recherchent un souvenir authentique et color\u00e9. D&rsquo;une hauteur de 15 cm, cette pi\u00e8ce est m\u00e9ticuleusement peinte \u00e0 la main avec un effet mosa\u00efque, ce qui en fait un objet unique capturant l&rsquo;essence de l&rsquo;art traditionnel. Son design vibrant pr\u00e9sente une mosa\u00efque \u00e9blouissante compos\u00e9e de tons rouges, bleus, jaunes et verts, cr\u00e9ant un attrait visuel extraordinaire qui se d\u00e9marque dans n&rsquo;importe quel environnement.<\/p>\n<p>Le travail de peinture complexe et le d\u00e9tail de chaque mosa\u00efque refl\u00e8tent des motifs culturels \u00e9voquant le riche folklore espagnol, faisant de cet \u00e9l\u00e9phant non seulement un \u00e9l\u00e9ment d\u00e9coratif, mais aussi une repr\u00e9sentation de l&rsquo;h\u00e9ritage artistique de la r\u00e9gion. Sa silhouette stylis\u00e9e et expressive, avec de grandes oreilles et la trompe lev\u00e9e, symbolise la chance et la sagesse, s&rsquo;adaptant parfaitement \u00e0 diverses d\u00e9corations d&rsquo;int\u00e9rieur.<\/p>\n<p>Ce souvenir est une excellente option pour les touristes souhaitant ramener un morceau de la culture espagnole chez eux, et sa pertinence en tant que pi\u00e8ce d\u00e9corative le rend parfait pour \u00eatre expos\u00e9 sur des \u00e9tag\u00e8res, des tables ou dans le cadre d&rsquo;une collection. Chez Ol\u00e9 Mosaic, nous sommes fiers d&rsquo;\u00eatre grossistes de cette figurine embl\u00e9matique d&rsquo;\u00e9l\u00e9phant, garantissant la qualit\u00e9 et l&rsquo;authenticit\u00e9 de chaque produit que nous proposons.<\/p>\n","protected":false},"excerpt":{"rendered":"<p>Figurine de 15 cm en forme d&rsquo;\u00e9l\u00e9phant, design artisanal, peinte \u00e0 la main, capturant l&rsquo;essence de l&rsquo;art traditionnel. Cet \u00e9l\u00e9phant pr\u00e9sente une mosa\u00efque vibrante de couleurs dans des tons rouges, bleus, jaunes et verts, avec un attrait visuel remarquable. Son design complexe et d\u00e9taill\u00e9 refl\u00e8te des motifs culturels, ce qui en fait un souvenir parfait \u00e9voquant la richesse du folklore espagnol. Id\u00e9al comme pi\u00e8ce d\u00e9corative pour n&rsquo;importe quel int\u00e9rieur.<\/p>\n","protected":false},"featured_media":8763,"template":"","meta":{"_acf_changed":false},"product_brand":[],"product_cat":[540],"product_tag":[530],"class_list":{"0":"post-26761","1":"product","2":"type-product","3":"status-publish","4":"has-post-thumbnail","6":"product_cat-chiffres","7":"product_tag-animaux","8":"pa_motivo-elephants","10":"first","11":"instock","12":"shipping-taxable","13":"product-type-simple"},"acf":[],"_links":{"self":[{"href":"https:\/\/olemosaic.orbitalia.org\/fr\/wp-json\/wp\/v2\/product\/26761","targetHints":{"allow":["GET"]}}],"collection":[{"href":"https:\/\/olemosaic.orbitalia.org\/fr\/wp-json\/wp\/v2\/product"}],"about":[{"href":"https:\/\/olemosaic.orbitalia.org\/fr\/wp-json\/wp\/v2\/types\/product"}],"wp:featuredmedia":[{"embeddable":true,"href":"https:\/\/olemosaic.orbitalia.org\/fr\/wp-json\/wp\/v2\/media\/8763"}],"wp:attachment":[{"href":"https:\/\/olemosaic.orbitalia.org\/fr\/wp-json\/wp\/v2\/media?parent=26761"}],"wp:term":[{"taxonomy":"product_brand","embeddable":true,"href":"https:\/\/olemosaic.orbitalia.org\/fr\/wp-json\/wp\/v2\/product_brand?post=26761"},{"taxonomy":"product_cat","embeddable":true,"href":"https:\/\/olemosaic.orbitalia.org\/fr\/wp-json\/wp\/v2\/product_cat?post=26761"},{"taxonomy":"product_tag","embeddable":true,"href":"https:\/\/olemosaic.orbitalia.org\/fr\/wp-json\/wp\/v2\/product_tag?post=26761"}],"curies":[{"name":"wp","href":"https:\/\/api.w.org\/{rel}","templated":true}]}}