{"id":26760,"date":"2025-02-20T23:28:42","date_gmt":"2025-02-20T22:28:42","guid":{"rendered":"https:\/\/olemosaic.orbitalia.org\/producto\/bailaora-figura-de-resina-de-10-cm-rojo-blanco-pintada-a-mano\/"},"modified":"2025-07-25T18:36:30","modified_gmt":"2025-07-25T16:36:30","slug":"danseuse-flamenco-figurine-resine-10-cm-rouge-blanc-peinte-main","status":"publish","type":"product","link":"https:\/\/olemosaic.orbitalia.org\/fr\/produit\/danseuse-flamenco-figurine-resine-10-cm-rouge-blanc-peinte-main\/","title":{"rendered":"Danseuse de Flamenco. Figurine mosa\u00efque de 10 cm. Rouge \/ blanc."},"content":{"rendered":"<p>Cette figurine en r\u00e9sine d&rsquo;une danseuse de flamenco est un charmant souvenir qui encapsule l&rsquo;essence vibrante du folklore espagnol. D&rsquo;une hauteur de 10 cm, elle est finement peinte \u00e0 la main avec un effet de contraste \u00e9clatant entre le rouge et le blanc. La robe \u00e0 volants avec de grands pois blancs est un hommage \u00e0 la tradition flamenca, montrant le mouvement et l&rsquo;esprit de cette danse passionn\u00e9e. La danseuse, avec son expression pleine d&rsquo;\u00e9nergie, tient un \u00e9ventail qui compl\u00e8te sa pose \u00e9l\u00e9gante, sugg\u00e9rant le rythme et la musicalit\u00e9 qui caract\u00e9risent le flamenco.<\/p>\n<p>Chaque d\u00e9tail de la figurine, des plis de la robe \u00e0 la d\u00e9licate expression du visage, a \u00e9t\u00e9 \u00e9labor\u00e9 avec soin, refl\u00e9tant l&rsquo;authentique culture andalouse. Ce souvenir n&rsquo;est pas seulement une repr\u00e9sentation artistique, mais aussi un symbole de la tradition qui a perdur\u00e9 \u00e0 travers les g\u00e9n\u00e9rations en Andalousie. En tant que produit authentique, c&rsquo;est une excellente option pour les touristes cherchant \u00e0 emporter un morceau de la richesse culturelle espagnole.<\/p>\n<p>Chez Ol\u00e9 Mosaic, nous sommes distributeurs de souvenirs de haute qualit\u00e9 et cette figurine de danseuse est parfaite pour les boutiques de cadeaux touristiques souhaitant proposer des produits mettant en valeur l&rsquo;h\u00e9ritage culturel de l&rsquo;Espagne. Avec son charme et sa signification, cette figurine de flamenco ravira ceux qui la verront, constituant un souvenir inoubliable de leur visite en Andalousie.<\/p>\n","protected":false},"excerpt":{"rendered":"<p>Figurine d&rsquo;une danseuse de flamenco de 10 cm de hauteur, design artisanal, peinte \u00e0 la main, dans des couleurs vibrantes rouge et blanc. Cette charmante repr\u00e9sentation capture l&rsquo;essence du flamenco espagnol, avec une robe \u00e0 volants et de grands pois blancs, ainsi qu&rsquo;un \u00e9ventail qui compl\u00e8te sa pose \u00e9l\u00e9gante. Avec un design d\u00e9taill\u00e9 et une expression pleine d&rsquo;\u00e9nergie, c&rsquo;est un souvenir parfait qui refl\u00e8te la culture andalouse et sa tradition folklorique.<\/p>\n","protected":false},"featured_media":6126,"template":"","meta":{"_acf_changed":false},"product_brand":[],"product_cat":[540],"product_tag":[],"class_list":{"0":"post-26760","1":"product","2":"type-product","3":"status-publish","4":"has-post-thumbnail","6":"product_cat-chiffres","7":"pa_motivo-danseurs","9":"first","10":"instock","11":"shipping-taxable","12":"product-type-simple"},"acf":[],"_links":{"self":[{"href":"https:\/\/olemosaic.orbitalia.org\/fr\/wp-json\/wp\/v2\/product\/26760","targetHints":{"allow":["GET"]}}],"collection":[{"href":"https:\/\/olemosaic.orbitalia.org\/fr\/wp-json\/wp\/v2\/product"}],"about":[{"href":"https:\/\/olemosaic.orbitalia.org\/fr\/wp-json\/wp\/v2\/types\/product"}],"wp:featuredmedia":[{"embeddable":true,"href":"https:\/\/olemosaic.orbitalia.org\/fr\/wp-json\/wp\/v2\/media\/6126"}],"wp:attachment":[{"href":"https:\/\/olemosaic.orbitalia.org\/fr\/wp-json\/wp\/v2\/media?parent=26760"}],"wp:term":[{"taxonomy":"product_brand","embeddable":true,"href":"https:\/\/olemosaic.orbitalia.org\/fr\/wp-json\/wp\/v2\/product_brand?post=26760"},{"taxonomy":"product_cat","embeddable":true,"href":"https:\/\/olemosaic.orbitalia.org\/fr\/wp-json\/wp\/v2\/product_cat?post=26760"},{"taxonomy":"product_tag","embeddable":true,"href":"https:\/\/olemosaic.orbitalia.org\/fr\/wp-json\/wp\/v2\/product_tag?post=26760"}],"curies":[{"name":"wp","href":"https:\/\/api.w.org\/{rel}","templated":true}]}}