{"id":26758,"date":"2025-02-20T23:28:42","date_gmt":"2025-02-20T22:28:42","guid":{"rendered":"https:\/\/olemosaic.orbitalia.org\/producto\/bailaora-figura-de-resina-de-8-cm-negro-rojo-pintada-a-mano\/"},"modified":"2025-07-25T18:51:12","modified_gmt":"2025-07-25T16:51:12","slug":"danseuse-flamenco-figurine-resine-8-cm-noir-rouge-peinte-main","status":"publish","type":"product","link":"https:\/\/olemosaic.orbitalia.org\/fr\/produit\/danseuse-flamenco-figurine-resine-8-cm-noir-rouge-peinte-main\/","title":{"rendered":"Danseuse de Flamenco. Figurine mosa\u00efque de 8 cm. Noir \/ rouge."},"content":{"rendered":"<p>Cette figurine en r\u00e9sine de 8 cm repr\u00e9sente une charmante danseuse de flamenco, avec un effet peint \u00e0 la main riche en d\u00e9tails et une palette de couleurs captivante en noir et rouge. La robe \u00e9l\u00e9gante de la figurine est orn\u00e9e de pois rouges vifs, imitant la tenue classique des danseuses lors des festivals et c\u00e9l\u00e9brations andalouses. La jupe \u00e0 volants, dans la partie inf\u00e9rieure, ajoute une touche dynamique, \u00e9voquant le mouvement et la passion qui caract\u00e9risent cette tradition culturelle.<\/p>\n<p>La danseuse tient un bel \u00e9ventail, pi\u00e8ce essentielle du flamenco, qui compl\u00e8te sa pose et capture l&rsquo;essence de l&rsquo;art dans chaque tour et geste. Ce souvenir n&rsquo;est pas seulement un objet d\u00e9coratif, mais il encapsule la riche culture et le folklore espagnol, devenant un souvenir id\u00e9al pour les touristes souhaitant emporter un morceau d&rsquo;Andalousie chez eux.<\/p>\n<p>Chez Ol\u00e9 Mosaic, nous nous consacrons \u00e0 la distribution de souvenirs en gros, et cette figurine de danseuse est un t\u00e9moignage parfait de l&rsquo;authenticit\u00e9 et de la valeur culturelle de nos produits, id\u00e9aux pour les boutiques de cadeaux touristiques souhaitant offrir \u00e0 leurs clients un souvenir repr\u00e9sentatif de la passion du flamenco. Reconnaissance et qualit\u00e9 se combinent dans cette pi\u00e8ce unique, donnant envie \u00e0 chaque client de ramener chez lui une part de l&rsquo;esprit andalou.<\/p>\n","protected":false},"excerpt":{"rendered":"<p>Figurine de 8 cm repr\u00e9sentant une danseuse de flamenco, design artisanal, peinte \u00e0 la main, en noir et rouge. Elle se distingue par son \u00e9l\u00e9gante robe noire \u00e0 pois rouges et ses volants dans le bas, \u00e9voquant l&rsquo;essence du flamenco andalou. La danseuse tient un bel \u00e9ventail, capturant le mouvement et la gr\u00e2ce de cette tradition culturelle. Un souvenir id\u00e9al qui refl\u00e8te la passion pour le flamenco et le folklore espagnol.<\/p>\n","protected":false},"featured_media":7852,"template":"","meta":{"_acf_changed":false},"product_brand":[],"product_cat":[540],"product_tag":[],"class_list":{"0":"post-26758","1":"product","2":"type-product","3":"status-publish","4":"has-post-thumbnail","6":"product_cat-chiffres","7":"pa_motivo-danseurs","9":"first","10":"instock","11":"shipping-taxable","12":"product-type-simple"},"acf":[],"_links":{"self":[{"href":"https:\/\/olemosaic.orbitalia.org\/fr\/wp-json\/wp\/v2\/product\/26758","targetHints":{"allow":["GET"]}}],"collection":[{"href":"https:\/\/olemosaic.orbitalia.org\/fr\/wp-json\/wp\/v2\/product"}],"about":[{"href":"https:\/\/olemosaic.orbitalia.org\/fr\/wp-json\/wp\/v2\/types\/product"}],"wp:featuredmedia":[{"embeddable":true,"href":"https:\/\/olemosaic.orbitalia.org\/fr\/wp-json\/wp\/v2\/media\/7852"}],"wp:attachment":[{"href":"https:\/\/olemosaic.orbitalia.org\/fr\/wp-json\/wp\/v2\/media?parent=26758"}],"wp:term":[{"taxonomy":"product_brand","embeddable":true,"href":"https:\/\/olemosaic.orbitalia.org\/fr\/wp-json\/wp\/v2\/product_brand?post=26758"},{"taxonomy":"product_cat","embeddable":true,"href":"https:\/\/olemosaic.orbitalia.org\/fr\/wp-json\/wp\/v2\/product_cat?post=26758"},{"taxonomy":"product_tag","embeddable":true,"href":"https:\/\/olemosaic.orbitalia.org\/fr\/wp-json\/wp\/v2\/product_tag?post=26758"}],"curies":[{"name":"wp","href":"https:\/\/api.w.org\/{rel}","templated":true}]}}