{"id":26745,"date":"2025-02-20T23:28:40","date_gmt":"2025-02-20T22:28:40","guid":{"rendered":"https:\/\/olemosaic.orbitalia.org\/producto\/dromedario-figura-de-resina-de-8-cm-pintada-a-mano\/"},"modified":"2025-07-25T18:43:35","modified_gmt":"2025-07-25T16:43:35","slug":"dromadaire-figurine-resine-8-cm-peinte-a-la-main","status":"publish","type":"product","link":"https:\/\/olemosaic.orbitalia.org\/fr\/produit\/dromadaire-figurine-resine-8-cm-peinte-a-la-main\/","title":{"rendered":"Dromadaire. Figurine en mosa\u00efque de 8 cm."},"content":{"rendered":"<p>Cette figurine de dromadaire en r\u00e9sine, de 8 cm de hauteur, est un charmant souvenir qui encapsule l&rsquo;essence du folklore et de la culture des d\u00e9serts. Peint \u00e0 la main, ce dromadaire pr\u00e9sente une mosa\u00efque vibrante de couleurs avec des motifs g\u00e9om\u00e9triques, \u00e9voquant la riche tradition artisanale des r\u00e9gions arides. La vari\u00e9t\u00e9 des tons bleus, rouges, jaunes et roses, avec une finition brillante, cr\u00e9e une pi\u00e8ce artistique qui non seulement attire le regard, mais ajoute \u00e9galement une touche d\u00e9corative \u00e0 n&rsquo;importe quel espace, que ce soit sur une \u00e9tag\u00e8re, une table basse ou un bureau.<\/p>\n<p>Ce dromadaire devient un symbole des voyages et des aventures \u00e0 travers les d\u00e9serts, repr\u00e9sentant l&rsquo;importance de cet animal majestueux dans les cultures de ces r\u00e9gions. Sa pr\u00e9sence vibrante et color\u00e9e le rend id\u00e9al comme cadeau, offrant aux touristes un moyen de ramener chez eux un morceau d&rsquo;authenticit\u00e9 et de culture. Chez Ol\u00e9 Mosaic, nous sommes des distributeurs de souvenirs en gros et cette figurine en r\u00e9sine est une option parfaite pour les boutiques de cadeaux touristiques \u00e0 la recherche de produits uniques et repr\u00e9sentatifs. Avec ce dromadaire, les touristes peuvent se souvenir de leur exp\u00e9rience de voyage et de la beaut\u00e9 du folklore d\u00e9sertique, en faisant un souvenir v\u00e9ritablement m\u00e9morable.<\/p>\n","protected":false},"excerpt":{"rendered":"<p>Figurine de dromadaire de 8 cm, design artisanal, peinte \u00e0 la main, avec une mosa\u00efque de couleurs vibrantes. Ce charmant souvenir repr\u00e9sente l&rsquo;essence du folklore et de la culture des d\u00e9serts, mettant en avant dans son design des motifs g\u00e9om\u00e9triques qui \u00e9voquent l&rsquo;artisanat traditionnel. Sa finition brillante, avec divers tons bleus, rouges, jaunes et roses, ajoute une touche artistique, en faisant un \u00e9l\u00e9ment d\u00e9coratif attrayant pour tout espace. Id\u00e9al comme cadeau ou pour se souvenir de vos voyages.<\/p>\n","protected":false},"featured_media":11061,"template":"","meta":{"_acf_changed":false},"product_brand":[],"product_cat":[540],"product_tag":[530],"class_list":{"0":"post-26745","1":"product","2":"type-product","3":"status-publish","4":"has-post-thumbnail","6":"product_cat-chiffres","7":"product_tag-animaux","8":"pa_motivo-dromadaires","10":"first","11":"instock","12":"shipping-taxable","13":"product-type-simple"},"acf":[],"_links":{"self":[{"href":"https:\/\/olemosaic.orbitalia.org\/fr\/wp-json\/wp\/v2\/product\/26745","targetHints":{"allow":["GET"]}}],"collection":[{"href":"https:\/\/olemosaic.orbitalia.org\/fr\/wp-json\/wp\/v2\/product"}],"about":[{"href":"https:\/\/olemosaic.orbitalia.org\/fr\/wp-json\/wp\/v2\/types\/product"}],"wp:featuredmedia":[{"embeddable":true,"href":"https:\/\/olemosaic.orbitalia.org\/fr\/wp-json\/wp\/v2\/media\/11061"}],"wp:attachment":[{"href":"https:\/\/olemosaic.orbitalia.org\/fr\/wp-json\/wp\/v2\/media?parent=26745"}],"wp:term":[{"taxonomy":"product_brand","embeddable":true,"href":"https:\/\/olemosaic.orbitalia.org\/fr\/wp-json\/wp\/v2\/product_brand?post=26745"},{"taxonomy":"product_cat","embeddable":true,"href":"https:\/\/olemosaic.orbitalia.org\/fr\/wp-json\/wp\/v2\/product_cat?post=26745"},{"taxonomy":"product_tag","embeddable":true,"href":"https:\/\/olemosaic.orbitalia.org\/fr\/wp-json\/wp\/v2\/product_tag?post=26745"}],"curies":[{"name":"wp","href":"https:\/\/api.w.org\/{rel}","templated":true}]}}