{"id":26710,"date":"2025-02-20T23:28:39","date_gmt":"2025-02-20T22:28:39","guid":{"rendered":"https:\/\/olemosaic.orbitalia.org\/producto\/mug-de-ceramica-don-quijote-beige\/"},"modified":"2025-07-25T19:27:12","modified_gmt":"2025-07-25T17:27:12","slug":"mug-en-ceramique-don-quichotte-beige-fr","status":"publish","type":"product","link":"https:\/\/olemosaic.orbitalia.org\/fr\/produit\/mug-en-ceramique-don-quichotte-beige-fr\/","title":{"rendered":"Mug en c\u00e9ramique. Don Quichotte. Beige."},"content":{"rendered":"<p>Cette charmante tasse en c\u00e9ramique, d\u00e9cor\u00e9e d&rsquo;une illustration vibrante de Don Quichotte et de son fid\u00e8le Rossinante, est un hommage parfait \u00e0 la litt\u00e9rature espagnole et \u00e0 la culture de la Manche. Avec un design peint \u00e0 la main, la tasse se distingue par ses tons beiges, qui offrent un fond chaud et accueillant contrastant avec les d\u00e9tails multicolores de la sc\u00e8ne. Don Quichotte, v\u00eatu de son armure et de sa lance, se dresse dans un paysage de champs verts avec des moulins en arri\u00e8re-plan, \u00e9voquant sa lutte \u00e9pique contre eux et repr\u00e9sentant la folie et la noblesse du chevalier errant.<\/p>\n<p>Le design ne s\u00e9duit pas seulement par son esth\u00e9tique, mais comprend \u00e9galement une petite cuill\u00e8re qui ajoute de la fonctionnalit\u00e9 \u00e0 la pi\u00e8ce, faisant de cette tasse une option id\u00e9ale pour le petit-d\u00e9jeuner ou le go\u00fbter. Ce souvenir est un symbole authentique de la culture espagnole, parfait pour ceux qui souhaitent emporter un petit morceau de son histoire et de sa tradition. Chez Ol\u00e9 Mosaic, nous comprenons l&rsquo;importance de proposer des produits qui repr\u00e9sentent la diversit\u00e9 culturelle de l&rsquo;Espagne ; ce mug de Don Quichotte est un cadeau remarquable tant pour les amateurs de litt\u00e9rature que pour les touristes qui recherchent des souvenirs authentiques et de qualit\u00e9. En tant que grossiste d&rsquo;articles typiques, nous garantissons l&rsquo;authenticit\u00e9 et le caract\u00e8re artisanal de chaque pi\u00e8ce, faisant de cette tasse un souvenir in\u00e9galable de votre voyage \u00e0 La Manche.<\/p>\n","protected":false},"excerpt":{"rendered":"<p>Tasse en c\u00e9ramique d\u00e9cor\u00e9e d&rsquo;une illustration vibrante de Don Quichotte et de son fid\u00e8le Rossinante dans les champs embl\u00e9matiques de La Manche. Avec un design artisanal, peint \u00e0 la main, elle se distingue par ses couleurs beiges et ses d\u00e9tails multicolores qui \u00e9voquent la lutte contre les moulins. La tasse comprend une cuill\u00e8re, ajoutant une touche fonctionnelle. Parfaite pour les amateurs de litt\u00e9rature espagnole et un souvenir unique de la culture li\u00e9e \u00e0 la figure du chevalier errant.<\/p>\n","protected":false},"featured_media":6931,"template":"","meta":{"_acf_changed":false},"product_brand":[],"product_cat":[728],"product_tag":[530,585],"class_list":{"0":"post-26710","1":"product","2":"type-product","3":"status-publish","4":"has-post-thumbnail","6":"product_cat-mugs","7":"product_tag-animaux","8":"product_tag-ceramique","9":"pa_motivo-don-quichotte","11":"first","12":"instock","13":"shipping-taxable","14":"product-type-simple"},"acf":[],"_links":{"self":[{"href":"https:\/\/olemosaic.orbitalia.org\/fr\/wp-json\/wp\/v2\/product\/26710","targetHints":{"allow":["GET"]}}],"collection":[{"href":"https:\/\/olemosaic.orbitalia.org\/fr\/wp-json\/wp\/v2\/product"}],"about":[{"href":"https:\/\/olemosaic.orbitalia.org\/fr\/wp-json\/wp\/v2\/types\/product"}],"wp:featuredmedia":[{"embeddable":true,"href":"https:\/\/olemosaic.orbitalia.org\/fr\/wp-json\/wp\/v2\/media\/6931"}],"wp:attachment":[{"href":"https:\/\/olemosaic.orbitalia.org\/fr\/wp-json\/wp\/v2\/media?parent=26710"}],"wp:term":[{"taxonomy":"product_brand","embeddable":true,"href":"https:\/\/olemosaic.orbitalia.org\/fr\/wp-json\/wp\/v2\/product_brand?post=26710"},{"taxonomy":"product_cat","embeddable":true,"href":"https:\/\/olemosaic.orbitalia.org\/fr\/wp-json\/wp\/v2\/product_cat?post=26710"},{"taxonomy":"product_tag","embeddable":true,"href":"https:\/\/olemosaic.orbitalia.org\/fr\/wp-json\/wp\/v2\/product_tag?post=26710"}],"curies":[{"name":"wp","href":"https:\/\/api.w.org\/{rel}","templated":true}]}}