{"id":26707,"date":"2025-02-20T22:28:39","date_gmt":"2025-02-20T22:28:39","guid":{"rendered":"https:\/\/olemosaic.orbitalia.org\/producto\/taza-de-ceramica-salamandra-barcelona-beige\/"},"modified":"2025-07-25T19:09:46","modified_gmt":"2025-07-25T17:09:46","slug":"mug-en-ceramique-salamandre-barcelone-beige","status":"publish","type":"product","link":"https:\/\/olemosaic.orbitalia.org\/fr\/produit\/mug-en-ceramique-salamandre-barcelone-beige\/","title":{"rendered":"Mug en c\u00e9ramique. Salamandre. Barcelone. Beige."},"content":{"rendered":"<p>Ce charmant mug en c\u00e9ramique, d\u00e9cor\u00e9 d&rsquo;une salamandre color\u00e9e, est un souvenir unique qui capture l&rsquo;essence vibrante de Barcelone. Avec un ton beige attrayant, le mug pr\u00e9sente \u00e0 l&rsquo;ext\u00e9rieur un design artistique comprenant une salamandre color\u00e9e, symbole embl\u00e9matique de la ville, entour\u00e9e de d\u00e9licats motifs floraux \u00e9voquant la cr\u00e9ativit\u00e9 et les couleurs de la culture catalane. Le texte \u00ab\u00a0Barcelona\u00a0\u00bb est affich\u00e9 dans un style frappant, soulignant sa connexion avec le riche h\u00e9ritage de la r\u00e9gion. Le mug dispose d&rsquo;une anse pratique facilitant son utilisation et est accompagn\u00e9 d&rsquo;une petite cuill\u00e8re assortie en diverses couleurs, ajoutant une touche ludique et vibrante \u00e0 sa pr\u00e9sentation. Id\u00e9al pour savourer vos boissons pr\u00e9f\u00e9r\u00e9es, ce mug n&rsquo;est pas seulement fonctionnel, il agit \u00e9galement comme un rappel de la beaut\u00e9 de Barcelone, en faisant un excellent souvenir pour ceux qui souhaitent ramener un petit morceau de la ville chez eux. Chez Ol\u00e9 Mosaic, nous proposons des produits authentiques et repr\u00e9sentatifs, et ce mug en c\u00e9ramique se pr\u00e9sente comme un choix id\u00e9al pour les boutiques de cadeaux touristiques, garantissant un attrait unique pour tout client int\u00e9ress\u00e9 par les souvenirs de Barcelone.<\/p>\n","protected":false},"excerpt":{"rendered":"<p>Mug en c\u00e9ramique d\u00e9cor\u00e9 d&rsquo;une salamandre color\u00e9e, symbole de Barcelone. Ce design \u00e9l\u00e9gant comprend des motifs floraux et le mot \u00ab\u00a0Barcelona\u00a0\u00bb \u00e9crit dans un style frappant. Le mug, d&rsquo;une couleur beige attrayante, poss\u00e8de une anse pratique et une petite cuill\u00e8re assortie en diff\u00e9rentes couleurs, ce qui lui donne une touche vibrante. Id\u00e9al pour savourer vos boissons pr\u00e9f\u00e9r\u00e9es tout en ramenant un petit morceau de la culture catalane chez vous.<\/p>\n","protected":false},"featured_media":6900,"template":"","meta":{"_acf_changed":false},"product_brand":[],"product_cat":[822],"product_tag":[530,585],"class_list":{"0":"post-26707","1":"product","2":"type-product","3":"status-publish","4":"has-post-thumbnail","6":"product_cat-mugs-fr","7":"product_tag-animaux","8":"product_tag-ceramique","9":"pa_ciudad-barcelona","10":"pa_motivo-salamandres","11":"pa_pais-espana","13":"first","14":"instock","15":"shipping-taxable","16":"product-type-simple"},"acf":[],"_links":{"self":[{"href":"https:\/\/olemosaic.orbitalia.org\/fr\/wp-json\/wp\/v2\/product\/26707","targetHints":{"allow":["GET"]}}],"collection":[{"href":"https:\/\/olemosaic.orbitalia.org\/fr\/wp-json\/wp\/v2\/product"}],"about":[{"href":"https:\/\/olemosaic.orbitalia.org\/fr\/wp-json\/wp\/v2\/types\/product"}],"wp:featuredmedia":[{"embeddable":true,"href":"https:\/\/olemosaic.orbitalia.org\/fr\/wp-json\/wp\/v2\/media\/6900"}],"wp:attachment":[{"href":"https:\/\/olemosaic.orbitalia.org\/fr\/wp-json\/wp\/v2\/media?parent=26707"}],"wp:term":[{"taxonomy":"product_brand","embeddable":true,"href":"https:\/\/olemosaic.orbitalia.org\/fr\/wp-json\/wp\/v2\/product_brand?post=26707"},{"taxonomy":"product_cat","embeddable":true,"href":"https:\/\/olemosaic.orbitalia.org\/fr\/wp-json\/wp\/v2\/product_cat?post=26707"},{"taxonomy":"product_tag","embeddable":true,"href":"https:\/\/olemosaic.orbitalia.org\/fr\/wp-json\/wp\/v2\/product_tag?post=26707"}],"curies":[{"name":"wp","href":"https:\/\/api.w.org\/{rel}","templated":true}]}}