{"id":26706,"date":"2025-02-20T23:28:38","date_gmt":"2025-02-20T22:28:38","guid":{"rendered":"https:\/\/olemosaic.orbitalia.org\/producto\/taza-de-ceramica-bailaora-beige-2\/"},"modified":"2025-07-25T18:48:33","modified_gmt":"2025-07-25T16:48:33","slug":"mug-en-ceramique-danseuse-flamenco-beige-2","status":"publish","type":"product","link":"https:\/\/olemosaic.orbitalia.org\/fr\/produit\/mug-en-ceramique-danseuse-flamenco-beige-2\/","title":{"rendered":"Mug en c\u00e9ramique. Danseuse de Flamenco. Beige."},"content":{"rendered":"<p>Ce charmant mug en c\u00e9ramique, d\u00e9cor\u00e9 de l&rsquo;image d&rsquo;une danseuse de flamenco (bailaora), est un magnifique exemple de l&rsquo;art et de la culture flamenco espagnole. Avec un design peint \u00e0 la main qui souligne son originalit\u00e9, le mug pr\u00e9sente un \u00e9l\u00e9gant fond beige, rehauss\u00e9 par des couleurs vives, dont des rouges intenses \u00e9voquant la passion du flamenco et des d\u00e9tails en vert apportant une touche fra\u00eeche et vibrante. La repr\u00e9sentation de la danseuse, v\u00eatue de sa robe caract\u00e9ristique orn\u00e9e de volants, capture l&rsquo;essence du folklore espagnol et le mouvement artistique de la danse flamenco, invitant tout amateur de culture \u00e0 appr\u00e9cier sa beaut\u00e9.<\/p>\n<p>Sur un c\u00f4t\u00e9 du mug, l&rsquo;inscription \u00ab\u00a0ESPA\u00d1A\u00a0\u00bb orne la partie sup\u00e9rieure, accompagn\u00e9e d&rsquo;un \u0153illet, une autre repr\u00e9sentation embl\u00e9matique du pays. La forme originale et stylis\u00e9e de ce mug n&rsquo;en fait pas seulement un objet fonctionnel, mais aussi un authentique souvenir qui encapsule la richesse culturelle de l&rsquo;Espagne. C&rsquo;est une option id\u00e9ale pour les touristes \u00e0 la recherche de souvenirs repr\u00e9sentatifs de leur visite. Chez Ol\u00e9 Mosaic, notre sp\u00e9cialit\u00e9 est d&rsquo;offrir des souvenirs authentiques en gros qui refl\u00e8tent l&rsquo;essence des traditions locales. Ce mug en c\u00e9ramique est un excellent produit pour les boutiques de cadeaux touristiques souhaitant offrir \u00e0 leurs clients un morceau authentique du folklore espagnol, soulignant la beaut\u00e9 et la passion du flamenco \u00e0 chaque gorg\u00e9e.<\/p>\n","protected":false},"excerpt":{"rendered":"<p>Mug en c\u00e9ramique d\u00e9cor\u00e9 de l&rsquo;image d&rsquo;une danseuse de flamenco, repr\u00e9sentant l&rsquo;essence du flamenco espagnol. Cet \u00e9l\u00e9gant mug beige pr\u00e9sente un design artisanal, peint \u00e0 la main, avec des couleurs vives comme le rouge et des d\u00e9tails en vert. Avec l&rsquo;inscription \u00ab\u00a0ESPA\u00d1A\u00a0\u00bb et un \u0153illet caract\u00e9ristique, sa forme originale et sa touche artistique en font un authentique souvenir qui capture la culture et le folklore de l&rsquo;Espagne, id\u00e9al pour les amateurs de tradition.<\/p>\n","protected":false},"featured_media":6909,"template":"","meta":{"_acf_changed":false},"product_brand":[],"product_cat":[822],"product_tag":[585],"class_list":{"0":"post-26706","1":"product","2":"type-product","3":"status-publish","4":"has-post-thumbnail","6":"product_cat-mugs-fr","7":"product_tag-ceramique","8":"pa_motivo-danseurs","10":"first","11":"instock","12":"shipping-taxable","13":"product-type-simple"},"acf":[],"_links":{"self":[{"href":"https:\/\/olemosaic.orbitalia.org\/fr\/wp-json\/wp\/v2\/product\/26706","targetHints":{"allow":["GET"]}}],"collection":[{"href":"https:\/\/olemosaic.orbitalia.org\/fr\/wp-json\/wp\/v2\/product"}],"about":[{"href":"https:\/\/olemosaic.orbitalia.org\/fr\/wp-json\/wp\/v2\/types\/product"}],"wp:featuredmedia":[{"embeddable":true,"href":"https:\/\/olemosaic.orbitalia.org\/fr\/wp-json\/wp\/v2\/media\/6909"}],"wp:attachment":[{"href":"https:\/\/olemosaic.orbitalia.org\/fr\/wp-json\/wp\/v2\/media?parent=26706"}],"wp:term":[{"taxonomy":"product_brand","embeddable":true,"href":"https:\/\/olemosaic.orbitalia.org\/fr\/wp-json\/wp\/v2\/product_brand?post=26706"},{"taxonomy":"product_cat","embeddable":true,"href":"https:\/\/olemosaic.orbitalia.org\/fr\/wp-json\/wp\/v2\/product_cat?post=26706"},{"taxonomy":"product_tag","embeddable":true,"href":"https:\/\/olemosaic.orbitalia.org\/fr\/wp-json\/wp\/v2\/product_tag?post=26706"}],"curies":[{"name":"wp","href":"https:\/\/api.w.org\/{rel}","templated":true}]}}