{"id":26698,"date":"2025-02-20T22:28:37","date_gmt":"2025-02-20T22:28:37","guid":{"rendered":"https:\/\/olemosaic.orbitalia.org\/producto\/cucharilla-de-metal-guitarra\/"},"modified":"2025-07-25T22:20:46","modified_gmt":"2025-07-25T20:20:46","slug":"cuillere-en-metal-guitare","status":"publish","type":"product","link":"https:\/\/olemosaic.orbitalia.org\/fr\/produit\/cuillere-en-metal-guitare\/","title":{"rendered":"Cuill\u00e8re en m\u00e9tal. Guitare."},"content":{"rendered":"<p>Cette cuill\u00e8re en m\u00e9tal, d\u00e9cor\u00e9e d&rsquo;une guitare et de fleurs, est un souvenir vibrant qui capture l&rsquo;essence du folklore espagnol. La pi\u00e8ce pr\u00e9sente un design color\u00e9 sur la partie sup\u00e9rieure, o\u00f9 une guitare stylis\u00e9e, orn\u00e9e de motifs en c\u00e9ramique, est entour\u00e9e d&rsquo;\u00e9l\u00e9ments floraux exub\u00e9rants. Ce d\u00e9tail \u00e9voque l&rsquo;\u00e9nergie et la joie de la musique espagnole, un pilier fondamental de la culture du pays. La guitare, symbole indissociable de la tradition musicale ib\u00e9rique, est repr\u00e9sent\u00e9e avec une finition brillante qui r\u00e9fl\u00e9chit la lumi\u00e8re, transformant cet objet en plus qu&rsquo;un simple ustensile fonctionnel : c&rsquo;est une petite \u0153uvre d&rsquo;art qui embellit n&rsquo;importe quelle cuisine.<\/p>\n<p>Id\u00e9ale comme souvenir, cette cuill\u00e8re est une repr\u00e9sentation parfaite du riche h\u00e9ritage musical et culturel de l&rsquo;Espagne, et devient un cadeau significatif pour les touristes souhaitant emporter un petit morceau du pays. Son usage pratique en fait un accessoire distinctif, id\u00e9al pour se rem\u00e9morer les m\u00e9lodies des rues espagnoles tout en d\u00e9gustant un caf\u00e9 ou un dessert.<\/p>\n<p>Chez Ol\u00e9 Mosaic, nous nous sp\u00e9cialisons dans la distribution de souvenirs en gros, offrant des produits qui allient authenticit\u00e9 et design, parfaits pour les boutiques de cadeaux touristiques. Cette cuill\u00e8re en m\u00e9tal avec guitare est une excellente option pour les grossistes cherchant \u00e0 int\u00e9grer un morceau de culture espagnole dans leur offre, assurant la satisfaction tant des commer\u00e7ants que des visiteurs enthousiastes.<\/p>\n","protected":false},"excerpt":{"rendered":"<p>Cuill\u00e8re en m\u00e9tal d\u00e9cor\u00e9e d&rsquo;une guitare et de fleurs, inspir\u00e9e du folklore espagnol. Cette pi\u00e8ce pr\u00e9sente un design vibrant et color\u00e9 sur la partie sup\u00e9rieure, o\u00f9 une guitare stylis\u00e9e est entour\u00e9e d&rsquo;\u00e9l\u00e9ments floraux, \u00e9voquant l&rsquo;essence de l&rsquo;art et de la musique d&rsquo;Espagne. Id\u00e9ale comme souvenir ou pour ajouter une touche culturelle \u00e0 n&rsquo;importe quelle cuisine, c&rsquo;est une repr\u00e9sentation parfaite de l&rsquo;h\u00e9ritage musical espagnol.<\/p>\n","protected":false},"featured_media":8682,"template":"","meta":{"_acf_changed":false},"product_brand":[],"product_cat":[802],"product_tag":[],"class_list":{"0":"post-26698","1":"product","2":"type-product","3":"status-publish","4":"has-post-thumbnail","6":"product_cat-cuilleres","7":"pa_motivo-guitares","9":"first","10":"instock","11":"shipping-taxable","12":"product-type-simple"},"acf":[],"_links":{"self":[{"href":"https:\/\/olemosaic.orbitalia.org\/fr\/wp-json\/wp\/v2\/product\/26698","targetHints":{"allow":["GET"]}}],"collection":[{"href":"https:\/\/olemosaic.orbitalia.org\/fr\/wp-json\/wp\/v2\/product"}],"about":[{"href":"https:\/\/olemosaic.orbitalia.org\/fr\/wp-json\/wp\/v2\/types\/product"}],"wp:featuredmedia":[{"embeddable":true,"href":"https:\/\/olemosaic.orbitalia.org\/fr\/wp-json\/wp\/v2\/media\/8682"}],"wp:attachment":[{"href":"https:\/\/olemosaic.orbitalia.org\/fr\/wp-json\/wp\/v2\/media?parent=26698"}],"wp:term":[{"taxonomy":"product_brand","embeddable":true,"href":"https:\/\/olemosaic.orbitalia.org\/fr\/wp-json\/wp\/v2\/product_brand?post=26698"},{"taxonomy":"product_cat","embeddable":true,"href":"https:\/\/olemosaic.orbitalia.org\/fr\/wp-json\/wp\/v2\/product_cat?post=26698"},{"taxonomy":"product_tag","embeddable":true,"href":"https:\/\/olemosaic.orbitalia.org\/fr\/wp-json\/wp\/v2\/product_tag?post=26698"}],"curies":[{"name":"wp","href":"https:\/\/api.w.org\/{rel}","templated":true}]}}