{"id":26697,"date":"2025-02-20T22:28:37","date_gmt":"2025-02-20T22:28:37","guid":{"rendered":"https:\/\/olemosaic.orbitalia.org\/producto\/cucharilla-de-metal-bailaora-rojo\/"},"modified":"2025-07-25T18:39:23","modified_gmt":"2025-07-25T16:39:23","slug":"petite-cuillere-en-metal-danseuse-de-flamenco-rouge","status":"publish","type":"product","link":"https:\/\/olemosaic.orbitalia.org\/fr\/produit\/petite-cuillere-en-metal-danseuse-de-flamenco-rouge\/","title":{"rendered":"Petite cuill\u00e8re en m\u00e9tal. Danseuse de flamenco. Rouge"},"content":{"rendered":"<p>Cette petite cuill\u00e8re en m\u00e9tal, d\u00e9cor\u00e9e d&rsquo;une figure de danseuse de flamenco, est un authentique souvenir qui capture l&rsquo;essence vibrante du folklore espagnol. Son design montre une danseuse avec une spectaculaire robe rouge \u00e0 pois blancs, symbole iconique du flamenco qui \u00e9voque la passion et l&rsquo;\u00e9nergie de cette danse typique d&rsquo;Andalousie. La figure est m\u00e9ticuleusement \u00e9labor\u00e9e, mettant en valeur chaque pli et d\u00e9tail de la robe, cr\u00e9ant une repr\u00e9sentation artistique qui exalte la tradition culturelle espagnole.<\/p>\n<p>Le manche de la cuill\u00e8re, en m\u00e9tal de haute qualit\u00e9, garantit durabilit\u00e9 et fonctionnalit\u00e9, faisant de cette pi\u00e8ce un ustensile de cuisine pratique. Cependant, sa beaut\u00e9 d\u00e9corative la rend id\u00e9ale comme cadeau sp\u00e9cial ou comme \u00e9l\u00e9ment distinctif dans n&rsquo;importe quel foyer. Ce souvenir d&rsquo;Espagne n&rsquo;est pas seulement un objet utile, mais aussi un rappel des racines culturelles andalouses, parfait pour ceux qui souhaitent emporter avec eux un petit morceau d&rsquo;Espagne.<\/p>\n<p>Chez Ol\u00e9 Mosaic, nous sommes fiers de proposer des souvenirs authentiques de la riche tradition espagnole. Notre cuill\u00e8re de danseuse est une option exceptionnelle pour les boutiques de cadeaux touristiques, car elle compl\u00e8te leur offre avec des produits int\u00e9grant l&rsquo;art et le folklore andalou. En tant que distributeurs de souvenirs en gros, nous garantissons la qualit\u00e9 et l&rsquo;authenticit\u00e9 de chaque article, faisant de ce souvenir un cadeau m\u00e9morable et significatif.<\/p>\n","protected":false},"excerpt":{"rendered":"<p>Petite cuill\u00e8re en m\u00e9tal d\u00e9cor\u00e9e d&rsquo;une figure de danseuse de flamenco, id\u00e9ale pour apporter une touche culturelle \u00e0 votre cuisine. Cette cuill\u00e8re pr\u00e9sente un design vibrant, avec la danseuse v\u00eatue de rouge \u00e0 pois blancs, \u00e9voquant la passion du flamenco. Parfaite comme souvenir d&rsquo;Espagne, cette pi\u00e8ce allie fonctionnalit\u00e9 et art, et constitue un cadeau id\u00e9al pour les amoureux du folklore andalou.<\/p>\n","protected":false},"featured_media":8686,"template":"","meta":{"_acf_changed":false},"product_brand":[],"product_cat":[802],"product_tag":[],"class_list":{"0":"post-26697","1":"product","2":"type-product","3":"status-publish","4":"has-post-thumbnail","6":"product_cat-cuilleres","7":"pa_motivo-danseurs","9":"first","10":"instock","11":"shipping-taxable","12":"product-type-simple"},"acf":[],"_links":{"self":[{"href":"https:\/\/olemosaic.orbitalia.org\/fr\/wp-json\/wp\/v2\/product\/26697","targetHints":{"allow":["GET"]}}],"collection":[{"href":"https:\/\/olemosaic.orbitalia.org\/fr\/wp-json\/wp\/v2\/product"}],"about":[{"href":"https:\/\/olemosaic.orbitalia.org\/fr\/wp-json\/wp\/v2\/types\/product"}],"wp:featuredmedia":[{"embeddable":true,"href":"https:\/\/olemosaic.orbitalia.org\/fr\/wp-json\/wp\/v2\/media\/8686"}],"wp:attachment":[{"href":"https:\/\/olemosaic.orbitalia.org\/fr\/wp-json\/wp\/v2\/media?parent=26697"}],"wp:term":[{"taxonomy":"product_brand","embeddable":true,"href":"https:\/\/olemosaic.orbitalia.org\/fr\/wp-json\/wp\/v2\/product_brand?post=26697"},{"taxonomy":"product_cat","embeddable":true,"href":"https:\/\/olemosaic.orbitalia.org\/fr\/wp-json\/wp\/v2\/product_cat?post=26697"},{"taxonomy":"product_tag","embeddable":true,"href":"https:\/\/olemosaic.orbitalia.org\/fr\/wp-json\/wp\/v2\/product_tag?post=26697"}],"curies":[{"name":"wp","href":"https:\/\/api.w.org\/{rel}","templated":true}]}}