{"id":26696,"date":"2025-02-20T22:28:37","date_gmt":"2025-02-20T22:28:37","guid":{"rendered":"https:\/\/olemosaic.orbitalia.org\/producto\/cucharilla-de-metal-bailaora\/"},"modified":"2025-07-25T18:50:16","modified_gmt":"2025-07-25T16:50:16","slug":"petite-cuillere-en-metal-danseuse-de-flamenco","status":"publish","type":"product","link":"https:\/\/olemosaic.orbitalia.org\/fr\/produit\/petite-cuillere-en-metal-danseuse-de-flamenco\/","title":{"rendered":"Petite cuill\u00e8re en m\u00e9tal. Danseuse de flamenco."},"content":{"rendered":"<p>Cette petite cuill\u00e8re m\u00e9tallique au design charmant d&rsquo;une danseuse de flamenco est un souvenir qui \u00e9voque la riche culture espagnole. La partie sup\u00e9rieure de la cuill\u00e8re est orn\u00e9e d&rsquo;une figure vibrante de danseuse, v\u00eatue d&rsquo;un spectaculaire costume en mosa\u00efque dans une explosion de couleurs : rouge, bleu, jaune et vert. Cette repr\u00e9sentation capture l&rsquo;essence festive et passionn\u00e9e du folklore espagnol, en particulier de l&rsquo;art embl\u00e9matique du flamenco, v\u00e9ritable symbole de l&rsquo;Andalousie.<\/p>\n<p>La danseuse, repr\u00e9sent\u00e9e dans une pose dynamique et \u00e9l\u00e9gante, met en valeur les d\u00e9tails artistiques de sa robe, qui pr\u00e9sente un design complexe rappelant les mosa\u00efques color\u00e9es qui ornent de nombreuses traditions artistiques d&rsquo;Espagne. Fabriqu\u00e9e en m\u00e9tal, cette cuill\u00e8re allie fonctionnalit\u00e9 et art, devenant non seulement un outil utile, mais aussi une pi\u00e8ce d&rsquo;exposition \u00e9l\u00e9gante. Ce souvenir est id\u00e9al tant pour les collectionneurs que pour ceux qui recherchent un cadeau significatif repr\u00e9sentant l&rsquo;authenticit\u00e9 de la culture espagnole. Chez Ol\u00e9 Mosaic, nous sommes distributeurs de souvenirs \u00e9labor\u00e9s avec un accent sur la qualit\u00e9 et le design, et cette cuill\u00e8re de danseuse de flamenco est une excellente option pour les boutiques de cadeaux touristiques souhaitant proposer des produits uniques et repr\u00e9sentatifs de la tradition espagnole.<\/p>\n","protected":false},"excerpt":{"rendered":"<p>Petite cuill\u00e8re en m\u00e9tal avec un design attrayant repr\u00e9sentant une danseuse de flamenco. La partie sup\u00e9rieure est orn\u00e9e d&rsquo;une figure color\u00e9e de danseuse, v\u00eatue d&rsquo;une robe en mosa\u00efque aux tons vibrants, tels que le rouge, le bleu, le jaune et le vert, capturant l&rsquo;essence festive du folklore espagnol. Id\u00e9ale pour les collectionneurs ou comme cadeau, cet article combine fonctionnalit\u00e9 et art dans une pi\u00e8ce d\u00e9corative extraordinaire.<\/p>\n","protected":false},"featured_media":8685,"template":"","meta":{"_acf_changed":false},"product_brand":[],"product_cat":[802],"product_tag":[],"class_list":{"0":"post-26696","1":"product","2":"type-product","3":"status-publish","4":"has-post-thumbnail","6":"product_cat-cuilleres","7":"pa_motivo-danseurs","9":"first","10":"instock","11":"shipping-taxable","12":"product-type-simple"},"acf":[],"_links":{"self":[{"href":"https:\/\/olemosaic.orbitalia.org\/fr\/wp-json\/wp\/v2\/product\/26696","targetHints":{"allow":["GET"]}}],"collection":[{"href":"https:\/\/olemosaic.orbitalia.org\/fr\/wp-json\/wp\/v2\/product"}],"about":[{"href":"https:\/\/olemosaic.orbitalia.org\/fr\/wp-json\/wp\/v2\/types\/product"}],"wp:featuredmedia":[{"embeddable":true,"href":"https:\/\/olemosaic.orbitalia.org\/fr\/wp-json\/wp\/v2\/media\/8685"}],"wp:attachment":[{"href":"https:\/\/olemosaic.orbitalia.org\/fr\/wp-json\/wp\/v2\/media?parent=26696"}],"wp:term":[{"taxonomy":"product_brand","embeddable":true,"href":"https:\/\/olemosaic.orbitalia.org\/fr\/wp-json\/wp\/v2\/product_brand?post=26696"},{"taxonomy":"product_cat","embeddable":true,"href":"https:\/\/olemosaic.orbitalia.org\/fr\/wp-json\/wp\/v2\/product_cat?post=26696"},{"taxonomy":"product_tag","embeddable":true,"href":"https:\/\/olemosaic.orbitalia.org\/fr\/wp-json\/wp\/v2\/product_tag?post=26696"}],"curies":[{"name":"wp","href":"https:\/\/api.w.org\/{rel}","templated":true}]}}